{"id":197398,"date":"2021-04-28T19:35:52","date_gmt":"2021-04-28T18:35:52","guid":{"rendered":"https:\/\/www.moskito.cz\/?post_type=product&#038;p=197398"},"modified":"2025-05-07T10:34:06","modified_gmt":"2025-05-07T09:34:06","slug":"pevny-nuz-extrema-ratio-silente","status":"publish","type":"product","link":"https:\/\/www.moskito.cz\/pl\/produkt\/pevny-nuz-extrema-ratio-silente\/","title":{"rendered":"Pevn\u00fd N\u016f\u017e Extrema Ratio SILENTE"},"content":{"rendered":"<p>Pevn\u00fd N\u016f\u017e <strong>Extrema Ratio<\/strong> SILENTE.<\/p>\n<p>SILENTE je od \u201eSICUT NOX SILENTES\u201c mottem zn\u00e1m\u00e9 N.O.C.S., Nucleo Operativo Centrale di Sicurezza (centr\u00e1ln\u00ed bezpe\u010dnostn\u00ed jednotka), speci\u00e1ln\u00ed jednotky protiteroristick\u00e9 st\u00e1tn\u00ed policie.<\/p>\n<p>SILENTE byl p\u0159edlo\u017een \u00fatvaru, org\u00e1n\u016fm, ministru vnitra a n\u00e1\u010deln\u00edkovi st\u00e1tn\u00ed policie b\u011bhem slavnostn\u00edho ceremoni\u00e1lu p\u0159i p\u0159\u00edle\u017eitosti N.O.C.S. 40. v\u00fdro\u010d\u00ed.<\/p>\n<p>SILENTE je jedine\u010dn\u00fd sv\u00e9ho druhu a pln\u00ed jedine\u010dn\u00e9 pot\u0159eby: rukoje\u0165 je vyrobena ze dvou \u010d\u00e1st\u00ed a funguje tak\u00e9 jako uchopen\u00ed svorky um\u00edst\u011bn\u00e9 na konci samotn\u00e9 rukojeti.<\/p>\n<p>Krom\u011b uchopen\u00ed v\u0161eho, co m\u00e1 p\u0159\u00edslu\u0161n\u00e9 rozm\u011bry, lze svorku pou\u017e\u00edt k \u0159ez\u00e1n\u00ed dr\u00e1t\u011bn\u00fdch plot\u016f, dr\u00e1t\u011bn\u00fdch dr\u00e1t\u016f, ocelov\u00fdch lan atd. A lze ji pou\u017e\u00edt jako rozbije\u010d skla d\u00edky vlo\u017ece z karbidu wolframu um\u00edst\u011bn\u00e9 na jej\u00edm konci .<\/p>\n<p>Pouzdro chr\u00e1n\u00ed \u0159eznou \u010d\u00e1st p\u0159i bezpe\u010dn\u00e9m pou\u017eit\u00ed svorky, ale m\u016f\u017ee tak\u00e9 uvolnit \u010depel pomoc\u00ed z\u00e1dr\u017en\u00e9ho syst\u00e9mu, kter\u00fd lze rychle a ti\u0161e aktivovat.<\/p>\n<p>M\u016f\u017ee b\u00fdt upevn\u011bn na stehn\u011b nebo na M.O.L.L.E. Syst\u00e9m. Je integrov\u00e1n do vybaven\u00ed oper\u00e1tora s vyu\u017eit\u00edm minim\u00e1ln\u00edho prostoru.<\/p>\n<p>TECHNICK\u00dd LIST<br \/>\nHmotnost g.:338<br \/>\nHmotnost oz.: 11,92<br \/>\nD\u00e9lka \u010depele (mm): 163<br \/>\nD\u00e9lka \u010depele (v palc\u00edch): 6,41<br \/>\nCelkov\u00e1 d\u00e9lka (mm): 309<br \/>\nCelkov\u00e1 d\u00e9lka (v): 12,16<br \/>\nTlou\u0161\u0165ka \u010depele (mm): 6.3<br \/>\nTlou\u0161\u0165ka \u010depele (v palc\u00edch): 2,48<br \/>\nMateri\u00e1l \u010depele: B\u00f6HLER N690 STEEL (58HRC)<br \/>\nDokon\u010den\u00ed \u010depele: VYH\u0158\u00cdV\u00c1N\u00cd MIL-C-13924<br \/>\nHlavn\u00ed m\u0159\u00ed\u017eka: FLAT<br \/>\nMateri\u00e1l rukojeti: FORPRENE<\/p>\n","protected":false},"excerpt":{"rendered":"<p>Spole\u010dnost\u00a0<strong>Extrema Ratio<\/strong>\u00a0se s\u00eddlem v italsk\u00e9m Pratu navrhuje a vyr\u00e1b\u00ed vysoce v\u00fdkonn\u00e9 bojov\u00e9, vojensk\u00e9, kuchy\u0148sk\u00e9, loveck\u00e9 a taktick\u00e9 no\u017ee od roku 1997 a m\u00e1 pov\u011bst vynikaj\u00edc\u00ed kvality, kter\u00e1 je v oboru vojensk\u00fdch a taktick\u00fdch no\u017e\u016f nep\u0159ekonateln\u00e1.\u00a0<strong>Doprava zdarma.<\/strong><\/p>\n","protected":false},"featured_media":219264,"comment_status":"open","ping_status":"closed","template":"","meta":[],"pwb-brand":[267],"product_brand":[],"product_cat":[23,17],"product_tag":[3667],"class_list":{"0":"post-197398","1":"product","2":"type-product","3":"status-publish","4":"has-post-thumbnail","6":"pwb-brand-extrema-ratio","7":"product_cat-pevne-noze","8":"product_cat-noze","9":"product_tag-b2b","11":"first","12":"instock","13":"taxable","14":"shipping-taxable","15":"purchasable","16":"product-type-simple"},"brands":[{"id":267,"name":"Extrema Ratio","slug":"extrema-ratio"}],"_links":{"self":[{"href":"https:\/\/www.moskito.cz\/pl\/wp-json\/wp\/v2\/product\/197398","targetHints":{"allow":["GET"]}}],"collection":[{"href":"https:\/\/www.moskito.cz\/pl\/wp-json\/wp\/v2\/product"}],"about":[{"href":"https:\/\/www.moskito.cz\/pl\/wp-json\/wp\/v2\/types\/product"}],"replies":[{"embeddable":true,"href":"https:\/\/www.moskito.cz\/pl\/wp-json\/wp\/v2\/comments?post=197398"}],"wp:featuredmedia":[{"embeddable":true,"href":"https:\/\/www.moskito.cz\/pl\/wp-json\/wp\/v2\/media\/219264"}],"wp:attachment":[{"href":"https:\/\/www.moskito.cz\/pl\/wp-json\/wp\/v2\/media?parent=197398"}],"wp:term":[{"taxonomy":"pwb-brand","embeddable":true,"href":"https:\/\/www.moskito.cz\/pl\/wp-json\/wp\/v2\/pwb-brand?post=197398"},{"taxonomy":"product_brand","embeddable":true,"href":"https:\/\/www.moskito.cz\/pl\/wp-json\/wp\/v2\/product_brand?post=197398"},{"taxonomy":"product_cat","embeddable":true,"href":"https:\/\/www.moskito.cz\/pl\/wp-json\/wp\/v2\/product_cat?post=197398"},{"taxonomy":"product_tag","embeddable":true,"href":"https:\/\/www.moskito.cz\/pl\/wp-json\/wp\/v2\/product_tag?post=197398"}],"curies":[{"name":"wp","href":"https:\/\/api.w.org\/{rel}","templated":true}]}}