{"id":197718,"date":"2021-05-05T20:45:47","date_gmt":"2021-05-05T19:45:47","guid":{"rendered":"https:\/\/www.moskito.cz\/?post_type=product&#038;p=197718"},"modified":"2026-01-06T13:46:34","modified_gmt":"2026-01-06T12:46:34","slug":"pevny-nuz-extrema-ratio-primo-corso-special-edition","status":"publish","type":"product","link":"https:\/\/www.moskito.cz\/pl\/produkt\/pevny-nuz-extrema-ratio-primo-corso-special-edition\/","title":{"rendered":"Pevn\u00fd N\u016f\u017e Extrema Ratio PRIMO CORSO SPECIAL EDITION 04.1000.0088\/SAT-SE"},"content":{"rendered":"<p data-start=\"0\" data-end=\"73\"><strong data-start=\"0\" data-end=\"71\">Historie, tradice a precizn\u00ed \u0159emesln\u00e9 zpracov\u00e1n\u00ed v modern\u00edm pojet\u00ed.<\/strong><\/p>\n<p data-start=\"75\" data-end=\"636\">Extrema Ratio <strong data-start=\"89\" data-end=\"120\">PRIMO CORSO Special Edition<\/strong> je pevn\u00fd n\u016f\u017e, kter\u00fd <strong data-start=\"141\" data-end=\"240\">o\u017eivuje legend\u00e1rn\u00ed design legend\u00e1rn\u00edho no\u017ee ud\u011blovan\u00e9ho p\u0159\u00edslu\u0161n\u00edk\u016fm Gruppo Operativo Incursori<\/strong> po absolvov\u00e1n\u00ed jejich prvn\u00edho kurzu. Tento model je v\u011brnou replikou historick\u00e9ho no\u017ee, ale z\u00e1rove\u0148 vyu\u017e\u00edv\u00e1 <strong data-start=\"348\" data-end=\"391\">modern\u00ed materi\u00e1ly a precizn\u00ed zpracov\u00e1n\u00ed<\/strong>, aby poskytl spolehlivost, trvanlivost a vysokou funk\u010dnost. Satinovan\u00e1 \u010depel z nerezov\u00e9 oceli se projevuje plynul\u00fdm a \u010dist\u00fdm \u0159ezem, zat\u00edmco ergonomick\u00e1 rukoje\u0165 z kvalitn\u00ed k\u016f\u017ee zaji\u0161\u0165uje jist\u00fd \u00fachop a pohodlnou manipulaci i p\u0159i del\u0161\u00edm pou\u017e\u00edv\u00e1n\u00ed.<\/p>\n<hr data-start=\"638\" data-end=\"641\" \/>\n<h2 data-start=\"643\" data-end=\"667\">Charakter a filozofie<\/h2>\n<p data-start=\"669\" data-end=\"881\">PRIMO CORSO Special Edition je n\u00e1stroj, kter\u00fd <strong data-start=\"715\" data-end=\"767\">spojuje historickou hodnotu s modern\u00ed funk\u010dnost\u00ed<\/strong>.<br data-start=\"768\" data-end=\"771\" \/>Je vhodn\u00fd pro sb\u011bratele, outdoorov\u00e9 nad\u0161ence i ty, kte\u0159\u00ed ocen\u00ed <strong data-start=\"834\" data-end=\"878\">pevn\u00fd a precizn\u00ed n\u00e1stroj s du\u0161\u00ed historie<\/strong>.<\/p>\n<p data-start=\"883\" data-end=\"982\">N\u016f\u017e nen\u00ed pouze dekorativn\u00ed; je to <strong data-start=\"917\" data-end=\"951\">praktick\u00fd a spolehliv\u00fd n\u00e1stroj<\/strong>, p\u0159ipraven\u00fd na re\u00e1ln\u00e9 pou\u017eit\u00ed.<\/p>\n<hr data-start=\"984\" data-end=\"987\" \/>\n<h2 data-start=\"989\" data-end=\"1004\">\ud83c\udfed O v\u00fdrobci<\/h2>\n<p data-start=\"1006\" data-end=\"1239\"><strong data-start=\"1006\" data-end=\"1023\">Extrema Ratio<\/strong> je italsk\u00e1 zna\u010dka s reputac\u00ed v\u00fdroby profesion\u00e1ln\u00edch pevn\u00fdch no\u017e\u016f.<br data-start=\"1089\" data-end=\"1092\" \/>Od roku 1997 vyr\u00e1b\u00ed n\u00e1stroje pro arm\u00e1du, jednotky speci\u00e1ln\u00edch sil i n\u00e1ro\u010dn\u00e9 civiln\u00ed u\u017eivatele, s d\u016frazem na kvalitu, funk\u010dnost a dlouhou \u017eivotnost.<\/p>\n<hr data-start=\"1241\" data-end=\"1244\" \/>\n<h2 data-start=\"1246\" data-end=\"1273\">\u2699\ufe0f Technick\u00e9 specifikace<\/h2>\n<div class=\"TyagGW_tableContainer\">\n<div class=\"group TyagGW_tableWrapper flex w-fit flex-col-reverse\" tabindex=\"-1\">\n<table class=\"w-fit min-w-(--thread-content-width)\" data-start=\"1275\" data-end=\"1678\">\n<thead data-start=\"1275\" data-end=\"1297\">\n<tr data-start=\"1275\" data-end=\"1297\">\n<th data-start=\"1275\" data-end=\"1286\" data-col-size=\"sm\">Parametr<\/th>\n<th data-start=\"1286\" data-end=\"1297\" data-col-size=\"sm\">Hodnota<\/th>\n<\/tr>\n<\/thead>\n<tbody data-start=\"1321\" data-end=\"1678\">\n<tr data-start=\"1321\" data-end=\"1352\">\n<td data-start=\"1321\" data-end=\"1337\" data-col-size=\"sm\">Celkov\u00e1 d\u00e9lka<\/td>\n<td data-col-size=\"sm\" data-start=\"1337\" data-end=\"1352\">cca 29,1 cm<\/td>\n<\/tr>\n<tr data-start=\"1353\" data-end=\"1383\">\n<td data-start=\"1353\" data-end=\"1368\" data-col-size=\"sm\">D\u00e9lka \u010depele<\/td>\n<td data-col-size=\"sm\" data-start=\"1368\" data-end=\"1383\">cca 17,6 cm<\/td>\n<\/tr>\n<tr data-start=\"1384\" data-end=\"1414\">\n<td data-start=\"1384\" data-end=\"1402\" data-col-size=\"sm\">Tlou\u0161\u0165ka \u010depele<\/td>\n<td data-col-size=\"sm\" data-start=\"1402\" data-end=\"1414\">cca 5 mm<\/td>\n<\/tr>\n<tr data-start=\"1415\" data-end=\"1474\">\n<td data-start=\"1415\" data-end=\"1433\" data-col-size=\"sm\">Materi\u00e1l \u010depele<\/td>\n<td data-col-size=\"sm\" data-start=\"1433\" data-end=\"1474\">B\u00f6hler N690Co \u2013 nerezov\u00e1 ocel, 58 HRC<\/td>\n<\/tr>\n<tr data-start=\"1475\" data-end=\"1500\">\n<td data-start=\"1475\" data-end=\"1491\" data-col-size=\"sm\">Povrch \u010depele<\/td>\n<td data-col-size=\"sm\" data-start=\"1491\" data-end=\"1500\">Satin<\/td>\n<\/tr>\n<tr data-start=\"1501\" data-end=\"1529\">\n<td data-start=\"1501\" data-end=\"1515\" data-col-size=\"sm\">Tvar \u010depele<\/td>\n<td data-col-size=\"sm\" data-start=\"1515\" data-end=\"1529\">Clip Point<\/td>\n<\/tr>\n<tr data-start=\"1530\" data-end=\"1567\">\n<td data-start=\"1530\" data-end=\"1540\" data-col-size=\"sm\">Rukoje\u0165<\/td>\n<td data-col-size=\"sm\" data-start=\"1540\" data-end=\"1567\">K\u016f\u017ee s kovov\u00fdmi dopl\u0148ky<\/td>\n<\/tr>\n<tr data-start=\"1568\" data-end=\"1606\">\n<td data-start=\"1568\" data-end=\"1578\" data-col-size=\"sm\">Pouzdro<\/td>\n<td data-col-size=\"sm\" data-start=\"1578\" data-end=\"1606\">Ko\u017een\u00e9 pouzdro na opasek<\/td>\n<\/tr>\n<tr data-start=\"1607\" data-end=\"1631\">\n<td data-start=\"1607\" data-end=\"1618\" data-col-size=\"sm\">Hmotnost<\/td>\n<td data-col-size=\"sm\" data-start=\"1618\" data-end=\"1631\">cca 284 g<\/td>\n<\/tr>\n<tr data-start=\"1632\" data-end=\"1658\">\n<td data-start=\"1632\" data-end=\"1645\" data-col-size=\"sm\">Konstrukce<\/td>\n<td data-col-size=\"sm\" data-start=\"1645\" data-end=\"1658\">Full Tang<\/td>\n<\/tr>\n<tr data-start=\"1659\" data-end=\"1678\">\n<td data-start=\"1659\" data-end=\"1668\" data-col-size=\"sm\">V\u00fdroba<\/td>\n<td data-col-size=\"sm\" data-start=\"1668\" data-end=\"1678\">It\u00e1lie<\/td>\n<\/tr>\n<\/tbody>\n<\/table>\n<\/div>\n<\/div>\n<hr data-start=\"1680\" data-end=\"1683\" \/>\n<h2 data-start=\"1685\" data-end=\"1703\">\u2705 Hlavn\u00ed v\u00fdhody<\/h2>\n<ul data-start=\"1705\" data-end=\"2087\">\n<li data-start=\"1705\" data-end=\"1769\">\n<p data-start=\"1707\" data-end=\"1769\">V\u011brn\u00e1 <strong data-start=\"1713\" data-end=\"1745\">replika historick\u00e9ho designu<\/strong> s modern\u00edmi materi\u00e1ly<\/p>\n<\/li>\n<li data-start=\"1770\" data-end=\"1839\">\n<p data-start=\"1772\" data-end=\"1839\">\u010cepel z <strong data-start=\"1780\" data-end=\"1797\">B\u00f6hler N690Co<\/strong> \u2013 v\u00fdborn\u00e1 odolnost a udr\u017eitelnost ost\u0159\u00ed<\/p>\n<\/li>\n<li data-start=\"1840\" data-end=\"1892\">\n<p data-start=\"1842\" data-end=\"1892\">Satinovan\u00e1 \u010depel \u2013 elegantn\u00ed vzhled a hladk\u00fd \u0159ez<\/p>\n<\/li>\n<li data-start=\"1893\" data-end=\"1966\">\n<p data-start=\"1895\" data-end=\"1966\">Ergonomick\u00e1 <strong data-start=\"1907\" data-end=\"1925\">ko\u017een\u00e1 rukoje\u0165<\/strong> \u2013 jist\u00fd \u00fachop a precizn\u00ed ovladatelnost<\/p>\n<\/li>\n<li data-start=\"1967\" data-end=\"2022\">\n<p data-start=\"1969\" data-end=\"2022\"><strong data-start=\"1969\" data-end=\"1987\">Ko\u017een\u00e9 pouzdro<\/strong> \u2013 stylov\u00e9 a praktick\u00e9 pro no\u0161en\u00ed<\/p>\n<\/li>\n<li data-start=\"2023\" data-end=\"2087\">\n<p data-start=\"2025\" data-end=\"2087\">Robustn\u00ed, st\u0159edn\u00ed hmotnost \u2013 pevn\u00fd n\u00e1stroj bez nadbyte\u010dn\u00e9 v\u00e1hy<\/p>\n<\/li>\n<\/ul>\n<hr data-start=\"2089\" data-end=\"2092\" \/>\n<h2 data-start=\"2094\" data-end=\"2113\">\u26a0\ufe0f Mo\u017en\u00e1 omezen\u00ed<\/h2>\n<ul data-start=\"2115\" data-end=\"2328\">\n<li data-start=\"2115\" data-end=\"2216\">\n<p data-start=\"2117\" data-end=\"2216\">Design inspirovan\u00fd historick\u00fdm modelem nemus\u00ed vyhovovat fanou\u0161k\u016fm \u010dist\u011b modern\u00edch taktick\u00fdch no\u017e\u016f<\/p>\n<\/li>\n<li data-start=\"2217\" data-end=\"2286\">\n<p data-start=\"2219\" data-end=\"2286\">Ko\u017een\u00e1 rukoje\u0165 vy\u017eaduje p\u00e9\u010di, aby si zachovala vzhled i funk\u010dnost<\/p>\n<\/li>\n<li data-start=\"2287\" data-end=\"2328\">\n<p data-start=\"2289\" data-end=\"2328\">Nen\u00ed ultra\u2011lehk\u00fd pro minimalistick\u00e9 EDC<\/p>\n<\/li>\n<\/ul>\n<hr data-start=\"2330\" data-end=\"2333\" \/>\n<h2 data-start=\"2335\" data-end=\"2355\">\ud83d\udee0\ufe0f \u00dadr\u017eba a p\u00e9\u010de<\/h2>\n<ul data-start=\"2357\" data-end=\"2573\">\n<li data-start=\"2357\" data-end=\"2399\">\n<p data-start=\"2359\" data-end=\"2399\">Po ka\u017ed\u00e9m pou\u017eit\u00ed \u010depel o\u010disti a osu\u0161\u00ed<\/p>\n<\/li>\n<li data-start=\"2400\" data-end=\"2458\">\n<p data-start=\"2402\" data-end=\"2458\">Rukoje\u0165 z k\u016f\u017ee ob\u010das o\u0161et\u0159i vhodn\u00fdm p\u0159\u00edpravkem na k\u016f\u017ei<\/p>\n<\/li>\n<li data-start=\"2459\" data-end=\"2515\">\n<p data-start=\"2461\" data-end=\"2515\">Ko\u017een\u00e9 pouzdro udr\u017euj such\u00e9 a chr\u00e1n\u011bn\u00e9 p\u0159ed vlhkost\u00ed<\/p>\n<\/li>\n<li data-start=\"2516\" data-end=\"2573\">\n<p data-start=\"2518\" data-end=\"2573\">Skladuj v such\u00e9m prost\u0159ed\u00ed mimo p\u0159\u00edm\u00e9 slune\u010dn\u00ed sv\u011btlo<\/p>\n<\/li>\n<\/ul>\n<hr data-start=\"2575\" data-end=\"2578\" \/>\n<h2 data-start=\"2580\" data-end=\"2616\">\ud83d\udd2a Pro udr\u017een\u00ed ost\u0159\u00ed doporu\u010dujeme<\/h2>\n<p data-start=\"2618\" data-end=\"2673\">Pro zachov\u00e1n\u00ed maxim\u00e1ln\u00ed ostrosti \u010depele doporu\u010dujeme:<\/p>\n<p data-start=\"2675\" data-end=\"2776\"><strong data-start=\"2675\" data-end=\"2741\">Spyderco Tri-Angle Sharpmaker Complete Sharpening System 204MF<\/strong> \u2013<br data-start=\"2743\" data-end=\"2746\" \/>ide\u00e1ln\u00ed pro ocel N690, nab\u00edz\u00ed:<\/p>\n<ul data-start=\"2778\" data-end=\"2917\">\n<li data-start=\"2778\" data-end=\"2817\">\n<p data-start=\"2780\" data-end=\"2817\">p\u0159esn\u00e9 a konzistentn\u00ed \u00fahly brou\u0161en\u00ed<\/p>\n<\/li>\n<li data-start=\"2818\" data-end=\"2867\">\n<p data-start=\"2820\" data-end=\"2867\">\u0161etrnou \u00fadr\u017ebu bez nadm\u011brn\u00e9ho \u00fab\u011bru materi\u00e1lu<\/p>\n<\/li>\n<li data-start=\"2868\" data-end=\"2917\">\n<p data-start=\"2870\" data-end=\"2917\">bezpe\u010dn\u00e9 pou\u017eit\u00ed i bez p\u0159edchoz\u00edch zku\u0161enost\u00ed<\/p>\n<\/li>\n<\/ul>\n<p data-start=\"2919\" data-end=\"2962\">\ud83d\uded2 Koup\u00edte na na\u0161ich str\u00e1nk\u00e1ch <strong data-start=\"2950\" data-end=\"2961\">Moskito<\/strong>.<\/p>\n<hr data-start=\"2964\" data-end=\"2967\" \/>\n<h2 data-start=\"2969\" data-end=\"2989\">\ud83c\udfaf Doporu\u010deno pro<\/h2>\n<ul data-start=\"2991\" data-end=\"3238\">\n<li data-start=\"2991\" data-end=\"3033\">\n<p data-start=\"2993\" data-end=\"3033\">Sb\u011bratele a nad\u0161ence historick\u00fdch no\u017e\u016f<\/p>\n<\/li>\n<li data-start=\"3034\" data-end=\"3066\">\n<p data-start=\"3036\" data-end=\"3066\">Outdoorov\u00e9 a ter\u00e9nn\u00ed pou\u017eit\u00ed<\/p>\n<\/li>\n<li data-start=\"3067\" data-end=\"3123\">\n<p data-start=\"3069\" data-end=\"3123\">Ty, kte\u0159\u00ed ocen\u00ed spojen\u00ed tradice s modern\u00ed funk\u010dnost\u00ed<\/p>\n<\/li>\n<li data-start=\"3124\" data-end=\"3181\">\n<p data-start=\"3126\" data-end=\"3181\">U\u017eivatel\u00e9, kte\u0159\u00ed cht\u011bj\u00ed kvalitn\u00ed pevn\u00fd n\u016f\u017e s histori\u00ed<\/p>\n<\/li>\n<li data-start=\"3182\" data-end=\"3238\">\n<p data-start=\"3184\" data-end=\"3238\">Milovn\u00edky profesion\u00e1ln\u00edch no\u017e\u016f s tradi\u010dn\u00edm charakterem<\/p>\n<\/li>\n<\/ul>\n<hr data-start=\"3240\" data-end=\"3243\" \/>\n<h2 data-start=\"3245\" data-end=\"3269\">\u2b50 Z\u00e1v\u011bre\u010dn\u00e9 hodnocen\u00ed<\/h2>\n<p data-start=\"3271\" data-end=\"3565\"><strong data-start=\"3271\" data-end=\"3316\">Extrema Ratio PRIMO CORSO Special Edition<\/strong> je <strong data-start=\"3320\" data-end=\"3402\">v\u00edce ne\u017e n\u016f\u017e \u2013 je to spojen\u00ed historie, precizn\u00edho \u0159emesla a modern\u00ed funk\u010dnosti<\/strong>.<br data-start=\"3403\" data-end=\"3406\" \/>Nab\u00edz\u00ed <strong data-start=\"3413\" data-end=\"3461\">spolehlivost, p\u0159esnost a elegantn\u00ed proveden\u00ed<\/strong>, tak\u017ee je ide\u00e1ln\u00ed pro sb\u011bratele, nad\u0161ence a ka\u017ed\u00e9ho, kdo ocen\u00ed pevn\u00fd, historicky inspirovan\u00fd n\u00e1stroj.<\/p>\n<p data-start=\"3567\" data-end=\"3657\" data-is-last-node=\"\" data-is-only-node=\"\">PRIMO CORSO Special Edition \u2013 <strong data-start=\"3597\" data-end=\"3656\">tradi\u010dn\u00ed design s v\u00fdkonem, na kter\u00fd se m\u016f\u017ee\u0161 spolehnout<\/strong>.<\/p>\n<p>&nbsp;<\/p>\n","protected":false},"excerpt":{"rendered":"<p data-start=\"3271\" data-end=\"3565\"><strong>Extrema Ratio PRIMO CORSO Special Edition je v\u00edce ne\u017e n\u016f\u017e \u2013 je to spojen\u00ed historie, precizn\u00edho \u0159emesla a modern\u00ed funk\u010dnosti.<\/strong><br data-start=\"3403\" data-end=\"3406\" \/><strong>Nab\u00edz\u00ed spolehlivost, p\u0159esnost a elegantn\u00ed proveden\u00ed, tak\u017ee je ide\u00e1ln\u00ed pro sb\u011bratele, nad\u0161ence a ka\u017ed\u00e9ho, kdo ocen\u00ed pevn\u00fd, historicky inspirovan\u00fd n\u00e1stroj.<\/strong><\/p>\n<p data-start=\"3567\" data-end=\"3657\" data-is-last-node=\"\" data-is-only-node=\"\"><strong>PRIMO CORSO Special Edition \u2013 tradi\u010dn\u00ed design s v\u00fdkonem, na kter\u00fd se m\u016f\u017ee\u0161 spolehnout.<\/strong><\/p>\n<p><strong> Doprava zdarma.<\/strong><\/p>\n","protected":false},"featured_media":197722,"comment_status":"open","ping_status":"closed","template":"","meta":[],"pwb-brand":[267],"product_brand":[],"product_cat":[23,17],"product_tag":[3667],"class_list":{"0":"post-197718","1":"product","2":"type-product","3":"status-publish","4":"has-post-thumbnail","6":"pwb-brand-extrema-ratio","7":"product_cat-pevne-noze","8":"product_cat-noze","9":"product_tag-b2b","11":"first","12":"instock","13":"taxable","14":"shipping-taxable","15":"purchasable","16":"product-type-simple"},"brands":[{"id":267,"name":"Extrema Ratio","slug":"extrema-ratio"}],"_links":{"self":[{"href":"https:\/\/www.moskito.cz\/pl\/wp-json\/wp\/v2\/product\/197718","targetHints":{"allow":["GET"]}}],"collection":[{"href":"https:\/\/www.moskito.cz\/pl\/wp-json\/wp\/v2\/product"}],"about":[{"href":"https:\/\/www.moskito.cz\/pl\/wp-json\/wp\/v2\/types\/product"}],"replies":[{"embeddable":true,"href":"https:\/\/www.moskito.cz\/pl\/wp-json\/wp\/v2\/comments?post=197718"}],"wp:featuredmedia":[{"embeddable":true,"href":"https:\/\/www.moskito.cz\/pl\/wp-json\/wp\/v2\/media\/197722"}],"wp:attachment":[{"href":"https:\/\/www.moskito.cz\/pl\/wp-json\/wp\/v2\/media?parent=197718"}],"wp:term":[{"taxonomy":"pwb-brand","embeddable":true,"href":"https:\/\/www.moskito.cz\/pl\/wp-json\/wp\/v2\/pwb-brand?post=197718"},{"taxonomy":"product_brand","embeddable":true,"href":"https:\/\/www.moskito.cz\/pl\/wp-json\/wp\/v2\/product_brand?post=197718"},{"taxonomy":"product_cat","embeddable":true,"href":"https:\/\/www.moskito.cz\/pl\/wp-json\/wp\/v2\/product_cat?post=197718"},{"taxonomy":"product_tag","embeddable":true,"href":"https:\/\/www.moskito.cz\/pl\/wp-json\/wp\/v2\/product_tag?post=197718"}],"curies":[{"name":"wp","href":"https:\/\/api.w.org\/{rel}","templated":true}]}}