{"id":197839,"date":"2021-05-06T20:52:44","date_gmt":"2021-05-06T19:52:44","guid":{"rendered":"https:\/\/www.moskito.cz\/?post_type=product&#038;p=197839"},"modified":"2025-05-07T10:34:22","modified_gmt":"2025-05-07T09:34:22","slug":"pevny-nuz-extrema-ratio-requiem-hcs","status":"publish","type":"product","link":"https:\/\/www.moskito.cz\/pl\/produkt\/pevny-nuz-extrema-ratio-requiem-hcs\/","title":{"rendered":"Pevn\u00fd N\u016f\u017e Extrema Ratio REQUIEM HCS"},"content":{"rendered":"<p>Pevn\u00fd N\u016f\u017e <strong>Extrema Ratio<\/strong> REQUIEM HCS.<\/p>\n<p>V\u00edce\u00fa\u010delov\u00fd taktick\u00fd n\u016f\u017e velmi lehk\u00fd a snadno ovladateln\u00fd. Toto jednohrann\u00e9 jehlov\u00e9 jehlice s jednoduch\u00fdm chr\u00e1ni\u010dem se dod\u00e1v\u00e1 se speci\u00e1ln\u00edm nylonov\u00fdm pouzdrem Aspis, kter\u00e9 bylo speci\u00e1ln\u011b studov\u00e1no spole\u010dnost\u00ed Extrema Ratio, aby umo\u017enilo rychl\u00e9 uvoln\u011bn\u00ed \u010depele a jej\u00ed upevn\u011bn\u00ed uvnit\u0159 M.O.L.L.E. syst\u00e9m d\u00edky dv\u011bma v\u00edcepolohov\u00fdm svork\u00e1m.<br \/>\nK dispozici v barv\u00e1ch Black, Desert, HCS, Ranger Green a Wolf Grey.<\/p>\n<p>TECHNICK\u00dd LIST<br \/>\nHmotnost g.86<br \/>\nHmotnost oz.:3,03<br \/>\nD\u00e9lka \u010depele (mm): 118<br \/>\nD\u00e9lka \u010depele (v palc\u00edch): 4,64<br \/>\nCelkov\u00e1 d\u00e9lka (mm): 238<br \/>\nCelkov\u00e1 d\u00e9lka (v palc\u00edch): 9,37<br \/>\nTlou\u0161\u0165ka \u010depele (mm): 4<br \/>\nTlou\u0161\u0165ka \u010depele (v palc\u00edch): 0,15<br \/>\nMateri\u00e1l \u010depele: B\u00f6HLER STEEL N690 (58HRC)<br \/>\nPovrchov\u00e1 \u00faprava \u010depele: KAMENE OBSA\u017dENO<br \/>\nHlavn\u00ed m\u0159\u00ed\u017eka: FLAT<\/p>\n<p><iframe title=\"Tactical Knife | Extrema Ratio Aspis sheath removing\" width=\"800\" height=\"600\" src=\"https:\/\/www.youtube.com\/embed\/LpChhhuTeAI?feature=oembed\" frameborder=\"0\" allow=\"accelerometer; autoplay; clipboard-write; encrypted-media; gyroscope; picture-in-picture\" allowfullscreen><\/iframe><\/p>\n<p>&nbsp;<\/p>\n","protected":false},"excerpt":{"rendered":"<p>Spole\u010dnost\u00a0<strong>Extrema Ratio<\/strong>\u00a0se s\u00eddlem v italsk\u00e9m Pratu navrhuje a vyr\u00e1b\u00ed vysoce v\u00fdkonn\u00e9 bojov\u00e9, vojensk\u00e9, kuchy\u0148sk\u00e9, loveck\u00e9 a taktick\u00e9 no\u017ee od roku 1997 a m\u00e1 pov\u011bst vynikaj\u00edc\u00ed kvality, kter\u00e1 je v oboru vojensk\u00fdch a taktick\u00fdch no\u017e\u016f nep\u0159ekonateln\u00e1.\u00a0<strong>Doprava zdarma.<\/strong><\/p>\n","protected":false},"featured_media":225532,"comment_status":"open","ping_status":"closed","template":"","meta":[],"pwb-brand":[267],"product_brand":[],"product_cat":[23,17],"product_tag":[3667],"class_list":{"0":"post-197839","1":"product","2":"type-product","3":"status-publish","4":"has-post-thumbnail","6":"pwb-brand-extrema-ratio","7":"product_cat-pevne-noze","8":"product_cat-noze","9":"product_tag-b2b","11":"first","12":"instock","13":"taxable","14":"shipping-taxable","15":"purchasable","16":"product-type-simple"},"brands":[{"id":267,"name":"Extrema Ratio","slug":"extrema-ratio"}],"_links":{"self":[{"href":"https:\/\/www.moskito.cz\/pl\/wp-json\/wp\/v2\/product\/197839","targetHints":{"allow":["GET"]}}],"collection":[{"href":"https:\/\/www.moskito.cz\/pl\/wp-json\/wp\/v2\/product"}],"about":[{"href":"https:\/\/www.moskito.cz\/pl\/wp-json\/wp\/v2\/types\/product"}],"replies":[{"embeddable":true,"href":"https:\/\/www.moskito.cz\/pl\/wp-json\/wp\/v2\/comments?post=197839"}],"wp:featuredmedia":[{"embeddable":true,"href":"https:\/\/www.moskito.cz\/pl\/wp-json\/wp\/v2\/media\/225532"}],"wp:attachment":[{"href":"https:\/\/www.moskito.cz\/pl\/wp-json\/wp\/v2\/media?parent=197839"}],"wp:term":[{"taxonomy":"pwb-brand","embeddable":true,"href":"https:\/\/www.moskito.cz\/pl\/wp-json\/wp\/v2\/pwb-brand?post=197839"},{"taxonomy":"product_brand","embeddable":true,"href":"https:\/\/www.moskito.cz\/pl\/wp-json\/wp\/v2\/product_brand?post=197839"},{"taxonomy":"product_cat","embeddable":true,"href":"https:\/\/www.moskito.cz\/pl\/wp-json\/wp\/v2\/product_cat?post=197839"},{"taxonomy":"product_tag","embeddable":true,"href":"https:\/\/www.moskito.cz\/pl\/wp-json\/wp\/v2\/product_tag?post=197839"}],"curies":[{"name":"wp","href":"https:\/\/api.w.org\/{rel}","templated":true}]}}