{"id":197931,"date":"2021-05-07T21:04:35","date_gmt":"2021-05-07T20:04:35","guid":{"rendered":"https:\/\/www.moskito.cz\/?post_type=product&#038;p=197931"},"modified":"2025-08-16T18:41:37","modified_gmt":"2025-08-16T17:41:37","slug":"pevny-nuz-extrema-ratio-contact-c-ranger-green","status":"publish","type":"product","link":"https:\/\/www.moskito.cz\/pl\/produkt\/pevny-nuz-extrema-ratio-contact-c-ranger-green\/","title":{"rendered":"Pevn\u00fd N\u016f\u017e Extrema Ratio CONTACT C RANGER GREEN"},"content":{"rendered":"<p>Pevn\u00fd N\u016f\u017e <strong>Extrema Ratio<\/strong> CONTACT C RANGER GREEN.<\/p>\n<p>Kompaktn\u00ed verze CONTACT, CONTACT C m\u00e1 \u010depel z ocelov\u00e9ho hrotu B\u00f6hler N690, kalenou na 58 HRC s jednoplo\u0161n\u00fdm p\u0159edpa\u017eb\u00edm a plnou d\u00e9lkou pro lehkost. Forprenov\u00e1 rukoje\u0165 je p\u0159ipevn\u011bna z\u00e1vitov\u00fdm t\u0159menem, d\u00edky kter\u00e9mu je n\u016f\u017e robustn\u00ed a dob\u0159e vyv\u00e1\u017een\u00fd. Vst\u0159ikovan\u00fd, n\u00e1razuvzdorn\u00fd nylon, M.O.L.L.E. kompatibiln\u00ed pochva m\u00e1 tlumic\u00ed syst\u00e9m, aby se zabr\u00e1nilo chrast\u00ed \u010depele, dvojit\u00e1 knofl\u00edkov\u00e1 bezpe\u010dnostn\u00ed smy\u010dka a z\u00e1dr\u017en\u00e1 pojistka odpojen\u00e1 jednoduch\u00fdm tlakem na p\u00e1\u010dku ve tvaru spou\u0161t\u011b. K dispozici ve verz\u00edch Black, Desert, Hcs, Ranger Green a Wolf Grey.<br \/>\nTECHNICK\u00dd LIST<br \/>\nHmotnost g.:273<br \/>\nHmotnost oz.: 9,62<br \/>\nD\u00e9lka \u010depele (mm): 128<br \/>\nD\u00e9lka \u010depele (v palc\u00edch): 4,33<br \/>\nCelkov\u00e1 d\u00e9lka (mm): 258<br \/>\nCelkov\u00e1 d\u00e9lka (v): 10,15<br \/>\nTlou\u0161\u0165ka \u010depele (mm): 6,3<br \/>\nTlou\u0161\u0165ka \u010depele (v palc\u00edch): 0,24<br \/>\nMateri\u00e1l \u010depele: B\u00d6HLER N690 STEEL (58HRC)<br \/>\nPovrchov\u00e1 \u00faprava \u010depele: KAMENE OBSA\u017dENO<br \/>\nHlavn\u00ed m\u0159\u00ed\u017eka: FLAT<br \/>\nMateri\u00e1l rukojeti: FORPRENE<\/p>\n","protected":false},"excerpt":{"rendered":"<p>Spole\u010dnost\u00a0<strong>Extrema Ratio<\/strong>\u00a0se s\u00eddlem v italsk\u00e9m Pratu navrhuje a vyr\u00e1b\u00ed vysoce v\u00fdkonn\u00e9 bojov\u00e9, vojensk\u00e9, kuchy\u0148sk\u00e9, loveck\u00e9 a taktick\u00e9 no\u017ee od roku 1997 a m\u00e1 pov\u011bst vynikaj\u00edc\u00ed kvality, kter\u00e1 je v oboru vojensk\u00fdch a taktick\u00fdch no\u017e\u016f nep\u0159ekonateln\u00e1.\u00a0<strong>Doprava zdarma.<\/strong><\/p>\n","protected":false},"featured_media":216515,"comment_status":"open","ping_status":"closed","template":"","meta":[],"pwb-brand":[267],"product_brand":[],"product_cat":[23,17],"product_tag":[3667],"class_list":{"0":"post-197931","1":"product","2":"type-product","3":"status-publish","4":"has-post-thumbnail","6":"pwb-brand-extrema-ratio","7":"product_cat-pevne-noze","8":"product_cat-noze","9":"product_tag-b2b","11":"first","12":"instock","13":"taxable","14":"shipping-taxable","15":"purchasable","16":"product-type-simple"},"brands":[{"id":267,"name":"Extrema Ratio","slug":"extrema-ratio"}],"_links":{"self":[{"href":"https:\/\/www.moskito.cz\/pl\/wp-json\/wp\/v2\/product\/197931","targetHints":{"allow":["GET"]}}],"collection":[{"href":"https:\/\/www.moskito.cz\/pl\/wp-json\/wp\/v2\/product"}],"about":[{"href":"https:\/\/www.moskito.cz\/pl\/wp-json\/wp\/v2\/types\/product"}],"replies":[{"embeddable":true,"href":"https:\/\/www.moskito.cz\/pl\/wp-json\/wp\/v2\/comments?post=197931"}],"wp:featuredmedia":[{"embeddable":true,"href":"https:\/\/www.moskito.cz\/pl\/wp-json\/wp\/v2\/media\/216515"}],"wp:attachment":[{"href":"https:\/\/www.moskito.cz\/pl\/wp-json\/wp\/v2\/media?parent=197931"}],"wp:term":[{"taxonomy":"pwb-brand","embeddable":true,"href":"https:\/\/www.moskito.cz\/pl\/wp-json\/wp\/v2\/pwb-brand?post=197931"},{"taxonomy":"product_brand","embeddable":true,"href":"https:\/\/www.moskito.cz\/pl\/wp-json\/wp\/v2\/product_brand?post=197931"},{"taxonomy":"product_cat","embeddable":true,"href":"https:\/\/www.moskito.cz\/pl\/wp-json\/wp\/v2\/product_cat?post=197931"},{"taxonomy":"product_tag","embeddable":true,"href":"https:\/\/www.moskito.cz\/pl\/wp-json\/wp\/v2\/product_tag?post=197931"}],"curies":[{"name":"wp","href":"https:\/\/api.w.org\/{rel}","templated":true}]}}