{"id":198134,"date":"2021-05-10T22:28:06","date_gmt":"2021-05-10T21:28:06","guid":{"rendered":"https:\/\/www.moskito.cz\/?post_type=product&#038;p=198134"},"modified":"2025-05-07T10:34:28","modified_gmt":"2025-05-07T09:34:28","slug":"vrhaci-noze-large-triple-thrower-set","status":"publish","type":"product","link":"https:\/\/www.moskito.cz\/pl\/produkt\/vrhaci-noze-large-triple-thrower-set\/","title":{"rendered":"Vrhac\u00ed No\u017ee Hibben Large Triple Thrower Set"},"content":{"rendered":"<p>Vrhac\u00ed No\u017ee <strong>Hibben<\/strong> Large Triple Thrower Set.<\/p>\n<p>Celkov\u00e9 d\u00e9lka no\u017e\u016f je 28 cm s tanto \u010depel\u00ed. Jednod\u00edln\u00e1 nerezov\u00e1 konstrukce. Ko\u017een\u00e9 pouzdro na opasek je sou\u010d\u00e1st\u00ed.<\/p>\n","protected":false},"excerpt":{"rendered":"<p>Tr\u00e9ninkov\u00e9 no\u017ee s pouzdrem.<\/p>\n","protected":false},"featured_media":198135,"comment_status":"open","ping_status":"closed","template":"","meta":[],"pwb-brand":[304],"product_brand":[],"product_cat":[29,17],"product_tag":[],"class_list":{"0":"post-198134","1":"product","2":"type-product","3":"status-publish","4":"has-post-thumbnail","6":"pwb-brand-hibben","7":"product_cat-vrhaci-noze","8":"product_cat-noze","10":"first","11":"outofstock","12":"taxable","13":"shipping-taxable","14":"purchasable","15":"product-type-simple"},"brands":[{"id":304,"name":"Hibben","slug":"hibben"}],"_links":{"self":[{"href":"https:\/\/www.moskito.cz\/pl\/wp-json\/wp\/v2\/product\/198134","targetHints":{"allow":["GET"]}}],"collection":[{"href":"https:\/\/www.moskito.cz\/pl\/wp-json\/wp\/v2\/product"}],"about":[{"href":"https:\/\/www.moskito.cz\/pl\/wp-json\/wp\/v2\/types\/product"}],"replies":[{"embeddable":true,"href":"https:\/\/www.moskito.cz\/pl\/wp-json\/wp\/v2\/comments?post=198134"}],"wp:featuredmedia":[{"embeddable":true,"href":"https:\/\/www.moskito.cz\/pl\/wp-json\/wp\/v2\/media\/198135"}],"wp:attachment":[{"href":"https:\/\/www.moskito.cz\/pl\/wp-json\/wp\/v2\/media?parent=198134"}],"wp:term":[{"taxonomy":"pwb-brand","embeddable":true,"href":"https:\/\/www.moskito.cz\/pl\/wp-json\/wp\/v2\/pwb-brand?post=198134"},{"taxonomy":"product_brand","embeddable":true,"href":"https:\/\/www.moskito.cz\/pl\/wp-json\/wp\/v2\/product_brand?post=198134"},{"taxonomy":"product_cat","embeddable":true,"href":"https:\/\/www.moskito.cz\/pl\/wp-json\/wp\/v2\/product_cat?post=198134"},{"taxonomy":"product_tag","embeddable":true,"href":"https:\/\/www.moskito.cz\/pl\/wp-json\/wp\/v2\/product_tag?post=198134"}],"curies":[{"name":"wp","href":"https:\/\/api.w.org\/{rel}","templated":true}]}}