{"id":198278,"date":"2021-05-12T21:45:16","date_gmt":"2021-05-12T20:45:16","guid":{"rendered":"https:\/\/www.moskito.cz\/?post_type=product&#038;p=198278"},"modified":"2025-05-07T10:34:29","modified_gmt":"2025-05-07T09:34:29","slug":"vrhaci-nuz-rough-ryder-throwing-knife","status":"publish","type":"product","link":"https:\/\/www.moskito.cz\/pl\/produkt\/vrhaci-nuz-rough-ryder-throwing-knife\/","title":{"rendered":"Vrhac\u00ed N\u016f\u017e Rough Ryder Throwing Knife"},"content":{"rendered":"<p>Vrhac\u00ed N\u016f\u017e <strong>Rough Ryder<\/strong> Throwing Knife.<\/p>\n<p>Celkov\u00e1 d\u00e9lka no\u017ee je 35 cm, nerezov\u00e1 \u010depel. \u010cern\u00e1 micarta je na rukojeti. Pln\u00e1 konstrukce.<\/p>\n","protected":false},"excerpt":{"rendered":"<p>Vrhac\u00ed tr\u00e9ninkov\u00fd n\u016f\u017e.<\/p>\n","protected":false},"featured_media":198279,"comment_status":"open","ping_status":"closed","template":"","meta":[],"pwb-brand":[545],"product_brand":[],"product_cat":[29,17],"product_tag":[],"class_list":{"0":"post-198278","1":"product","2":"type-product","3":"status-publish","4":"has-post-thumbnail","6":"pwb-brand-rough-rider","7":"product_cat-vrhaci-noze","8":"product_cat-noze","10":"first","11":"instock","12":"taxable","13":"shipping-taxable","14":"purchasable","15":"product-type-simple"},"brands":[{"id":545,"name":"Rough Rider","slug":"rough-rider"}],"_links":{"self":[{"href":"https:\/\/www.moskito.cz\/pl\/wp-json\/wp\/v2\/product\/198278","targetHints":{"allow":["GET"]}}],"collection":[{"href":"https:\/\/www.moskito.cz\/pl\/wp-json\/wp\/v2\/product"}],"about":[{"href":"https:\/\/www.moskito.cz\/pl\/wp-json\/wp\/v2\/types\/product"}],"replies":[{"embeddable":true,"href":"https:\/\/www.moskito.cz\/pl\/wp-json\/wp\/v2\/comments?post=198278"}],"wp:featuredmedia":[{"embeddable":true,"href":"https:\/\/www.moskito.cz\/pl\/wp-json\/wp\/v2\/media\/198279"}],"wp:attachment":[{"href":"https:\/\/www.moskito.cz\/pl\/wp-json\/wp\/v2\/media?parent=198278"}],"wp:term":[{"taxonomy":"pwb-brand","embeddable":true,"href":"https:\/\/www.moskito.cz\/pl\/wp-json\/wp\/v2\/pwb-brand?post=198278"},{"taxonomy":"product_brand","embeddable":true,"href":"https:\/\/www.moskito.cz\/pl\/wp-json\/wp\/v2\/product_brand?post=198278"},{"taxonomy":"product_cat","embeddable":true,"href":"https:\/\/www.moskito.cz\/pl\/wp-json\/wp\/v2\/product_cat?post=198278"},{"taxonomy":"product_tag","embeddable":true,"href":"https:\/\/www.moskito.cz\/pl\/wp-json\/wp\/v2\/product_tag?post=198278"}],"curies":[{"name":"wp","href":"https:\/\/api.w.org\/{rel}","templated":true}]}}