{"id":198525,"date":"2021-05-15T20:33:52","date_gmt":"2021-05-15T19:33:52","guid":{"rendered":"https:\/\/www.moskito.cz\/?post_type=product&#038;p=198525"},"modified":"2025-05-07T10:34:30","modified_gmt":"2025-05-07T09:34:30","slug":"vrhaci-nuz-united-cutlery-undercover-cia-stinger-knife","status":"publish","type":"product","link":"https:\/\/www.moskito.cz\/pl\/produkt\/vrhaci-nuz-united-cutlery-undercover-cia-stinger-knife\/","title":{"rendered":"Vrhac\u00ed N\u016f\u017e United Cutlery Undercover CIA Stinger Knife"},"content":{"rendered":"<p>Vrhac\u00ed N\u016f\u017e <strong>United Cutlery<\/strong> Undercover CIA Stinger Knife.<\/p>\n<p>18 cm dlouh\u00e1 nerezov\u00e1 d\u00fdka s ost\u0159\u00edm z \u010dern\u00e9ho oxidu pota\u017een\u00e9ho 3Cr13. Jednod\u00edln\u00e1 konstrukce. Odn\u00edmateln\u00e1 spona. Pouzdro na opasek je sou\u010d\u00e1st\u00ed.<\/p>\n","protected":false},"excerpt":{"rendered":"<p>Vrhac\u00ed n\u016f\u017e s pouzdrem.<\/p>\n","protected":false},"featured_media":198526,"comment_status":"open","ping_status":"closed","template":"","meta":[],"pwb-brand":[657],"product_brand":[],"product_cat":[29,17],"product_tag":[],"class_list":{"0":"post-198525","1":"product","2":"type-product","3":"status-publish","4":"has-post-thumbnail","6":"pwb-brand-united-cutlery","7":"product_cat-vrhaci-noze","8":"product_cat-noze","10":"first","11":"outofstock","12":"taxable","13":"shipping-taxable","14":"purchasable","15":"product-type-simple"},"brands":[{"id":657,"name":"United Cutlery","slug":"united-cutlery"}],"_links":{"self":[{"href":"https:\/\/www.moskito.cz\/pl\/wp-json\/wp\/v2\/product\/198525","targetHints":{"allow":["GET"]}}],"collection":[{"href":"https:\/\/www.moskito.cz\/pl\/wp-json\/wp\/v2\/product"}],"about":[{"href":"https:\/\/www.moskito.cz\/pl\/wp-json\/wp\/v2\/types\/product"}],"replies":[{"embeddable":true,"href":"https:\/\/www.moskito.cz\/pl\/wp-json\/wp\/v2\/comments?post=198525"}],"wp:featuredmedia":[{"embeddable":true,"href":"https:\/\/www.moskito.cz\/pl\/wp-json\/wp\/v2\/media\/198526"}],"wp:attachment":[{"href":"https:\/\/www.moskito.cz\/pl\/wp-json\/wp\/v2\/media?parent=198525"}],"wp:term":[{"taxonomy":"pwb-brand","embeddable":true,"href":"https:\/\/www.moskito.cz\/pl\/wp-json\/wp\/v2\/pwb-brand?post=198525"},{"taxonomy":"product_brand","embeddable":true,"href":"https:\/\/www.moskito.cz\/pl\/wp-json\/wp\/v2\/product_brand?post=198525"},{"taxonomy":"product_cat","embeddable":true,"href":"https:\/\/www.moskito.cz\/pl\/wp-json\/wp\/v2\/product_cat?post=198525"},{"taxonomy":"product_tag","embeddable":true,"href":"https:\/\/www.moskito.cz\/pl\/wp-json\/wp\/v2\/product_tag?post=198525"}],"curies":[{"name":"wp","href":"https:\/\/api.w.org\/{rel}","templated":true}]}}