{"id":198589,"date":"2021-05-16T20:15:10","date_gmt":"2021-05-16T19:15:10","guid":{"rendered":"https:\/\/www.moskito.cz\/?post_type=product&#038;p=198589"},"modified":"2025-07-18T08:38:36","modified_gmt":"2025-07-18T07:38:36","slug":"vrhaci-noze-valley-forge-thrower-set","status":"publish","type":"product","link":"https:\/\/www.moskito.cz\/pl\/produkt\/vrhaci-noze-valley-forge-thrower-set\/","title":{"rendered":"Vrhac\u00ed No\u017ee Valley Forge Thrower Set"},"content":{"rendered":"<p>Vrhac\u00ed No\u017ee <strong>Valley Forge<\/strong> Thrower Set.<\/p>\n<p>Zahrnuje dva no\u017ee 21 cm s ost\u0159\u00edm. Nerezov\u00e1 konstrukce s krou\u017ekovou hlavic\u00ed.<\/p>\n","protected":false},"excerpt":{"rendered":"<p>Tr\u00e9ninkov\u00e9 vrhac\u00ed no\u017ee s pouzdrem.<\/p>\n","protected":false},"featured_media":198590,"comment_status":"open","ping_status":"closed","template":"","meta":[],"pwb-brand":[672],"product_brand":[],"product_cat":[29,17],"product_tag":[],"class_list":{"0":"post-198589","1":"product","2":"type-product","3":"status-publish","4":"has-post-thumbnail","6":"pwb-brand-valley-forge","7":"product_cat-vrhaci-noze","8":"product_cat-noze","10":"first","11":"outofstock","12":"taxable","13":"shipping-taxable","14":"purchasable","15":"product-type-simple"},"brands":[{"id":672,"name":"Valley Forge","slug":"valley-forge"}],"_links":{"self":[{"href":"https:\/\/www.moskito.cz\/pl\/wp-json\/wp\/v2\/product\/198589","targetHints":{"allow":["GET"]}}],"collection":[{"href":"https:\/\/www.moskito.cz\/pl\/wp-json\/wp\/v2\/product"}],"about":[{"href":"https:\/\/www.moskito.cz\/pl\/wp-json\/wp\/v2\/types\/product"}],"replies":[{"embeddable":true,"href":"https:\/\/www.moskito.cz\/pl\/wp-json\/wp\/v2\/comments?post=198589"}],"wp:featuredmedia":[{"embeddable":true,"href":"https:\/\/www.moskito.cz\/pl\/wp-json\/wp\/v2\/media\/198590"}],"wp:attachment":[{"href":"https:\/\/www.moskito.cz\/pl\/wp-json\/wp\/v2\/media?parent=198589"}],"wp:term":[{"taxonomy":"pwb-brand","embeddable":true,"href":"https:\/\/www.moskito.cz\/pl\/wp-json\/wp\/v2\/pwb-brand?post=198589"},{"taxonomy":"product_brand","embeddable":true,"href":"https:\/\/www.moskito.cz\/pl\/wp-json\/wp\/v2\/product_brand?post=198589"},{"taxonomy":"product_cat","embeddable":true,"href":"https:\/\/www.moskito.cz\/pl\/wp-json\/wp\/v2\/product_cat?post=198589"},{"taxonomy":"product_tag","embeddable":true,"href":"https:\/\/www.moskito.cz\/pl\/wp-json\/wp\/v2\/product_tag?post=198589"}],"curies":[{"name":"wp","href":"https:\/\/api.w.org\/{rel}","templated":true}]}}