{"id":198824,"date":"2021-05-19T21:10:16","date_gmt":"2021-05-19T20:10:16","guid":{"rendered":"https:\/\/www.moskito.cz\/?post_type=product&#038;p=198824"},"modified":"2025-05-07T10:34:33","modified_gmt":"2025-05-07T09:34:33","slug":"vystrelovaci-nuz-magnum-sicilian-needle-dark-wood","status":"publish","type":"product","link":"https:\/\/www.moskito.cz\/pl\/produkt\/vystrelovaci-nuz-magnum-sicilian-needle-dark-wood\/","title":{"rendered":"Vyst\u0159elovac\u00ed N\u016f\u017e Magnum Sicilian Needle Olive Wood"},"content":{"rendered":"<p>Vyst\u0159elovac\u00ed N\u016f\u017e <strong>Magnum<\/strong> Sicilian Needle Olive Wood.<\/p>\n<p>Pru\u017einov\u00fd n\u016f\u017e Magnum Sicilian Needle nepot\u0159ebuje vysv\u011btlovat. Stiletto je nejpopul\u00e1rn\u011bj\u0161\u00ed italsk\u00fd kapesn\u00ed n\u016f\u017e po cel\u00e1 desetilet\u00ed. \u010cepel automatick\u00e9ho no\u017ee vyroben\u00e1 z nerezov\u00e9 oceli 440A se otev\u00edr\u00e1 sv\u011btozn\u00e1m\u00fdm kliknut\u00edm. Se st\u0159enkami rukojeti z typick\u00e9ho olivov\u00e9ho d\u0159eva.<br \/>\nCelkov\u00e1 d\u00e9lka: 19.4 cm<br \/>\nD\u00e9lka \u010depele: 8.2 cm<br \/>\nTlou\u0161\u0165ka \u010depele: 2.7 mm<br \/>\nHmotnost: 118 g<br \/>\nMateri\u00e1l rukojeti: Olivov\u00e9 d\u0159evo<br \/>\nTyp pojistky: Linerlock<\/p>\n","protected":false},"excerpt":{"rendered":"<p><strong>No\u017e\u00ed\u0159sk\u00e1 manufaktura\u00a0B\u00f6ker\u00a0se postupem \u010dasu vypracovala na glob\u00e1ln\u00edho inova\u010dn\u00edho l\u00eddra a nejv\u011bt\u0161\u00edho v\u00fdrobce sportovn\u00edch no\u017e\u016f, taktick\u00fdch no\u017e\u016f a sb\u011bratelsk\u00fdch no\u017e\u016f v Evrop\u011b.<\/strong><\/p>\n","protected":false},"featured_media":198831,"comment_status":"open","ping_status":"closed","template":"","meta":[],"pwb-brand":[140],"product_brand":[],"product_cat":[2019,17],"product_tag":[3667],"class_list":{"0":"post-198824","1":"product","2":"type-product","3":"status-publish","4":"has-post-thumbnail","6":"pwb-brand-boker","7":"product_cat-vystrelovaci-noze","8":"product_cat-noze","9":"product_tag-b2b","11":"first","12":"outofstock","13":"taxable","14":"shipping-taxable","15":"purchasable","16":"product-type-simple"},"brands":[{"id":140,"name":"Boker","slug":"boker"}],"_links":{"self":[{"href":"https:\/\/www.moskito.cz\/pl\/wp-json\/wp\/v2\/product\/198824","targetHints":{"allow":["GET"]}}],"collection":[{"href":"https:\/\/www.moskito.cz\/pl\/wp-json\/wp\/v2\/product"}],"about":[{"href":"https:\/\/www.moskito.cz\/pl\/wp-json\/wp\/v2\/types\/product"}],"replies":[{"embeddable":true,"href":"https:\/\/www.moskito.cz\/pl\/wp-json\/wp\/v2\/comments?post=198824"}],"wp:featuredmedia":[{"embeddable":true,"href":"https:\/\/www.moskito.cz\/pl\/wp-json\/wp\/v2\/media\/198831"}],"wp:attachment":[{"href":"https:\/\/www.moskito.cz\/pl\/wp-json\/wp\/v2\/media?parent=198824"}],"wp:term":[{"taxonomy":"pwb-brand","embeddable":true,"href":"https:\/\/www.moskito.cz\/pl\/wp-json\/wp\/v2\/pwb-brand?post=198824"},{"taxonomy":"product_brand","embeddable":true,"href":"https:\/\/www.moskito.cz\/pl\/wp-json\/wp\/v2\/product_brand?post=198824"},{"taxonomy":"product_cat","embeddable":true,"href":"https:\/\/www.moskito.cz\/pl\/wp-json\/wp\/v2\/product_cat?post=198824"},{"taxonomy":"product_tag","embeddable":true,"href":"https:\/\/www.moskito.cz\/pl\/wp-json\/wp\/v2\/product_tag?post=198824"}],"curies":[{"name":"wp","href":"https:\/\/api.w.org\/{rel}","templated":true}]}}