{"id":198978,"date":"2021-05-23T09:54:34","date_gmt":"2021-05-23T08:54:34","guid":{"rendered":"https:\/\/www.moskito.cz\/?post_type=product&#038;p=198978"},"modified":"2026-04-01T07:40:53","modified_gmt":"2026-04-01T06:40:53","slug":"zaviraci-nuz-boker-plus-gust","status":"publish","type":"product","link":"https:\/\/www.moskito.cz\/pl\/produkt\/zaviraci-nuz-boker-plus-gust\/","title":{"rendered":"Zav\u00edrac\u00ed  N\u016f\u017e B\u00f6ker Plus GUST"},"content":{"rendered":"<div class=\"tab-description__content\">\n<div class=\"detail-description\">\n<div class=\"detail-description__text toggle_text\">\n<div class=\"toggle_text__wrapper\">\n<p>Zav\u00edrac\u00ed N\u016f\u017e B\u00f6ker Plus GUST.<\/p>\n<p>N\u016f\u017e Lancer od no\u017e\u00ed\u0159\u016f jm\u00e9nem Serge Panchenko se t\u011b\u0161il velk\u00e9 oblib\u011b, proto p\u0159i\u0161el dal\u0161\u00ed kus s n\u00e1zvem Gust. Je mnohem robustn\u011bj\u0161\u00ed a prakti\u010dt\u011bj\u0161\u00ed. M\u00e1 rukoje\u0165 z nerezov\u00e9 oceli s typick\u00fdm vlnkov\u00fdm vzorem a \u010depel z n\u00e1strojov\u00e9 oceli D2, kter\u00e1 je osazena na kuli\u010dkov\u00fdch lo\u017eisc\u00edch. No\u017ei samoz\u0159ejm\u011b nechyb\u00ed klip pro pohodln\u00e9 no\u0161en\u00ed v kapse.<\/p>\n<p>Pojistka:Framelock<br \/>\nD\u00e9lka \u010depele:7.3 cm<br \/>\nCelkov\u00e1 d\u00e9lka:16.7 cm<br \/>\nTlou\u0161\u0165ka \u010depele:3.6 mm<br \/>\nHmotnost:145 g<br \/>\nMateri\u00e1l \u010depele:D2<br \/>\nMateri\u00e1l rukojeti:Nerezov\u00e1 ocel<\/p>\n<\/div>\n<\/div>\n<\/div>\n<\/div>\n","protected":false},"excerpt":{"rendered":"<p>Zav\u00edrac\u00ed n\u016f\u017e s pojistkou.<\/p>\n","protected":false},"featured_media":198980,"comment_status":"open","ping_status":"closed","template":"","meta":[],"pwb-brand":[140],"product_brand":[],"product_cat":[22,17],"product_tag":[3667],"class_list":{"0":"post-198978","1":"product","2":"type-product","3":"status-publish","4":"has-post-thumbnail","6":"pwb-brand-boker","7":"product_cat-zaviraci-noze","8":"product_cat-noze","9":"product_tag-b2b","11":"first","12":"outofstock","13":"taxable","14":"shipping-taxable","15":"purchasable","16":"product-type-simple"},"brands":[{"id":140,"name":"Boker","slug":"boker"}],"_links":{"self":[{"href":"https:\/\/www.moskito.cz\/pl\/wp-json\/wp\/v2\/product\/198978","targetHints":{"allow":["GET"]}}],"collection":[{"href":"https:\/\/www.moskito.cz\/pl\/wp-json\/wp\/v2\/product"}],"about":[{"href":"https:\/\/www.moskito.cz\/pl\/wp-json\/wp\/v2\/types\/product"}],"replies":[{"embeddable":true,"href":"https:\/\/www.moskito.cz\/pl\/wp-json\/wp\/v2\/comments?post=198978"}],"wp:featuredmedia":[{"embeddable":true,"href":"https:\/\/www.moskito.cz\/pl\/wp-json\/wp\/v2\/media\/198980"}],"wp:attachment":[{"href":"https:\/\/www.moskito.cz\/pl\/wp-json\/wp\/v2\/media?parent=198978"}],"wp:term":[{"taxonomy":"pwb-brand","embeddable":true,"href":"https:\/\/www.moskito.cz\/pl\/wp-json\/wp\/v2\/pwb-brand?post=198978"},{"taxonomy":"product_brand","embeddable":true,"href":"https:\/\/www.moskito.cz\/pl\/wp-json\/wp\/v2\/product_brand?post=198978"},{"taxonomy":"product_cat","embeddable":true,"href":"https:\/\/www.moskito.cz\/pl\/wp-json\/wp\/v2\/product_cat?post=198978"},{"taxonomy":"product_tag","embeddable":true,"href":"https:\/\/www.moskito.cz\/pl\/wp-json\/wp\/v2\/product_tag?post=198978"}],"curies":[{"name":"wp","href":"https:\/\/api.w.org\/{rel}","templated":true}]}}