{"id":198983,"date":"2021-05-23T10:03:49","date_gmt":"2021-05-23T09:03:49","guid":{"rendered":"https:\/\/www.moskito.cz\/?post_type=product&#038;p=198983"},"modified":"2025-05-07T10:34:37","modified_gmt":"2025-05-07T09:34:37","slug":"zaviraci-nuz-boker-plus-kerber","status":"publish","type":"product","link":"https:\/\/www.moskito.cz\/pl\/produkt\/zaviraci-nuz-boker-plus-kerber\/","title":{"rendered":"Zav\u00edrac\u00ed N\u016f\u017e B\u00d6KER Plus Kerber"},"content":{"rendered":"<p>Zav\u00edrac\u00ed N\u016f\u017e <strong>B\u00d6KER<\/strong> Plus Kerber.<\/p>\n<p>Sam Lurquin nen\u00ed jen geni\u00e1ln\u00ed kov\u00e1\u0159 a kov\u00e1\u0159. Ze sv\u00fdch zku\u0161enost\u00ed jako ps\u00ed d\u016fstojn\u00edk v po\u0159\u00e1dkov\u00e9 jednotce vytvo\u0159il design Boker Plus Kerberos, kter\u00fd Lurquin navrhl, aby poskytl sv\u00fdm b\u00fdval\u00fdm koleg\u016fm dokonal\u00fd n\u00e1stroj pro jejich pr\u00e1ci. V r\u00e1mci tohoto projektu se Sam spojil se specialistou na pevn\u00e9 no\u017ee Rapha\u00eblem Durandem, aby jej nechal sestavit.<\/p>\n<p>Samonosn\u00e1 rukoje\u0165 G10 je pln\u011b tvarovan\u00e1 a m\u00e1 hlubok\u00fd v\u00fdb\u011br prst\u016f pro bezpe\u010dnou a intuitivn\u00ed manipulaci. \u0160irok\u00e1 \u010depel je vyrobena z D2 a m\u00e1 vodorovnou sat\u00e9novou povrchovou \u00fapravu. D\u00edky palcov\u00e9mu kotou\u010di se n\u016f\u017e rychle a snadno otev\u00edr\u00e1, zat\u00edmco robustn\u00ed z\u00e1mek zaji\u0161\u0165uje dobr\u00fd pocit a funguje. N\u016f\u017e, navr\u017een\u00fd d\u016fkladn\u011b praktick\u00fdm mu\u017eem, ale namo\u010den\u00fd v nad\u010dasov\u00e9 eleganci, kterou vlastn\u00ed jen velmi m\u00e1lo taktick\u00fdch no\u017e\u016f.<\/p>\n<p>Materi\u00e1l \u010depele: n\u00e1strojov\u00e1 ocel D2<br \/>\nTvrdost \u010depele: 60 HRC<br \/>\nS\u00edla \u010depele: 4 mm<br \/>\nD\u00e9lka \u010depele: 86 mm<br \/>\nCelkov\u00e1 d\u00e9lka: 210 mm<br \/>\nHmotnost: 140 g<br \/>\nMateri\u00e1l st\u0159enky: G-10<br \/>\nPojistka: Back Lock<br \/>\nOtev\u0159en\u00ed no\u017ee: disk pro palec<br \/>\nLanyard<br \/>\nDesign: Raphael Durand<\/p>\n","protected":false},"excerpt":{"rendered":"<p>Zav\u00edrac\u00ed n\u016f\u017e s pojistkou.<\/p>\n","protected":false},"featured_media":198984,"comment_status":"open","ping_status":"closed","template":"","meta":[],"pwb-brand":[140],"product_brand":[],"product_cat":[22,17],"product_tag":[3667],"class_list":{"0":"post-198983","1":"product","2":"type-product","3":"status-publish","4":"has-post-thumbnail","6":"pwb-brand-boker","7":"product_cat-zaviraci-noze","8":"product_cat-noze","9":"product_tag-b2b","11":"first","12":"instock","13":"taxable","14":"shipping-taxable","15":"purchasable","16":"product-type-simple"},"brands":[{"id":140,"name":"Boker","slug":"boker"}],"_links":{"self":[{"href":"https:\/\/www.moskito.cz\/pl\/wp-json\/wp\/v2\/product\/198983","targetHints":{"allow":["GET"]}}],"collection":[{"href":"https:\/\/www.moskito.cz\/pl\/wp-json\/wp\/v2\/product"}],"about":[{"href":"https:\/\/www.moskito.cz\/pl\/wp-json\/wp\/v2\/types\/product"}],"replies":[{"embeddable":true,"href":"https:\/\/www.moskito.cz\/pl\/wp-json\/wp\/v2\/comments?post=198983"}],"wp:featuredmedia":[{"embeddable":true,"href":"https:\/\/www.moskito.cz\/pl\/wp-json\/wp\/v2\/media\/198984"}],"wp:attachment":[{"href":"https:\/\/www.moskito.cz\/pl\/wp-json\/wp\/v2\/media?parent=198983"}],"wp:term":[{"taxonomy":"pwb-brand","embeddable":true,"href":"https:\/\/www.moskito.cz\/pl\/wp-json\/wp\/v2\/pwb-brand?post=198983"},{"taxonomy":"product_brand","embeddable":true,"href":"https:\/\/www.moskito.cz\/pl\/wp-json\/wp\/v2\/product_brand?post=198983"},{"taxonomy":"product_cat","embeddable":true,"href":"https:\/\/www.moskito.cz\/pl\/wp-json\/wp\/v2\/product_cat?post=198983"},{"taxonomy":"product_tag","embeddable":true,"href":"https:\/\/www.moskito.cz\/pl\/wp-json\/wp\/v2\/product_tag?post=198983"}],"curies":[{"name":"wp","href":"https:\/\/api.w.org\/{rel}","templated":true}]}}