{"id":199020,"date":"2021-05-23T21:32:06","date_gmt":"2021-05-23T20:32:06","guid":{"rendered":"https:\/\/www.moskito.cz\/?post_type=product&#038;p=199020"},"modified":"2025-05-07T10:34:41","modified_gmt":"2025-05-07T09:34:41","slug":"zaviraci-nuz-boker-magnum-ibykus","status":"publish","type":"product","link":"https:\/\/www.moskito.cz\/pl\/produkt\/zaviraci-nuz-boker-magnum-ibykus\/","title":{"rendered":"Zav\u00edrac\u00ed N\u016f\u017e B\u00f6ker Magnum IBYKUS"},"content":{"rendered":"<p>Zav\u00edrac\u00ed N\u016f\u017e B\u00f6ker Magnum IBYKUS.<\/p>\n<p>Magnum Ibykus je n\u016f\u017e s tradi\u010dn\u00edm japonsk\u00fdm designem. M\u00e1 dvoubarevnou Tanto \u010depel z oceli 440A, kter\u00e1 se otev\u00edr\u00e1 mechanismem Flipper z boku rukojeti a zaji\u0161\u0165uje ji pojistka Linerlock. Na rukojeti je vyobrazen je\u0159\u00e1b, kter\u00fd je v Japonsku symbolem \u0161t\u011bst\u00ed a dlouhov\u011bkosti. Nechyb\u00ed samoz\u0159ejm\u011b spona (klip) pro ka\u017edodenn\u00ed no\u0161en\u00ed.<\/p>\n<p>Materi\u00e1l \u010depele: 440A<br \/>\nMateri\u00e1l rukojeti: Nerezov\u00e1 ocel<br \/>\nPojistka: Linerlock<br \/>\nD\u00e9lka \u010depele: 9.3 cm<br \/>\nCelkov\u00e1 d\u00e9lka: 20.5 cm<br \/>\nTlou\u0161\u0165ka \u010depele: 2.6 mm<br \/>\nHmotnost: 143 g<\/p>\n","protected":false},"excerpt":{"rendered":"<p>Zav\u00edrac\u00ed n\u016f\u017e s pojistkou.<\/p>\n","protected":false},"featured_media":199021,"comment_status":"open","ping_status":"closed","template":"","meta":[],"pwb-brand":[140],"product_brand":[],"product_cat":[22,17],"product_tag":[],"class_list":{"0":"post-199020","1":"product","2":"type-product","3":"status-publish","4":"has-post-thumbnail","6":"pwb-brand-boker","7":"product_cat-zaviraci-noze","8":"product_cat-noze","10":"first","11":"outofstock","12":"taxable","13":"shipping-taxable","14":"purchasable","15":"product-type-simple"},"brands":[{"id":140,"name":"Boker","slug":"boker"}],"_links":{"self":[{"href":"https:\/\/www.moskito.cz\/pl\/wp-json\/wp\/v2\/product\/199020","targetHints":{"allow":["GET"]}}],"collection":[{"href":"https:\/\/www.moskito.cz\/pl\/wp-json\/wp\/v2\/product"}],"about":[{"href":"https:\/\/www.moskito.cz\/pl\/wp-json\/wp\/v2\/types\/product"}],"replies":[{"embeddable":true,"href":"https:\/\/www.moskito.cz\/pl\/wp-json\/wp\/v2\/comments?post=199020"}],"wp:featuredmedia":[{"embeddable":true,"href":"https:\/\/www.moskito.cz\/pl\/wp-json\/wp\/v2\/media\/199021"}],"wp:attachment":[{"href":"https:\/\/www.moskito.cz\/pl\/wp-json\/wp\/v2\/media?parent=199020"}],"wp:term":[{"taxonomy":"pwb-brand","embeddable":true,"href":"https:\/\/www.moskito.cz\/pl\/wp-json\/wp\/v2\/pwb-brand?post=199020"},{"taxonomy":"product_brand","embeddable":true,"href":"https:\/\/www.moskito.cz\/pl\/wp-json\/wp\/v2\/product_brand?post=199020"},{"taxonomy":"product_cat","embeddable":true,"href":"https:\/\/www.moskito.cz\/pl\/wp-json\/wp\/v2\/product_cat?post=199020"},{"taxonomy":"product_tag","embeddable":true,"href":"https:\/\/www.moskito.cz\/pl\/wp-json\/wp\/v2\/product_tag?post=199020"}],"curies":[{"name":"wp","href":"https:\/\/api.w.org\/{rel}","templated":true}]}}