{"id":199058,"date":"2021-05-24T20:38:46","date_gmt":"2021-05-24T19:38:46","guid":{"rendered":"https:\/\/www.moskito.cz\/?post_type=product&#038;p=199058"},"modified":"2025-05-07T10:34:41","modified_gmt":"2025-05-07T09:34:41","slug":"zaviraci-nuz-boker-plus-warbird-aluminium","status":"publish","type":"product","link":"https:\/\/www.moskito.cz\/pl\/produkt\/zaviraci-nuz-boker-plus-warbird-aluminium\/","title":{"rendered":"Zav\u00edrac\u00ed N\u016f\u017e B\u00f6ker Plus WARBIRD ALUMINIUM"},"content":{"rendered":"<p>Zav\u00edrac\u00ed N\u016f\u017e <strong>B\u00f6ker<\/strong> Plus WARBIRD ALUMINIUM.<\/p>\n<p>\u0158ada B\u00f6ker p\u0159edstavuje ru\u010dn\u011b vyr\u00e1b\u011bn\u00e9 no\u017ee. Vysok\u00e1 kvalita no\u017e\u016f je ur\u010dena pro milovn\u00edky, kte\u0159\u00ed ocen\u00ed n\u011bco speci\u00e1ln\u00edho. Najdete zde \u0161irok\u00fd v\u00fdb\u011br od klasick\u00fdch kapesn\u00edch no\u017e\u016f po dama\u0161kov\u00e9 kapesn\u00ed no\u017ee.<\/p>\n<p>Materi\u00e1l \u010depele: D2<br \/>\nMateri\u00e1l rukojeti: Hlin\u00edk<br \/>\nPojistka: Linerlock<br \/>\nD\u00e9lka \u010depele: 9.5 cm<br \/>\nCelkov\u00e1 d\u00e9lka: 22.5 cm<br \/>\nD\u00e9lka rukojeti: 13 cm<br \/>\nTlou\u0161\u0165ka \u010depele: 3.47 mm<br \/>\nHmotnost: 146 g<\/p>\n","protected":false},"excerpt":{"rendered":"<p>Zav\u00edrac\u00ed n\u016f\u017e s pojistkou.<\/p>\n","protected":false},"featured_media":199059,"comment_status":"open","ping_status":"closed","template":"","meta":[],"pwb-brand":[140],"product_brand":[],"product_cat":[22,17],"product_tag":[],"class_list":{"0":"post-199058","1":"product","2":"type-product","3":"status-publish","4":"has-post-thumbnail","6":"pwb-brand-boker","7":"product_cat-zaviraci-noze","8":"product_cat-noze","10":"first","11":"outofstock","12":"taxable","13":"shipping-taxable","14":"purchasable","15":"product-type-simple"},"brands":[{"id":140,"name":"Boker","slug":"boker"}],"_links":{"self":[{"href":"https:\/\/www.moskito.cz\/pl\/wp-json\/wp\/v2\/product\/199058","targetHints":{"allow":["GET"]}}],"collection":[{"href":"https:\/\/www.moskito.cz\/pl\/wp-json\/wp\/v2\/product"}],"about":[{"href":"https:\/\/www.moskito.cz\/pl\/wp-json\/wp\/v2\/types\/product"}],"replies":[{"embeddable":true,"href":"https:\/\/www.moskito.cz\/pl\/wp-json\/wp\/v2\/comments?post=199058"}],"wp:featuredmedia":[{"embeddable":true,"href":"https:\/\/www.moskito.cz\/pl\/wp-json\/wp\/v2\/media\/199059"}],"wp:attachment":[{"href":"https:\/\/www.moskito.cz\/pl\/wp-json\/wp\/v2\/media?parent=199058"}],"wp:term":[{"taxonomy":"pwb-brand","embeddable":true,"href":"https:\/\/www.moskito.cz\/pl\/wp-json\/wp\/v2\/pwb-brand?post=199058"},{"taxonomy":"product_brand","embeddable":true,"href":"https:\/\/www.moskito.cz\/pl\/wp-json\/wp\/v2\/product_brand?post=199058"},{"taxonomy":"product_cat","embeddable":true,"href":"https:\/\/www.moskito.cz\/pl\/wp-json\/wp\/v2\/product_cat?post=199058"},{"taxonomy":"product_tag","embeddable":true,"href":"https:\/\/www.moskito.cz\/pl\/wp-json\/wp\/v2\/product_tag?post=199058"}],"curies":[{"name":"wp","href":"https:\/\/api.w.org\/{rel}","templated":true}]}}