{"id":199062,"date":"2021-05-24T20:54:39","date_gmt":"2021-05-24T19:54:39","guid":{"rendered":"https:\/\/www.moskito.cz\/?post_type=product&#038;p=199062"},"modified":"2025-05-07T10:34:41","modified_gmt":"2025-05-07T09:34:41","slug":"zaviraci-nuz-boker-plus-shade","status":"publish","type":"product","link":"https:\/\/www.moskito.cz\/pl\/produkt\/zaviraci-nuz-boker-plus-shade\/","title":{"rendered":"Zav\u00edrac\u00ed N\u016f\u017e B\u00f6ker Plus SHADE"},"content":{"rendered":"<p>Zav\u00edrac\u00ed N\u016f\u017e <strong>B\u00f6ker<\/strong> Plus SHADE.<\/p>\n<p>V dne\u0161n\u00ed dob\u011b se no\u017ee B\u00f6ker vyr\u00e1b\u011bj\u00ed v N\u011bmecku, USA, Argentin\u011b, \u010c\u00edn\u011b a pou\u017e\u00edvaj\u00ed marketingovou zna\u010dku MAGNUM. Kapesn\u00ed no\u017ee B\u00f6ker se vyr\u00e1b\u011bj\u00ed ve t\u0159ech \u0159ad\u00e1ch: B\u00f6ker, B\u00f6ker Plus a Magnum. V\u00fdrobu no\u017e\u016f B\u00f6ker tvo\u0159\u00ed zejm\u00e9na kapesn\u00ed no\u017ee, loveck\u00e9 no\u017ee, \u00fato\u010dn\u00e9 no\u017ee nebo EDC no\u017ee. Sv\u00e9 bohat\u00e9 zku\u0161enosti z v\u00fdroby no\u017e\u016f spojuj\u00ed s kvalitn\u00edmi materi\u00e1ly a sou\u010dasn\u00fdm p\u0159\u00edstupem, co\u017e zaji\u0161\u0165uje produkci perfektn\u00edch no\u017e\u016f vhodn\u00fdch do nejt\u011b\u017e\u0161\u00edch podm\u00ednek. No\u017ee B\u00f6ker vyr\u00e1b\u011bj\u00ed podle vlastn\u00edch n\u00e1vrh\u016f nebo podle n\u00e1vrh\u016f zn\u00e1m\u00fdch no\u017e\u00ed\u0159\u016f. Kapesn\u00ed no\u017ee s dokonalou \u010depel\u00ed a z kvalitn\u00edch materi\u00e1l\u016f p\u0159edstavuj\u00ed nejen perfektn\u00ed designov\u00fd dopln\u011bk, ale tak\u00e9 neuv\u011b\u0159iteln\u011b u\u017eite\u010dn\u00e9ho pomocn\u00edka p\u0159i r\u016fzn\u00fdch \u00fakolech.<\/p>\n<p>Materi\u00e1l \u010depele: D2<br \/>\nMateri\u00e1l rukojeti: G-10<br \/>\nPojistka: Linerlock<br \/>\nD\u00e9lka \u010depele: 7.6 cm<br \/>\nCelkov\u00e1 d\u00e9lka: 17.5 cm<br \/>\nD\u00e9lka rukojeti: 9.9 cm<br \/>\nTlou\u0161\u0165ka \u010depele: 2.78 mm<br \/>\nHmotnost: 46 g<br \/>\nVyu\u017eit\u00ed: EDC &#8211; ka\u017edodenn\u00ed no\u0161en\u00ed<\/p>\n","protected":false},"excerpt":{"rendered":"<p>Zav\u00edrac\u00ed n\u016f\u017e s pojistkou.<\/p>\n","protected":false},"featured_media":199063,"comment_status":"open","ping_status":"closed","template":"","meta":[],"pwb-brand":[140],"product_brand":[],"product_cat":[22,17],"product_tag":[3667],"class_list":{"0":"post-199062","1":"product","2":"type-product","3":"status-publish","4":"has-post-thumbnail","6":"pwb-brand-boker","7":"product_cat-zaviraci-noze","8":"product_cat-noze","9":"product_tag-b2b","11":"first","12":"instock","13":"taxable","14":"shipping-taxable","15":"purchasable","16":"product-type-simple"},"brands":[{"id":140,"name":"Boker","slug":"boker"}],"_links":{"self":[{"href":"https:\/\/www.moskito.cz\/pl\/wp-json\/wp\/v2\/product\/199062","targetHints":{"allow":["GET"]}}],"collection":[{"href":"https:\/\/www.moskito.cz\/pl\/wp-json\/wp\/v2\/product"}],"about":[{"href":"https:\/\/www.moskito.cz\/pl\/wp-json\/wp\/v2\/types\/product"}],"replies":[{"embeddable":true,"href":"https:\/\/www.moskito.cz\/pl\/wp-json\/wp\/v2\/comments?post=199062"}],"wp:featuredmedia":[{"embeddable":true,"href":"https:\/\/www.moskito.cz\/pl\/wp-json\/wp\/v2\/media\/199063"}],"wp:attachment":[{"href":"https:\/\/www.moskito.cz\/pl\/wp-json\/wp\/v2\/media?parent=199062"}],"wp:term":[{"taxonomy":"pwb-brand","embeddable":true,"href":"https:\/\/www.moskito.cz\/pl\/wp-json\/wp\/v2\/pwb-brand?post=199062"},{"taxonomy":"product_brand","embeddable":true,"href":"https:\/\/www.moskito.cz\/pl\/wp-json\/wp\/v2\/product_brand?post=199062"},{"taxonomy":"product_cat","embeddable":true,"href":"https:\/\/www.moskito.cz\/pl\/wp-json\/wp\/v2\/product_cat?post=199062"},{"taxonomy":"product_tag","embeddable":true,"href":"https:\/\/www.moskito.cz\/pl\/wp-json\/wp\/v2\/product_tag?post=199062"}],"curies":[{"name":"wp","href":"https:\/\/api.w.org\/{rel}","templated":true}]}}