{"id":199110,"date":"2021-05-25T22:07:55","date_gmt":"2021-05-25T21:07:55","guid":{"rendered":"https:\/\/www.moskito.cz\/?post_type=product&#038;p=199110"},"modified":"2025-05-07T10:34:42","modified_gmt":"2025-05-07T09:34:42","slug":"zaviraci-nuz-boker-magnum-seventies-metallic","status":"publish","type":"product","link":"https:\/\/www.moskito.cz\/pl\/produkt\/zaviraci-nuz-boker-magnum-seventies-metallic\/","title":{"rendered":"Zav\u00edrac\u00ed N\u016f\u017e B\u00f6ker Magnum SEVENTIES METALLIC"},"content":{"rendered":"<p>Zav\u00edrac\u00ed N\u016f\u017e <strong>B\u00f6ker<\/strong> Magnum SEVENTIES METALLIC.<\/p>\n<p>Design Magnumu Seventies Metallic p\u0159ipom\u00edn\u00e1 nezapomenuteln\u00e9 automobily ze sedmdes\u00e1t\u00fdch let. V\u0161estrann\u00fd u\u017eite\u010dn\u00fd kapesn\u00ed n\u016f\u017e je vybaven \u010depel\u00ed z nerezav\u011bj\u00edc\u00ed oceli 440A, kter\u00e1 se otev\u00edr\u00e1 tradi\u010dn\u00edm palcov\u00fdm kol\u00edkem (Thumb stud). Stabiln\u00ed zaji\u0161\u0165ovac\u00ed pojistka Linerlock zaji\u0161\u0165uje \u010depel na sv\u00e9m m\u00edst\u011b. Zvln\u011bn\u00ed na zadn\u00ed stran\u011b \u010depele zvy\u0161uj\u00ed bezpe\u010dnost p\u0159i pr\u00e1ci d\u00edky pevn\u00e9mu uchopen\u00ed. Rukoje\u0165 je z hlin\u00edku bronzov\u00e9 barvy. Se sponou na kapsy.<\/p>\n<p>Materi\u00e1l \u010depele: 440A<br \/>\nMateri\u00e1l rukojeti: Hlin\u00edk<br \/>\nPojistka: Linerlock<br \/>\nD\u00e9lka \u010depele: 8.3 cm<br \/>\nCelkov\u00e1 d\u00e9lka: 19.5 cm<br \/>\nTlou\u0161\u0165ka \u010depele: 2.69 mm<br \/>\nHmotnost: 121 g<\/p>\n","protected":false},"excerpt":{"rendered":"<p>Zav\u00edrac\u00ed n\u016f\u017e s pojistkou.<\/p>\n","protected":false},"featured_media":199111,"comment_status":"open","ping_status":"closed","template":"","meta":[],"pwb-brand":[140],"product_brand":[],"product_cat":[22,17],"product_tag":[],"class_list":{"0":"post-199110","1":"product","2":"type-product","3":"status-publish","4":"has-post-thumbnail","6":"pwb-brand-boker","7":"product_cat-zaviraci-noze","8":"product_cat-noze","10":"first","11":"outofstock","12":"taxable","13":"shipping-taxable","14":"purchasable","15":"product-type-simple"},"brands":[{"id":140,"name":"Boker","slug":"boker"}],"_links":{"self":[{"href":"https:\/\/www.moskito.cz\/pl\/wp-json\/wp\/v2\/product\/199110","targetHints":{"allow":["GET"]}}],"collection":[{"href":"https:\/\/www.moskito.cz\/pl\/wp-json\/wp\/v2\/product"}],"about":[{"href":"https:\/\/www.moskito.cz\/pl\/wp-json\/wp\/v2\/types\/product"}],"replies":[{"embeddable":true,"href":"https:\/\/www.moskito.cz\/pl\/wp-json\/wp\/v2\/comments?post=199110"}],"wp:featuredmedia":[{"embeddable":true,"href":"https:\/\/www.moskito.cz\/pl\/wp-json\/wp\/v2\/media\/199111"}],"wp:attachment":[{"href":"https:\/\/www.moskito.cz\/pl\/wp-json\/wp\/v2\/media?parent=199110"}],"wp:term":[{"taxonomy":"pwb-brand","embeddable":true,"href":"https:\/\/www.moskito.cz\/pl\/wp-json\/wp\/v2\/pwb-brand?post=199110"},{"taxonomy":"product_brand","embeddable":true,"href":"https:\/\/www.moskito.cz\/pl\/wp-json\/wp\/v2\/product_brand?post=199110"},{"taxonomy":"product_cat","embeddable":true,"href":"https:\/\/www.moskito.cz\/pl\/wp-json\/wp\/v2\/product_cat?post=199110"},{"taxonomy":"product_tag","embeddable":true,"href":"https:\/\/www.moskito.cz\/pl\/wp-json\/wp\/v2\/product_tag?post=199110"}],"curies":[{"name":"wp","href":"https:\/\/api.w.org\/{rel}","templated":true}]}}