{"id":199144,"date":"2021-05-26T20:25:48","date_gmt":"2021-05-26T19:25:48","guid":{"rendered":"https:\/\/www.moskito.cz\/?post_type=product&#038;p=199144"},"modified":"2025-05-07T10:34:43","modified_gmt":"2025-05-07T09:34:43","slug":"zaviraci-nuz-magnum-red-pupil","status":"publish","type":"product","link":"https:\/\/www.moskito.cz\/pl\/produkt\/zaviraci-nuz-magnum-red-pupil\/","title":{"rendered":"Zav\u00edrac\u00ed N\u016f\u017e Magnum Red Pupil"},"content":{"rendered":"<p>Zav\u00edrac\u00ed N\u016f\u017e <strong>Magnum<\/strong> Red Pupil.<\/p>\n<p>Elegantn\u00ed Magnum Red Pupil je elegantn\u00ed kapesn\u00ed n\u016f\u017e pro ka\u017edodenn\u00ed pou\u017eit\u00ed, kter\u00fd zaujme vysoce kvalitn\u00edmi d\u0159ev\u011bn\u00fdmi rukoje\u0165ov\u00fdmi v\u00e1hami a \u010derven\u00fdmi akcenty. Trojrozm\u011brn\u011b fr\u00e9zovan\u00e9 sko\u0159epiny ze zebranov\u00e9ho d\u0159eva jsou opat\u0159eny vrstvami \u010derven\u00fdch vl\u00e1ken, zat\u00edmco \u0161rouby a \u010depy palc\u016f na obou stran\u00e1ch jsou tak\u00e9 \u010derven\u00e9, \u010d\u00edm\u017e vytv\u00e1\u0159ej\u00ed naprosto harmonick\u00fd celkov\u00fd obraz. \u010cepel z nerezov\u00e9 oceli 440A je zaji\u0161t\u011bna spolehliv\u00fdm vlo\u017ekov\u00fdm z\u00e1mkem. Se skryt\u00fdm otvorem na \u0161\u0148\u016frku a praktickou sponou pro hlubok\u00e9 p\u0159en\u00e1\u0161en\u00ed (sklopen\u00ed \/ r).<\/p>\n<p>Celkov\u00e1 d\u00e9lka: 19,8 cm<br \/>\nD\u00e9lka \u010depele: 8,2 cm<br \/>\nTlou\u0161\u0165ka \u010depele: 3,3 mm<br \/>\nHmotnost: 98 g<br \/>\nMateri\u00e1l \u010depele: 440A<br \/>\nMateri\u00e1l rukojeti:\u00a0d\u0159evo<\/p>\n","protected":false},"excerpt":{"rendered":"<p>Zav\u00edrac\u00ed n\u016f\u017e s pojistkou.<\/p>\n","protected":false},"featured_media":199145,"comment_status":"open","ping_status":"closed","template":"","meta":[],"pwb-brand":[140],"product_brand":[],"product_cat":[22,17],"product_tag":[],"class_list":{"0":"post-199144","1":"product","2":"type-product","3":"status-publish","4":"has-post-thumbnail","6":"pwb-brand-boker","7":"product_cat-zaviraci-noze","8":"product_cat-noze","10":"first","11":"instock","12":"taxable","13":"shipping-taxable","14":"purchasable","15":"product-type-simple"},"brands":[{"id":140,"name":"Boker","slug":"boker"}],"_links":{"self":[{"href":"https:\/\/www.moskito.cz\/pl\/wp-json\/wp\/v2\/product\/199144","targetHints":{"allow":["GET"]}}],"collection":[{"href":"https:\/\/www.moskito.cz\/pl\/wp-json\/wp\/v2\/product"}],"about":[{"href":"https:\/\/www.moskito.cz\/pl\/wp-json\/wp\/v2\/types\/product"}],"replies":[{"embeddable":true,"href":"https:\/\/www.moskito.cz\/pl\/wp-json\/wp\/v2\/comments?post=199144"}],"wp:featuredmedia":[{"embeddable":true,"href":"https:\/\/www.moskito.cz\/pl\/wp-json\/wp\/v2\/media\/199145"}],"wp:attachment":[{"href":"https:\/\/www.moskito.cz\/pl\/wp-json\/wp\/v2\/media?parent=199144"}],"wp:term":[{"taxonomy":"pwb-brand","embeddable":true,"href":"https:\/\/www.moskito.cz\/pl\/wp-json\/wp\/v2\/pwb-brand?post=199144"},{"taxonomy":"product_brand","embeddable":true,"href":"https:\/\/www.moskito.cz\/pl\/wp-json\/wp\/v2\/product_brand?post=199144"},{"taxonomy":"product_cat","embeddable":true,"href":"https:\/\/www.moskito.cz\/pl\/wp-json\/wp\/v2\/product_cat?post=199144"},{"taxonomy":"product_tag","embeddable":true,"href":"https:\/\/www.moskito.cz\/pl\/wp-json\/wp\/v2\/product_tag?post=199144"}],"curies":[{"name":"wp","href":"https:\/\/api.w.org\/{rel}","templated":true}]}}