{"id":199198,"date":"2021-05-27T13:12:30","date_gmt":"2021-05-27T12:12:30","guid":{"rendered":"https:\/\/www.moskito.cz\/?post_type=product&#038;p=199198"},"modified":"2025-05-07T10:34:43","modified_gmt":"2025-05-07T09:34:43","slug":"pevny-nuz-boker-arbolito-el-heroe","status":"publish","type":"product","link":"https:\/\/www.moskito.cz\/pl\/produkt\/pevny-nuz-boker-arbolito-el-heroe\/","title":{"rendered":"Pevn\u00fd N\u016f\u017e B\u00f6ker Arbolito El H\u00e9roe"},"content":{"rendered":"<p>Pevn\u00fd N\u016f\u017e <strong>B\u00f6ker<\/strong> Arbolito El H\u00e9roe.<\/p>\n<p>B\u00f6ker Solingen Manufaktur je pokra\u010dovatel n\u011bmeck\u00e9 tradice vyhl\u00e1\u0161en\u00fdch no\u017e\u016f od roku 1869. Tato pr\u00e9miov\u00e1 zna\u010dka ru\u010dn\u011b vyr\u00e1b\u00ed no\u017ee pro lovce, obranu, ka\u017edodenn\u00ed no\u0161en\u00ed, ale i vojensk\u00e9 speci\u00e1ly do nejt\u011b\u017e\u0161\u00edch podm\u00ednek.<\/p>\n<p>Celkov\u00e1 d\u00e9lka: 17 cn<\/p>\n<p>D\u00e9lka \u010depele: 7.5 mm<\/p>\n<p>Hmotnost: 247 g<\/p>\n<p>Materi\u00e1l \u010depele:<\/p>\n<p>N695<\/p>\n<p>Materi\u00e1l rukojeti:<\/p>\n<p>Guayacan-Ebenov\u00e9 D\u0159evo<\/p>\n","protected":false},"excerpt":{"rendered":"<p>Pevn\u00fd n\u016f\u017e s pouzdrem.<\/p>\n","protected":false},"featured_media":199199,"comment_status":"open","ping_status":"closed","template":"","meta":[],"pwb-brand":[140],"product_brand":[],"product_cat":[23,17],"product_tag":[],"class_list":{"0":"post-199198","1":"product","2":"type-product","3":"status-publish","4":"has-post-thumbnail","6":"pwb-brand-boker","7":"product_cat-pevne-noze","8":"product_cat-noze","10":"first","11":"outofstock","12":"taxable","13":"shipping-taxable","14":"purchasable","15":"product-type-simple"},"brands":[{"id":140,"name":"Boker","slug":"boker"}],"_links":{"self":[{"href":"https:\/\/www.moskito.cz\/pl\/wp-json\/wp\/v2\/product\/199198","targetHints":{"allow":["GET"]}}],"collection":[{"href":"https:\/\/www.moskito.cz\/pl\/wp-json\/wp\/v2\/product"}],"about":[{"href":"https:\/\/www.moskito.cz\/pl\/wp-json\/wp\/v2\/types\/product"}],"replies":[{"embeddable":true,"href":"https:\/\/www.moskito.cz\/pl\/wp-json\/wp\/v2\/comments?post=199198"}],"wp:featuredmedia":[{"embeddable":true,"href":"https:\/\/www.moskito.cz\/pl\/wp-json\/wp\/v2\/media\/199199"}],"wp:attachment":[{"href":"https:\/\/www.moskito.cz\/pl\/wp-json\/wp\/v2\/media?parent=199198"}],"wp:term":[{"taxonomy":"pwb-brand","embeddable":true,"href":"https:\/\/www.moskito.cz\/pl\/wp-json\/wp\/v2\/pwb-brand?post=199198"},{"taxonomy":"product_brand","embeddable":true,"href":"https:\/\/www.moskito.cz\/pl\/wp-json\/wp\/v2\/product_brand?post=199198"},{"taxonomy":"product_cat","embeddable":true,"href":"https:\/\/www.moskito.cz\/pl\/wp-json\/wp\/v2\/product_cat?post=199198"},{"taxonomy":"product_tag","embeddable":true,"href":"https:\/\/www.moskito.cz\/pl\/wp-json\/wp\/v2\/product_tag?post=199198"}],"curies":[{"name":"wp","href":"https:\/\/api.w.org\/{rel}","templated":true}]}}