{"id":199253,"date":"2021-05-27T21:09:39","date_gmt":"2021-05-27T20:09:39","guid":{"rendered":"https:\/\/www.moskito.cz\/?post_type=product&#038;p=199253"},"modified":"2025-05-07T10:34:45","modified_gmt":"2025-05-07T09:34:45","slug":"zaviraci-nuz-boker-plus-tech-tool-carbon-4","status":"publish","type":"product","link":"https:\/\/www.moskito.cz\/pl\/produkt\/zaviraci-nuz-boker-plus-tech-tool-carbon-4\/","title":{"rendered":"Zav\u00edrac\u00ed N\u016f\u017e B\u00f6ker Plus TECH TOOL CARBON 4"},"content":{"rendered":"<p>Zav\u00edrac\u00ed N\u016f\u017e <strong>B\u00f6ker<\/strong> Plus TECH TOOL CARBON 4.<\/p>\n<p>No\u017ee Tech-Tool na prvn\u00ed pohled p\u0159ipom\u00ednaj\u00ed klasick\u00e9 \u0160v\u00fdcarsk\u00e9 arm\u00e1dn\u00ed no\u017ee. No nam\u00edsto klasick\u00fdch \u010derven\u00fdch plastov\u00fdch \u010drienok pou\u017eili vysoce kvalitn\u00ed materi\u00e1l z uhl\u00edkov\u00e9ho vl\u00e1kna a G10. Na v\u00fdrobu \u010depeli za zvolila ocel Sandvik 12C27, kter\u00e1 je nerezov\u00e1 a speci\u00e1ln\u011b vyroben\u00e1 pro no\u017ee. Spona se nach\u00e1z\u00ed na prav\u00e9 stran\u011b. Na samotn\u00e9m konci se nach\u00e1z\u00ed rozb\u00edje\u010d skla.<\/p>\n<p>Funkce: V\u00fdvrtka, otv\u00edr\u00e1k na l\u00e1hve, hladk\u00e1 \u010depel, n\u016f\u017eky, kle\u0161t\u011b, pilka, krou\u017eek na kl\u00ed\u010de, rozb\u00edje\u010d skla, propichova\u010d.<\/p>\n<p>Materi\u00e1l \u010depele: 12C27<br \/>\nMateri\u00e1l rukojeti: G-10, Carbon Fiber<br \/>\nPojistka: Slipjoint<br \/>\nD\u00e9lka \u010depele: 7.1 cm<br \/>\nCelkov\u00e1 d\u00e9lka: 16.7 cm<br \/>\nTlou\u0161\u0165ka \u010depele: 2.3 mm<br \/>\nHmotnost: 179 g<\/p>\n","protected":false},"excerpt":{"rendered":"<p>V\u00edce\u00fa\u010delov\u00fd n\u016f\u017e.<\/p>\n","protected":false},"featured_media":199254,"comment_status":"open","ping_status":"closed","template":"","meta":[],"pwb-brand":[140],"product_brand":[],"product_cat":[22,17],"product_tag":[3667],"class_list":{"0":"post-199253","1":"product","2":"type-product","3":"status-publish","4":"has-post-thumbnail","6":"pwb-brand-boker","7":"product_cat-zaviraci-noze","8":"product_cat-noze","9":"product_tag-b2b","11":"first","12":"instock","13":"taxable","14":"shipping-taxable","15":"purchasable","16":"product-type-simple"},"brands":[{"id":140,"name":"Boker","slug":"boker"}],"_links":{"self":[{"href":"https:\/\/www.moskito.cz\/pl\/wp-json\/wp\/v2\/product\/199253","targetHints":{"allow":["GET"]}}],"collection":[{"href":"https:\/\/www.moskito.cz\/pl\/wp-json\/wp\/v2\/product"}],"about":[{"href":"https:\/\/www.moskito.cz\/pl\/wp-json\/wp\/v2\/types\/product"}],"replies":[{"embeddable":true,"href":"https:\/\/www.moskito.cz\/pl\/wp-json\/wp\/v2\/comments?post=199253"}],"wp:featuredmedia":[{"embeddable":true,"href":"https:\/\/www.moskito.cz\/pl\/wp-json\/wp\/v2\/media\/199254"}],"wp:attachment":[{"href":"https:\/\/www.moskito.cz\/pl\/wp-json\/wp\/v2\/media?parent=199253"}],"wp:term":[{"taxonomy":"pwb-brand","embeddable":true,"href":"https:\/\/www.moskito.cz\/pl\/wp-json\/wp\/v2\/pwb-brand?post=199253"},{"taxonomy":"product_brand","embeddable":true,"href":"https:\/\/www.moskito.cz\/pl\/wp-json\/wp\/v2\/product_brand?post=199253"},{"taxonomy":"product_cat","embeddable":true,"href":"https:\/\/www.moskito.cz\/pl\/wp-json\/wp\/v2\/product_cat?post=199253"},{"taxonomy":"product_tag","embeddable":true,"href":"https:\/\/www.moskito.cz\/pl\/wp-json\/wp\/v2\/product_tag?post=199253"}],"curies":[{"name":"wp","href":"https:\/\/api.w.org\/{rel}","templated":true}]}}