{"id":199262,"date":"2021-05-27T21:26:12","date_gmt":"2021-05-27T20:26:12","guid":{"rendered":"https:\/\/www.moskito.cz\/?post_type=product&#038;p=199262"},"modified":"2025-05-07T10:34:45","modified_gmt":"2025-05-07T09:34:45","slug":"zaviraci-nuz-magnum-roshi-rails","status":"publish","type":"product","link":"https:\/\/www.moskito.cz\/pl\/produkt\/zaviraci-nuz-magnum-roshi-rails\/","title":{"rendered":"Zav\u00edrac\u00ed N\u016f\u017e Magnum Roshi Rails"},"content":{"rendered":"<p>Zav\u00edrac\u00ed N\u016f\u017e <strong>Magnum<\/strong> Roshi Rails.<\/p>\n<p>Magnum Roshi Rails je technick\u00e1 interpretace kapesn\u00edho no\u017ee Tanto s robustn\u00ed rukojet\u00ed a \u010dist\u00fdmi liniemi. \u010cepel z nerezov\u00e9 oceli 440A m\u00e1 flipper, kter\u00fd u t\u00e9to liniov\u00e9 konstrukce zabra\u0148uje sklouznut\u00ed ruky po \u010depeli. Pojistka Linerlock proti necht\u011bn\u00e9mu zav\u0159en\u00ed p\u0159i pou\u017e\u00edv\u00e1n\u00ed je chyt\u0159e integrov\u00e1na do obrysu no\u017ee. Se sponou pro no\u0161en\u00ed \u0161pi\u010dkou nahoru (tip-up).<br \/>\nCelkov\u00e1 d\u00e9lka: 21 cm<br \/>\nD\u00e9lka \u010depele: 9.5 cm<br \/>\nTlou\u0161\u0165ka \u010depele: 3.3 mm<br \/>\nHmotnost:: 122 g<br \/>\nMateri\u00e1l \u010depele: 440A<br \/>\nMateri\u00e1l rukojeti:U\u0161lechtil\u00e1 ocel<\/p>\n","protected":false},"excerpt":{"rendered":"<p>Zav\u00edrac\u00ed n\u016f\u017e s pojistkou.<\/p>\n","protected":false},"featured_media":199263,"comment_status":"open","ping_status":"closed","template":"","meta":[],"pwb-brand":[140],"product_brand":[],"product_cat":[22,17],"product_tag":[],"class_list":{"0":"post-199262","1":"product","2":"type-product","3":"status-publish","4":"has-post-thumbnail","6":"pwb-brand-boker","7":"product_cat-zaviraci-noze","8":"product_cat-noze","10":"first","11":"outofstock","12":"taxable","13":"shipping-taxable","14":"purchasable","15":"product-type-simple"},"brands":[{"id":140,"name":"Boker","slug":"boker"}],"_links":{"self":[{"href":"https:\/\/www.moskito.cz\/pl\/wp-json\/wp\/v2\/product\/199262","targetHints":{"allow":["GET"]}}],"collection":[{"href":"https:\/\/www.moskito.cz\/pl\/wp-json\/wp\/v2\/product"}],"about":[{"href":"https:\/\/www.moskito.cz\/pl\/wp-json\/wp\/v2\/types\/product"}],"replies":[{"embeddable":true,"href":"https:\/\/www.moskito.cz\/pl\/wp-json\/wp\/v2\/comments?post=199262"}],"wp:featuredmedia":[{"embeddable":true,"href":"https:\/\/www.moskito.cz\/pl\/wp-json\/wp\/v2\/media\/199263"}],"wp:attachment":[{"href":"https:\/\/www.moskito.cz\/pl\/wp-json\/wp\/v2\/media?parent=199262"}],"wp:term":[{"taxonomy":"pwb-brand","embeddable":true,"href":"https:\/\/www.moskito.cz\/pl\/wp-json\/wp\/v2\/pwb-brand?post=199262"},{"taxonomy":"product_brand","embeddable":true,"href":"https:\/\/www.moskito.cz\/pl\/wp-json\/wp\/v2\/product_brand?post=199262"},{"taxonomy":"product_cat","embeddable":true,"href":"https:\/\/www.moskito.cz\/pl\/wp-json\/wp\/v2\/product_cat?post=199262"},{"taxonomy":"product_tag","embeddable":true,"href":"https:\/\/www.moskito.cz\/pl\/wp-json\/wp\/v2\/product_tag?post=199262"}],"curies":[{"name":"wp","href":"https:\/\/api.w.org\/{rel}","templated":true}]}}