{"id":199302,"date":"2021-05-28T22:00:37","date_gmt":"2021-05-28T21:00:37","guid":{"rendered":"https:\/\/www.moskito.cz\/?post_type=product&#038;p=199302"},"modified":"2025-05-07T10:34:46","modified_gmt":"2025-05-07T09:34:46","slug":"zaviraci-nuz-magnum-long-lead-edc","status":"publish","type":"product","link":"https:\/\/www.moskito.cz\/pl\/produkt\/zaviraci-nuz-magnum-long-lead-edc\/","title":{"rendered":"Zav\u00edrac\u00ed N\u016f\u017e Magnum Long Lead EDC"},"content":{"rendered":"<p>Zav\u00edrac\u00ed N\u016f\u017e <strong>Magnum<\/strong> Long Lead EDC.<\/p>\n<p>Magnum Long Lead EDC je klasick\u00fd d\u017eentlmensk\u00fd a labu\u017enick\u00fd kapesn\u00ed n\u016f\u017e pro ka\u017edodenn\u00ed pou\u017eit\u00ed, kter\u00fd okam\u017eit\u011b nadchne sv\u00fdm jednoduch\u00fdm, m\u00edrn\u011b zak\u0159iven\u00fdm designem. P\u0159\u00edmo\u010dar\u00e9mu designu odpov\u00edd\u00e1 tak\u00e9 technick\u00e9 proveden\u00ed jako n\u016f\u017e s ploch\u00fdm hrotem, kter\u00fd se milionkr\u00e1t osv\u011bd\u010dil d\u00edky jednoduch\u00e9mu ovl\u00e1d\u00e1n\u00ed a men\u0161\u00edmu po\u010dtu komponent. Satinovan\u00e1 \u010depel z nerezov\u00e9 oceli 8Cr13MoV m\u00e1 ploch\u00e9 brou\u0161en\u00ed, otev\u00edr\u00e1 se \u0159ezem h\u0159eb\u00edkem a nezamyk\u00e1 se. M\u00edrn\u011b tvarovan\u00e9 stupnice rukojeti vyroben\u00e9 z texturovan\u00e9ho G10 pohodln\u011b le\u017e\u00ed v ruce. S klipem (sklopen\u00ed \/ r).<\/p>\n<p>Celkov\u00e1 d\u00e9lka: 18,4 cm<br \/>\nD\u00e9lka \u010depele: 8 cm<br \/>\nTlou\u0161\u0165ka \u010depele: 2,7 mm<br \/>\nHmotnost: 78 g<br \/>\nMateri\u00e1l \u010depele: 8Cr13MoV<br \/>\nMateri\u00e1l rukojeti: G10<br \/>\nOtev\u00edrac\u00ed: Ru\u010dn\u011b<br \/>\nUzav\u0159en\u00ed: Slipjoint<br \/>\nBarva: \u010cern\u00e1<br \/>\nBarva \u010depele: Bez povrchov\u00e9 \u00fapravy<\/p>\n","protected":false},"excerpt":{"rendered":"<p>Zav\u00edrac\u00ed n\u016f\u017e s pojistkou a klipem.<\/p>\n","protected":false},"featured_media":199303,"comment_status":"open","ping_status":"closed","template":"","meta":[],"pwb-brand":[140],"product_brand":[],"product_cat":[22,17],"product_tag":[3667],"class_list":{"0":"post-199302","1":"product","2":"type-product","3":"status-publish","4":"has-post-thumbnail","6":"pwb-brand-boker","7":"product_cat-zaviraci-noze","8":"product_cat-noze","9":"product_tag-b2b","11":"first","12":"instock","13":"taxable","14":"shipping-taxable","15":"purchasable","16":"product-type-simple"},"brands":[{"id":140,"name":"Boker","slug":"boker"}],"_links":{"self":[{"href":"https:\/\/www.moskito.cz\/pl\/wp-json\/wp\/v2\/product\/199302","targetHints":{"allow":["GET"]}}],"collection":[{"href":"https:\/\/www.moskito.cz\/pl\/wp-json\/wp\/v2\/product"}],"about":[{"href":"https:\/\/www.moskito.cz\/pl\/wp-json\/wp\/v2\/types\/product"}],"replies":[{"embeddable":true,"href":"https:\/\/www.moskito.cz\/pl\/wp-json\/wp\/v2\/comments?post=199302"}],"wp:featuredmedia":[{"embeddable":true,"href":"https:\/\/www.moskito.cz\/pl\/wp-json\/wp\/v2\/media\/199303"}],"wp:attachment":[{"href":"https:\/\/www.moskito.cz\/pl\/wp-json\/wp\/v2\/media?parent=199302"}],"wp:term":[{"taxonomy":"pwb-brand","embeddable":true,"href":"https:\/\/www.moskito.cz\/pl\/wp-json\/wp\/v2\/pwb-brand?post=199302"},{"taxonomy":"product_brand","embeddable":true,"href":"https:\/\/www.moskito.cz\/pl\/wp-json\/wp\/v2\/product_brand?post=199302"},{"taxonomy":"product_cat","embeddable":true,"href":"https:\/\/www.moskito.cz\/pl\/wp-json\/wp\/v2\/product_cat?post=199302"},{"taxonomy":"product_tag","embeddable":true,"href":"https:\/\/www.moskito.cz\/pl\/wp-json\/wp\/v2\/product_tag?post=199302"}],"curies":[{"name":"wp","href":"https:\/\/api.w.org\/{rel}","templated":true}]}}