{"id":199449,"date":"2021-05-31T20:57:55","date_gmt":"2021-05-31T19:57:55","guid":{"rendered":"https:\/\/www.moskito.cz\/?post_type=product&#038;p=199449"},"modified":"2025-05-07T10:34:47","modified_gmt":"2025-05-07T09:34:47","slug":"zaviraci-nuz-boker-plus-pocket-smatchet","status":"publish","type":"product","link":"https:\/\/www.moskito.cz\/pl\/produkt\/zaviraci-nuz-boker-plus-pocket-smatchet\/","title":{"rendered":"Zav\u00edrac\u00ed N\u016f\u017e B\u00f6ker Plus Pocket Smatchet"},"content":{"rendered":"<p>Zav\u00edrac\u00ed N\u016f\u017e <strong>B\u00f6ker<\/strong> Plus Pocket Smatchet.<\/p>\n<p>B\u00f6ker Smatchet navr\u017een\u00fd plukovn\u00edkem Rexem Applegate byl vyvinut jako impozantn\u00ed, nadrozm\u011brn\u00fd bojov\u00fd n\u016f\u017e, ale lze jej tak\u00e9 perfektn\u011b pou\u017e\u00edt jako multifunk\u010dn\u00ed outdoorov\u00fd n\u00e1stroj. D\u00edky sv\u00fdm p\u016fsobiv\u00fdm rozm\u011br\u016fm je ale n\u016f\u017e p\u0159i no\u0161en\u00ed pom\u011brn\u011b nepohodln\u00fd. Zde p\u0159ich\u00e1z\u00ed na trh nov\u011b vyvinut\u00fd kapesn\u00ed kapesn\u00ed n\u016f\u017e Boker Plus od Chucka Gedraitise, kter\u00fd kombinuje form\u00e1ln\u00ed jazyk slavn\u00e9 klasiky s v\u00fdhodami praktick\u00e9 konstrukce kapesn\u00edho no\u017ee. Americk\u00fd v\u00fdrobce no\u017e\u016f na zak\u00e1zku navrhuje a vyr\u00e1b\u00ed vysoce kvalitn\u00ed a praktick\u00e9 no\u017ee od sv\u00fdch 16 let a d\u00edky sv\u00fdm inovativn\u00edm design\u016fm kapesn\u00edch no\u017e\u016f ji\u017e z\u00edskal \u0159adu ocen\u011bn\u00ed.<\/p>\n<p>Robustn\u00ed Pocket Smatchet je vybaven \u010depel\u00ed hrotu o\u0161t\u011bpu ve tvaru listu vyroben\u00e9ho z VG-10, kter\u00e1 je opat\u0159ena odolnou povrchovou \u00fapravou stonewash. Odn\u00edmateln\u00fd \u010dep na palec na zadn\u00ed stran\u011b \u010depele umo\u017e\u0148uje otev\u00edr\u00e1n\u00ed \u010depele ob\u011bma rukama, zat\u00edmco stabiln\u00ed z\u00e1mek vlo\u017eky ji spolehliv\u011b zajist\u00ed na m\u00edst\u011b. Dekorativn\u00ed dr\u00e1\u017eka pokra\u010duje na protiskluzov\u00fdch \u00fachytn\u00fdch panelech ze zelen\u00e9 pl\u00e1t\u011bn\u00e9 micarty, kter\u00e9 jsou d\u00edky jemn\u00e9 textu\u0159e obzvl\u00e1\u0161t\u011b bezpe\u010dn\u00e9 v ruce. Stabiln\u00ed spona (sklopen\u00ed \/ r) je vyfr\u00e9zov\u00e1na z masivn\u00edho materi\u00e1lu a je tak\u00e9 vybavena charakteristick\u00fdmi prohlubn\u011bmi klasick\u00e9ho smatchetu. S otvorem na krk a vysoce kvalitn\u00edm nylonov\u00fdm pouzdrem pro ulo\u017een\u00ed.<\/p>\n<p>Celkov\u00e1 d\u00e9lka: 23,5 cm<br \/>\nD\u00e9lka \u010depele: 9,5 cm<br \/>\nTlou\u0161\u0165ka \u010depele: 3,9 mm<br \/>\nHmotnost: 207 g<br \/>\nN\u00e1vrh\u00e1\u0159: Chuck Gedraitis<br \/>\nMateri\u00e1l \u010depele: VG-10<br \/>\nMateri\u00e1l rukojeti: Micarta<br \/>\nBarva: \u0160ed\u00e1<br \/>\nBarva \u010depele: Bez povrchov\u00e9 \u00fapravy<\/p>\n<p>Designed by Col. Rex Applegate, the Boker Smatchet was developed as an impressive, oversized combat knife, but can also be used perfectly as a multifunctional outdoor tool. Due to its impressive dimensions, however, the combat knife offers comparatively little carrying comfort. This is where the newly developed Boker Plus Pocket Smatchet by Chuck Gedraitis comes in, combining the design language of the famous classic with the advantages of a practical pocket knife construction. The American custom knifemaker has been designing and manufacturing high-quality, practical knives since he was 16 years old and has already won numerous awards with his innovative pocket knife designs.<\/p>\n<p>The robust Pocket Smatchet is equipped with a blade-shaped Spearpoint blade made of VG-10, which is provided with a resistant stonewash finish. The detachable thumb stud on the back of the blade allows for ambidextrous opening, while a sturdy linerlock reliably locks it in place. The decorative hollow groove continues the non-slip green canvas micarta handle scales, which are particularly secure in the hand thanks to the fine texturing. The sturdy clip (tip-up\/r) is milled from the solid and also features the characteristic indentations of the classic Smatchet. With lanyard hole and high-quality nylon case for storage.<\/p>\n<p>&nbsp;<\/p>\n","protected":false},"excerpt":{"rendered":"<p>B\u00f6ker Smatchet navr\u017een\u00fd plukovn\u00edkem Rexem Applegatem.<\/p>\n","protected":false},"featured_media":199450,"comment_status":"open","ping_status":"closed","template":"","meta":[],"pwb-brand":[140],"product_brand":[],"product_cat":[22,17],"product_tag":[3667],"class_list":{"0":"post-199449","1":"product","2":"type-product","3":"status-publish","4":"has-post-thumbnail","6":"pwb-brand-boker","7":"product_cat-zaviraci-noze","8":"product_cat-noze","9":"product_tag-b2b","11":"first","12":"outofstock","13":"taxable","14":"shipping-taxable","15":"purchasable","16":"product-type-simple"},"brands":[{"id":140,"name":"Boker","slug":"boker"}],"_links":{"self":[{"href":"https:\/\/www.moskito.cz\/pl\/wp-json\/wp\/v2\/product\/199449","targetHints":{"allow":["GET"]}}],"collection":[{"href":"https:\/\/www.moskito.cz\/pl\/wp-json\/wp\/v2\/product"}],"about":[{"href":"https:\/\/www.moskito.cz\/pl\/wp-json\/wp\/v2\/types\/product"}],"replies":[{"embeddable":true,"href":"https:\/\/www.moskito.cz\/pl\/wp-json\/wp\/v2\/comments?post=199449"}],"wp:featuredmedia":[{"embeddable":true,"href":"https:\/\/www.moskito.cz\/pl\/wp-json\/wp\/v2\/media\/199450"}],"wp:attachment":[{"href":"https:\/\/www.moskito.cz\/pl\/wp-json\/wp\/v2\/media?parent=199449"}],"wp:term":[{"taxonomy":"pwb-brand","embeddable":true,"href":"https:\/\/www.moskito.cz\/pl\/wp-json\/wp\/v2\/pwb-brand?post=199449"},{"taxonomy":"product_brand","embeddable":true,"href":"https:\/\/www.moskito.cz\/pl\/wp-json\/wp\/v2\/product_brand?post=199449"},{"taxonomy":"product_cat","embeddable":true,"href":"https:\/\/www.moskito.cz\/pl\/wp-json\/wp\/v2\/product_cat?post=199449"},{"taxonomy":"product_tag","embeddable":true,"href":"https:\/\/www.moskito.cz\/pl\/wp-json\/wp\/v2\/product_tag?post=199449"}],"curies":[{"name":"wp","href":"https:\/\/api.w.org\/{rel}","templated":true}]}}