{"id":200677,"date":"2021-07-15T10:14:27","date_gmt":"2021-07-15T09:14:27","guid":{"rendered":"https:\/\/www.moskito.cz\/?post_type=product&#038;p=200677"},"modified":"2025-05-07T10:34:54","modified_gmt":"2025-05-07T09:34:54","slug":"pevny-nuz-extrema-ratio-giant-mamba-hcs-2","status":"publish","type":"product","link":"https:\/\/www.moskito.cz\/pl\/produkt\/pevny-nuz-extrema-ratio-giant-mamba-hcs-2\/","title":{"rendered":"Pevn\u00fd N\u016f\u017e Extrema Ratio GIANT MAMBA HCS"},"content":{"rendered":"<p>Pevn\u00fd N\u016f\u017e <strong>Extrema Ratio<\/strong> GIANT MAMBA HCS.<\/p>\n<p><strong>Giant Mamba<\/strong> m\u00e1 6,3 mm silnou ocel 58 HRC B\u00f6hler N690, \u010depel s ploch\u00fdm ost\u0159\u00edm a celoplo\u0161nou v\u00fdpln\u00ed pro lehkost zakon\u010denou \u010dernou barvou. Forprenov\u00e1 rukoje\u0165 je p\u0159ipevn\u011bna z\u00e1vitov\u00fdm t\u0159menem, d\u00edky kter\u00e9mu je n\u016f\u017e robustn\u00ed a dob\u0159e vyv\u00e1\u017een\u00fd. Vst\u0159ikovan\u00fd, n\u00e1razuvzdorn\u00fd nylon, M.O.L.L.E. kompatibiln\u00ed pochva m\u00e1 tlumic\u00ed syst\u00e9m zabra\u0148uj\u00edc\u00ed chrast\u011bn\u00ed \u010depele, dvojit\u00e1 knofl\u00edkov\u00e1 bezpe\u010dnostn\u00ed smy\u010dka, pogumovan\u00fd stehenn\u00ed popruh proti pooto\u010den\u00ed a bezpe\u010dnostn\u00ed pojistka uvoln\u011bn\u00e1 jednoduch\u00fdm tlakem na p\u00e1\u010dku ve tvaru spou\u0161t\u011b. Nov\u00e1 \u0159ada no\u017e\u016f minimalizuje tlou\u0161\u0165ku a objem bez sn\u00ed\u017een\u00ed tuhosti a bezpe\u010dnosti.<br \/>\nTECHNICK\u00dd LIST<br \/>\nHmotnost g .: 289<\/p>\n<p>D\u00e9lka \u010depele (mm): 163<\/p>\n<p>Celkov\u00e1 d\u00e9lka (mm): 293<\/p>\n<p>Tlou\u0161\u0165ka \u010depele (mm): 6,3<\/p>\n<p>Materi\u00e1l \u010depele: B\u00f6HLER N690 STEEL (58HRC)<br \/>\nMateri\u00e1l rukojeti: FORPRENE<br \/>\nTlou\u0161\u0165ka \u010depele (mm): 6,3<\/p>\n<p>&nbsp;<\/p>\n<p>&nbsp;<\/p>\n<p>&nbsp;<\/p>\n","protected":false},"excerpt":{"rendered":"<p>Spole\u010dnost\u00a0<strong>Extrema Ratio<\/strong>\u00a0se s\u00eddlem v italsk\u00e9m Pratu navrhuje a vyr\u00e1b\u00ed vysoce v\u00fdkonn\u00e9 bojov\u00e9, vojensk\u00e9, kuchy\u0148sk\u00e9, loveck\u00e9 a taktick\u00e9 no\u017ee od roku 1997 a m\u00e1 pov\u011bst vynikaj\u00edc\u00ed kvality, kter\u00e1 je v oboru vojensk\u00fdch a taktick\u00fdch no\u017e\u016f nep\u0159ekonateln\u00e1.\u00a0<strong>Doprava zdarma.<\/strong><\/p>\n","protected":false},"featured_media":200678,"comment_status":"open","ping_status":"closed","template":"","meta":[],"pwb-brand":[267],"product_brand":[],"product_cat":[23,17],"product_tag":[3667],"class_list":{"0":"post-200677","1":"product","2":"type-product","3":"status-publish","4":"has-post-thumbnail","6":"pwb-brand-extrema-ratio","7":"product_cat-pevne-noze","8":"product_cat-noze","9":"product_tag-b2b","11":"first","12":"instock","13":"taxable","14":"shipping-taxable","15":"purchasable","16":"product-type-simple"},"brands":[{"id":267,"name":"Extrema Ratio","slug":"extrema-ratio"}],"_links":{"self":[{"href":"https:\/\/www.moskito.cz\/pl\/wp-json\/wp\/v2\/product\/200677","targetHints":{"allow":["GET"]}}],"collection":[{"href":"https:\/\/www.moskito.cz\/pl\/wp-json\/wp\/v2\/product"}],"about":[{"href":"https:\/\/www.moskito.cz\/pl\/wp-json\/wp\/v2\/types\/product"}],"replies":[{"embeddable":true,"href":"https:\/\/www.moskito.cz\/pl\/wp-json\/wp\/v2\/comments?post=200677"}],"wp:featuredmedia":[{"embeddable":true,"href":"https:\/\/www.moskito.cz\/pl\/wp-json\/wp\/v2\/media\/200678"}],"wp:attachment":[{"href":"https:\/\/www.moskito.cz\/pl\/wp-json\/wp\/v2\/media?parent=200677"}],"wp:term":[{"taxonomy":"pwb-brand","embeddable":true,"href":"https:\/\/www.moskito.cz\/pl\/wp-json\/wp\/v2\/pwb-brand?post=200677"},{"taxonomy":"product_brand","embeddable":true,"href":"https:\/\/www.moskito.cz\/pl\/wp-json\/wp\/v2\/product_brand?post=200677"},{"taxonomy":"product_cat","embeddable":true,"href":"https:\/\/www.moskito.cz\/pl\/wp-json\/wp\/v2\/product_cat?post=200677"},{"taxonomy":"product_tag","embeddable":true,"href":"https:\/\/www.moskito.cz\/pl\/wp-json\/wp\/v2\/product_tag?post=200677"}],"curies":[{"name":"wp","href":"https:\/\/api.w.org\/{rel}","templated":true}]}}