{"id":200688,"date":"2021-07-15T12:41:42","date_gmt":"2021-07-15T11:41:42","guid":{"rendered":"https:\/\/www.moskito.cz\/?post_type=product&#038;p=200688"},"modified":"2025-05-07T10:34:54","modified_gmt":"2025-05-07T09:34:54","slug":"pevny-nuz-extrema-ratio-sethlans-d2-black","status":"publish","type":"product","link":"https:\/\/www.moskito.cz\/pl\/produkt\/pevny-nuz-extrema-ratio-sethlans-d2-black\/","title":{"rendered":"Pevn\u00fd N\u016f\u017e Extrema Ratio SETHLANS D2 BLACK"},"content":{"rendered":"<p>Pevn\u00fd N\u016f\u017e <strong>Extrema Ratio<\/strong> SETHLANS D2 BLACK.<\/p>\n<p>EXTREMA RATIO SETHLANS\u201c je pracovn\u00ed n\u016f\u017e s pevnou \u010depel\u00ed je vhodn\u00fd pro p\u0159e\u017eit\u00ed, bushcraft, prepping, ale tak\u00e9 jako z\u00e1lo\u017en\u00ed n\u016f\u017e.<\/p>\n<p>SETHLANS byl navr\u017een ve spolupr\u00e1ci s Daniele Dal Canto, Master Advanced F.I.S.S.S. instruktorem (Italsk\u00e1 federace sportu a experiment\u00e1ln\u00edho p\u0159e\u017eit\u00ed).<\/p>\n<p>SETHLANS je k dispozici ve dvou r\u016fzn\u00fdch verz\u00edch se dv\u011bma r\u016fzn\u00fdmi druhy oceli.<\/p>\n<p>Verze s kamenn\u00fdm om\u00fdv\u00e1n\u00edm se vyr\u00e1b\u00ed s b\u00f6hlerem N690 tepeln\u011b zpracovan\u00fdm na 58 HRC, kter\u00e1 byla vybr\u00e1na pro spolehlivost, kterou prok\u00e1zala za posledn\u00edch 20 let d\u00edky sv\u00e9 odolnosti proti oxidaci a trvanlivosti ost\u0159\u00ed.<\/p>\n<p>\u010cern\u00e1 verze je vyrobena z oceli D2, tepeln\u011b zpracov\u00e1na a kryogenn\u011b zpracov\u00e1na na 60 HRC, co\u017e p\u0159edstavuje vysokou kapacitu ost\u0159en\u00ed i u provizorn\u00edch n\u00e1stroj\u016f. Aby se dos\u00e1hlo vy\u0161\u0161\u00ed kvality tvrdosti a odolnosti, je \u010depel pota\u017eena nov\u00fdm produktem na b\u00e1zi teflonu \u201eEXP DARK\u201c, navr\u017een\u00fdm spole\u010dnost\u00ed Extrema Ratio.<\/p>\n<p>N\u016f\u017e je dod\u00e1v\u00e1n s gripy G10, kter\u00e9 se vyzna\u010duj\u00ed ergonomick\u00fdm designem charakteristick\u00fdm pro rukojeti Extrema Ratio. Lze je odstranit uvoln\u011bn\u00edm skeletov\u00e9 struktury no\u017ee, co\u017e umo\u017e\u0148uje maxim\u00e1ln\u00ed lehkost s minim\u00e1ln\u00ed tlou\u0161\u0165kou. Pro milovn\u00edky extr\u00e9mn\u00edho p\u0159izp\u016fsoben\u00ed umo\u017e\u0148uje konstrukce s pln\u00fdm tangem zakryt\u00ed rukojeti paracordov\u00fdm kabelem.<\/p>\n<p>Pouzdro je slo\u017eeno z \u010d\u00e1sti ve velmi lehk\u00e9m a minimalistick\u00e9m Kydexu. Lze jej rozebrat a lze jej upravit pro lev\u00e1ky i prav\u00e1ky. P\u0159id\u00e1n\u00ed voliteln\u00e9 spony na opasek umo\u017e\u0148uje um\u00edst\u011bn\u00ed no\u017ee vertik\u00e1ln\u011b i horizont\u00e1ln\u011b a \u010din\u00ed pouzdro mnohem univerz\u00e1ln\u011bj\u0161\u00edm ne\u017e textiln\u00ed verze. Je tak\u00e9 vybaven mini pouzdrem s M.O.L.L.E. Syst\u00e9mem. Pouzdro obsahuje oboustrann\u00fd k\u00e1men pro ost\u0159en\u00ed a Firesteel pro zapalov\u00e1n\u00ed.<\/p>\n<div id=\"tw-target-text-container\" class=\"tw-ta-container F0azHf tw-nfl\" tabindex=\"0\">\n<p>TECHNICK\u00dd LIST<\/p>\n<p>D\u00e9lka \u010depele (palce): 4,21<\/p>\n<p>D\u00e9lka \u010depele (mm): 107<br \/>\nCelkov\u00e1 d\u00e9lka (mm): 224<br \/>\nTlou\u0161\u0165ka \u010depele (mm): \u0158ezan\u00e1 \u010depel od 6,3 mm do 4 mm pro zlep\u0161en\u00ed \u0159ezn\u00fdch schopnost\u00ed<br \/>\nMateri\u00e1l \u010depele: B\u00f6HLER STEEL K110 (D2 60 HRC)<br \/>\nDokon\u010den\u00ed \u010depele: EXP DARK<br \/>\nMateri\u00e1l rukojeti: G10<\/p>\n<p>1<\/p>\n<p>&nbsp;<\/p>\n<\/div>\n","protected":false},"excerpt":{"rendered":"<p>Spole\u010dnost\u00a0<strong>Extrema Ratio<\/strong>\u00a0se s\u00eddlem v italsk\u00e9m Pratu navrhuje a vyr\u00e1b\u00ed vysoce v\u00fdkonn\u00e9 bojov\u00e9, vojensk\u00e9, kuchy\u0148sk\u00e9, loveck\u00e9 a taktick\u00e9 no\u017ee od roku 1997 a m\u00e1 pov\u011bst vynikaj\u00edc\u00ed kvality, kter\u00e1 je v oboru vojensk\u00fdch a taktick\u00fdch no\u017e\u016f nep\u0159ekonateln\u00e1.\u00a0<strong>Doprava zdarma.<\/strong><\/p>\n","protected":false},"featured_media":200690,"comment_status":"open","ping_status":"closed","template":"","meta":[],"pwb-brand":[267],"product_brand":[],"product_cat":[23,17],"product_tag":[3667],"class_list":{"0":"post-200688","1":"product","2":"type-product","3":"status-publish","4":"has-post-thumbnail","6":"pwb-brand-extrema-ratio","7":"product_cat-pevne-noze","8":"product_cat-noze","9":"product_tag-b2b","11":"first","12":"instock","13":"taxable","14":"shipping-taxable","15":"purchasable","16":"product-type-simple"},"brands":[{"id":267,"name":"Extrema Ratio","slug":"extrema-ratio"}],"_links":{"self":[{"href":"https:\/\/www.moskito.cz\/pl\/wp-json\/wp\/v2\/product\/200688","targetHints":{"allow":["GET"]}}],"collection":[{"href":"https:\/\/www.moskito.cz\/pl\/wp-json\/wp\/v2\/product"}],"about":[{"href":"https:\/\/www.moskito.cz\/pl\/wp-json\/wp\/v2\/types\/product"}],"replies":[{"embeddable":true,"href":"https:\/\/www.moskito.cz\/pl\/wp-json\/wp\/v2\/comments?post=200688"}],"wp:featuredmedia":[{"embeddable":true,"href":"https:\/\/www.moskito.cz\/pl\/wp-json\/wp\/v2\/media\/200690"}],"wp:attachment":[{"href":"https:\/\/www.moskito.cz\/pl\/wp-json\/wp\/v2\/media?parent=200688"}],"wp:term":[{"taxonomy":"pwb-brand","embeddable":true,"href":"https:\/\/www.moskito.cz\/pl\/wp-json\/wp\/v2\/pwb-brand?post=200688"},{"taxonomy":"product_brand","embeddable":true,"href":"https:\/\/www.moskito.cz\/pl\/wp-json\/wp\/v2\/product_brand?post=200688"},{"taxonomy":"product_cat","embeddable":true,"href":"https:\/\/www.moskito.cz\/pl\/wp-json\/wp\/v2\/product_cat?post=200688"},{"taxonomy":"product_tag","embeddable":true,"href":"https:\/\/www.moskito.cz\/pl\/wp-json\/wp\/v2\/product_tag?post=200688"}],"curies":[{"name":"wp","href":"https:\/\/api.w.org\/{rel}","templated":true}]}}