{"id":200704,"date":"2021-07-15T13:10:05","date_gmt":"2021-07-15T12:10:05","guid":{"rendered":"https:\/\/www.moskito.cz\/?post_type=product&#038;p=200704"},"modified":"2026-01-09T14:06:13","modified_gmt":"2026-01-09T13:06:13","slug":"pevny-nuz-extrema-ratio-fulcrum-bayonet-black","status":"publish","type":"product","link":"https:\/\/www.moskito.cz\/pl\/produkt\/pevny-nuz-extrema-ratio-fulcrum-bayonet-black\/","title":{"rendered":"Pevn\u00fd N\u016f\u017e Extrema Ratio FULCRUM BAYONET BLACK"},"content":{"rendered":"<p>Pevn\u00fd N\u016f\u017e <strong>Extrema Ratio<\/strong> FULCRUM BAYONET BLACK.<\/p>\n<p>V n\u00e1vaznosti na n\u00e1\u0161 velmi \u00fasp\u011b\u0161n\u00fd n\u016f\u017e FULCRUM jsme v Extrema Ratio vyvinuli bajonetovou verzi tohoto designu. Stejn\u011b jako p\u016fvodn\u00ed FULCRUM je i tento bajonet extr\u00e9mn\u011b v\u0161estrann\u00fd a siln\u00fd, schopn\u00fd un\u00e9st zat\u00ed\u017een\u00ed p\u0159es 150 kilogram\u016f. \u010cepel ve tvaru tanto umo\u017e\u0148uje velk\u00e9 mno\u017estv\u00ed pr\u00e1ce a opot\u0159eben\u00ed, p\u0159i\u010dem\u017e si na sv\u00e9 mimo\u0159\u00e1dn\u011b robustn\u00ed \u0161pi\u010dce st\u00e1le zachov\u00e1v\u00e1 ostrou hranu. Tato vlastnost v kombinaci s ostr\u00fdm fale\u0161n\u00fdm ost\u0159\u00edm (pouze u vojensk\u00fdch verz\u00ed) zaji\u0161\u0165uje, \u017ee si n\u016f\u017e udr\u017e\u00ed dostate\u010dnou schopnost proniknout t\u011b\u017ek\u00fdm oble\u010den\u00edm, polstrov\u00e1n\u00edm nebo m\u011bkk\u00fdmi balistick\u00fdmi ochranami. D\u00edky sv\u00e9 hmotnosti a vyv\u00e1\u017een\u00ed na vysok\u00e9 \u00farovni je \u010depel FULCRUM BAYONET vhodn\u00e1 pro t\u011b\u017ekou. K dispozici tak\u00e9 ve verzi NFG (No Fixing Gears).<br \/>\nTECHNICK\u00dd LIST<br \/>\nHmotnost g .:382<br \/>\nD\u00e9lka \u010depele (mm): 180<\/p>\n<p>Celkov\u00e1 d\u00e9lka (mm): 309<\/p>\n<p>Tlou\u0161\u0165ka \u010depele (mm): 6,3<br \/>\nTlou\u0161\u0165ka \u010depele (palce): 0,25<br \/>\nMateri\u00e1l \u010depele: B\u00f6HLER N690 STEEL (5<br \/>\nDokon\u010den\u00ed \u010depele: MIL-C-13924<\/p>\n<p>Ozuben\u00ed (mm): 40<br \/>\nMateri\u00e1l rukojeti: FORPRENE<\/p>\n<p>&nbsp;<\/p>\n","protected":false},"excerpt":{"rendered":"<p>Spole\u010dnost\u00a0<strong>Extrema Ratio<\/strong>\u00a0se s\u00eddlem v italsk\u00e9m Pratu navrhuje a vyr\u00e1b\u00ed vysoce v\u00fdkonn\u00e9 bojov\u00e9, vojensk\u00e9, kuchy\u0148sk\u00e9, loveck\u00e9 a taktick\u00e9 no\u017ee od roku 1997 a m\u00e1 pov\u011bst vynikaj\u00edc\u00ed kvality, kter\u00e1 je v oboru vojensk\u00fdch a taktick\u00fdch no\u017e\u016f nep\u0159ekonateln\u00e1.\u00a0<strong>Doprava zdarma.<\/strong><\/p>\n","protected":false},"featured_media":200705,"comment_status":"open","ping_status":"closed","template":"","meta":[],"pwb-brand":[267],"product_brand":[],"product_cat":[23,17],"product_tag":[3667],"class_list":{"0":"post-200704","1":"product","2":"type-product","3":"status-publish","4":"has-post-thumbnail","6":"pwb-brand-extrema-ratio","7":"product_cat-pevne-noze","8":"product_cat-noze","9":"product_tag-b2b","11":"first","12":"outofstock","13":"taxable","14":"shipping-taxable","15":"purchasable","16":"product-type-simple"},"brands":[{"id":267,"name":"Extrema Ratio","slug":"extrema-ratio"}],"_links":{"self":[{"href":"https:\/\/www.moskito.cz\/pl\/wp-json\/wp\/v2\/product\/200704","targetHints":{"allow":["GET"]}}],"collection":[{"href":"https:\/\/www.moskito.cz\/pl\/wp-json\/wp\/v2\/product"}],"about":[{"href":"https:\/\/www.moskito.cz\/pl\/wp-json\/wp\/v2\/types\/product"}],"replies":[{"embeddable":true,"href":"https:\/\/www.moskito.cz\/pl\/wp-json\/wp\/v2\/comments?post=200704"}],"wp:featuredmedia":[{"embeddable":true,"href":"https:\/\/www.moskito.cz\/pl\/wp-json\/wp\/v2\/media\/200705"}],"wp:attachment":[{"href":"https:\/\/www.moskito.cz\/pl\/wp-json\/wp\/v2\/media?parent=200704"}],"wp:term":[{"taxonomy":"pwb-brand","embeddable":true,"href":"https:\/\/www.moskito.cz\/pl\/wp-json\/wp\/v2\/pwb-brand?post=200704"},{"taxonomy":"product_brand","embeddable":true,"href":"https:\/\/www.moskito.cz\/pl\/wp-json\/wp\/v2\/product_brand?post=200704"},{"taxonomy":"product_cat","embeddable":true,"href":"https:\/\/www.moskito.cz\/pl\/wp-json\/wp\/v2\/product_cat?post=200704"},{"taxonomy":"product_tag","embeddable":true,"href":"https:\/\/www.moskito.cz\/pl\/wp-json\/wp\/v2\/product_tag?post=200704"}],"curies":[{"name":"wp","href":"https:\/\/api.w.org\/{rel}","templated":true}]}}