{"id":200864,"date":"2021-07-20T16:27:22","date_gmt":"2021-07-20T15:27:22","guid":{"rendered":"https:\/\/www.moskito.cz\/?post_type=product&#038;p=200864"},"modified":"2025-05-07T10:34:56","modified_gmt":"2025-05-07T09:34:56","slug":"pevny-nuz-cold-steel-recon-tanto-vg-10-san-mai","status":"publish","type":"product","link":"https:\/\/www.moskito.cz\/pl\/produkt\/pevny-nuz-cold-steel-recon-tanto-vg-10-san-mai\/","title":{"rendered":"Pevn\u00fd N\u016f\u017e Cold Steel RECON TANTO VG-10 SAN MAI"},"content":{"rendered":"<p>Pevn\u00fd N\u016f\u017e <strong>Cold Steel<\/strong> RECON TANTO VG-10 SAN MAI.<\/p>\n<p>N\u00e1\u0161 Recon Tanto pokra\u010duje v p\u0159edefinov\u00e1n\u00ed standardu bojov\u00fdch no\u017e\u016f po cel\u00e9m sv\u011bt\u011b. Pot\u00e9, co jsme za posledn\u00edch 20 let vid\u011bli aktivn\u00ed vojensk\u00e9 pou\u017eit\u00ed v mnoha konfliktech, je na dobr\u00e9 cest\u011b st\u00e1t se preferovanou pevnou \u010depel\u00ed pro speci\u00e1ln\u00ed vojensk\u00e9 jednotky a dokonce i t\u00fdmy SWAT na na\u0161\u00ed vlastn\u00ed p\u016fd\u011b. Za\u017eijte mimo\u0159\u00e1dnou kvalitu &#8211; vyzkou\u0161ejte na sob\u011b v\u00fdraznou b\u0159itvu a uvid\u00edte, pro\u010d je Recon Tanto n\u016f\u017e, bez kter\u00e9ho si nem\u016f\u017eete dovolit b\u00fdt! K dispozici tak\u00e9 v SK-5.<\/p>\n<p>V sou\u010dasn\u00e9 dob\u011b neexistuje v no\u017eov\u00e9m pr\u016fmyslu \u010dlov\u011bk, kter\u00fd by o Tanto v\u011bd\u011bl v\u00edc ne\u017e Cold Steel. Koneckonc\u016f spole\u010dnost Cold Steel vynalezla a popularizovala tento styl no\u017ee na po\u010d\u00e1tku 80. let. Utratili jsme miliony dolar\u016f p\u0159esv\u011bd\u010dov\u00e1n\u00edm ve\u0159ejnosti o mnoha v\u00fdhod\u00e1ch Tanta, a to jak reklamou, tak \u017eiv\u00fdmi uk\u00e1zkami nebo videonahr\u00e1vkami. Produkujeme Tanto ji\u017e v\u00edce ne\u017e 30 let a st\u00e1le neexistuje tov\u00e1rna ani zak\u00e1zkov\u00fd v\u00fdrobce no\u017e\u016f na v\u00fdrobu Tanta, kter\u00fd by se dok\u00e1zal p\u0159ibl\u00ed\u017eit \u0159ezac\u00ed, sekac\u00ed nebo propichovac\u00ed s\u00edle, kterou vyr\u00e1b\u00ed spole\u010dnost Cold Steel. V\u0161echny na\u0161e Tantos se vyzna\u010duj\u00ed hlubok\u00fdm leskl\u00fdm sat\u00e9nov\u00fdm povrchem na dut\u00fdch brou\u0161en\u00fdch zkosen\u00edch \u010depele a kontrastn\u00ed liniovou povrchovou \u00fapravou ploch\u00fdch ploch \u010depele. Tato technika zd\u016fraz\u0148uje na\u0161e nejmodern\u011bj\u0161\u00ed metody brou\u0161en\u00ed a zd\u016fraz\u0148uje jedine\u010dn\u00fd vzhled Cold Steel Tanto. Tanto nav\u00edc p\u0159ich\u00e1z\u00ed s na\u0161\u00ed slavnou zplo\u0161t\u011blou ov\u00e1lnou rukojet\u00ed Kraton. Ov\u00e1ln\u00fd tvar poskytuje pevn\u00e9 uchopen\u00ed a p\u0159i tvrd\u00e9m pou\u017e\u00edv\u00e1n\u00ed odol\u00e1v\u00e1 p\u0159evr\u00e1cen\u00ed nebo kroucen\u00ed v ruce, co\u017e by postupem \u010dasu zni\u010dilo men\u0161\u00ed n\u016f\u017e. Pou\u017eit\u00ed Kratonu v rukojeti no\u017ee je dal\u0161\u00ed novinkou Cold Steel. Kraton je bezkonkuren\u010dn\u00ed materi\u00e1l vesm\u00edrn\u00e9ho v\u011bku, kter\u00fd neprask\u00e1 ani nehnije a je imunn\u00ed v\u016f\u010di pusto\u0161en\u00ed \u0161patn\u00e9ho po\u010das\u00ed. K\u00f3nick\u00e1 hlavice z pevn\u00e9 oceli je dal\u0161\u00edm d\u016fle\u017eit\u00fdm prvkem spole\u010dnosti Tanto, kter\u00fd by nem\u011bl b\u00fdt ignorov\u00e1n. Lynn Thompson jej navrhl tak, aby soust\u0159edil plnou s\u00edlu drtiv\u00e9ho \u00faderu na malou oblast, tak\u017ee i st\u0159edn\u011b siln\u00fd \u00fader m\u016f\u017ee b\u00fdt pozoruhodn\u011b \u00fa\u010dinn\u00fd p\u0159i odzbrojen\u00ed nebo jin\u00e9m zne\u0161kodn\u011bn\u00ed \u00fato\u010dn\u00edka. V\u0161echny no\u017ee \u0159ady Tanto v San Mai p\u0159ich\u00e1zej\u00ed s tlust\u00fdm, vysoce kvalitn\u00edm pouzdrem Secure-Ex \u2122, kter\u00e9 v\u00e1m jist\u011b poskytne roky tvrd\u00e9 slu\u017eby a udr\u017e\u00ed va\u0161e Tanto po boku, p\u0159ipraven\u00e9 k akci.<\/p>\n<p>Barva: \u010cern\u00e1\/St\u0159\u00edbrn\u00e1<br \/>\nCelkov\u00e1 velikost: 299 mm<br \/>\nD\u00e9lka \u010depele: 178 mm<br \/>\nocel: VG-10 San Mai\u00ae<br \/>\nMateri\u00e1l rukojeti: Long Kray-Ex\u2122<br \/>\nTlou\u0161\u0165ka \u010depele: 5 mm<br \/>\nHmotnost: 250 g<br \/>\nD\u00e9lka rukojeti: 120 mm<br \/>\nMateri\u00e1l pouzdra: Secure-Ex\u2122 Sheath<\/p>\n<p><strong>Cold Steel<\/strong> je spole\u010dnost zab\u00fdvaj\u00edc\u00ed se v\u00fdrobou nejsiln\u011bj\u0161\u00edch a nejost\u0159ej\u0161\u00edch no\u017e\u016f na sv\u011bt\u011b. Za posledn\u00ed t\u0159i desetilet\u00ed byla spole\u010dnost Cold Steel v \u010dele mnoha inovac\u00ed, kter\u00e9 pomohly definovat no\u017e\u00ed\u0159sk\u00fd pr\u016fmysl. Postupn\u00e9 \u00fasp\u011bchy, v\u010detn\u011b zaveden\u00ed zkontrolovan\u00fdch rukojet\u00ed Kraton\u00ae, a styly \u010depel\u00ed tanto point, se od zv\u011bdav\u011b zaj\u00edmav\u00fdch funkc\u00ed dostaly k pr\u016fmyslov\u00fdm znak\u016fm kvality a propracovanosti. Nov\u00fd sm\u011br byl tak\u00e9 zlomen zaveden\u00edm jedine\u010dn\u00fdch nov\u00fdch ocelov\u00fdch \u010depel\u00ed, jako je San Mai III\u00ae a Tri-Ad \u2122 Lock &amp; zaji\u0161\u0165ovac\u00ed mechanismus pro skl\u00e1dac\u00ed no\u017ee. Nap\u0159\u00edklad Tri-Ad \u2122 Lock se nikdy nevyrovnal \u017e\u00e1dn\u00e9mu z konkurent\u016f Cold Steel a nebylo prok\u00e1z\u00e1no, \u017ee by nic z toho, co dosud vyrobili, p\u0159ekonalo. Cold Steel se samoz\u0159ejm\u011b v\u017edy bude d\u00edvat do budoucnosti a bude se neust\u00e1le sna\u017eit vyr\u00e1b\u011bt nejsiln\u011bj\u0161\u00ed a nejost\u0159ej\u0161\u00ed no\u017ee na sv\u011bt\u011b. Tento c\u00edl, stejn\u011b nepolapiteln\u00fd a obt\u00ed\u017en\u011b dosa\u017eiteln\u00fd, je za posledn\u00edch \u010dty\u0159icet let stejn\u00fd. Cold Steel Inc. je spole\u010dnost zam\u011b\u0159en\u00e1 na v\u00fdrobu nejsiln\u011bj\u0161\u00edch a nejost\u0159ej\u0161\u00edch no\u017e\u016f, me\u010d\u016f, tomahawk\u016f, ma\u010det, p\u0159\u00edbor\u016f a n\u00e1stroj\u016f pro ka\u017edodenn\u00ed no\u0161en\u00ed: EDC. Spole\u010dnost Cold Steel, kter\u00e1 byla rychle p\u0159ijata voj\u00e1ky, speci\u00e1ln\u00edmi jednotkami pro vym\u00e1h\u00e1n\u00ed pr\u00e1va, pracovn\u00edky pohotovostn\u00edch slu\u017eeb, odborn\u00edky na sebeobranu i \u010dleny komunity bojov\u00fdch um\u011bn\u00ed, se rychle proslavila kvalitou, silou, spolehlivost\u00ed a spolehlivost\u00ed p\u0159i ka\u017edodenn\u00edm no\u0161en\u00ed (EDC). Na\u0161e r\u016fznorod\u00e1 a rozmanit\u00e1 sestava se rychle rozrostla a zahrnovala nejen masivn\u00ed v\u00fdb\u011br skl\u00e1dac\u00edch no\u017e\u016f (od men\u0161\u00edch \u010depel\u00ed \u201eEDC\u201c a\u017e po na\u0161e ikonick\u00e9 ob\u0159\u00ed \u201emega-slo\u017eky\u201c), ale i pevn\u00e9 \u010depele, me\u010de, \u0161avle, h\u016flky a halapartny , stejn\u011b jako loveck\u00e9 pot\u0159eby, kop\u00ed, pu\u0161ky, sekery, ma\u010dety, tomahawky a n\u00e1stroje! V pr\u016fb\u011bhu desetilet\u00ed spole\u010dnost Cold Steel p\u0159edstavila pr\u016fkopnick\u00e9 nov\u00e9 materi\u00e1ly a designy, kter\u00e9 pomohly utv\u00e1\u0159et sv\u011bt modern\u00edch no\u017e\u016f, ostr\u00fdch zbran\u00ed a n\u00e1stroj\u016f. Od zaveden\u00ed kostkovan\u00fdch rukojet\u00ed Kraton\u00ae a \u201eamerikanizovan\u00e9\u201c \u010depele Tanto a\u017e po za\u0159azen\u00ed nov\u00fdch inovativn\u00edch ocel\u00ed \u010depele jako San Mai III\u00ae a uzamykac\u00edch mechanism\u016f m\u011bn\u00edc\u00edch hru (jako je n\u00e1\u0161 Tri-Ad \u2122 Lock). Kdy\u017e se d\u00edv\u00e1me do budoucnosti, spole\u010dnost Cold Steel nad\u00e1le p\u0159in\u00e1\u0161\u00ed na trh nov\u00e9 \u00farovn\u011b s\u00edly, bezpe\u010dnosti a v\u00fdkonu a poskytuje osv\u011bd\u010den\u00e9 produkty, na kter\u00e9 se m\u016f\u017eete spolehnout \u2013 kdykoli a kdekoli!<\/p>\n","protected":false},"excerpt":{"rendered":"<p>Pevn\u00fd n\u016f\u017e s pouzdrem.<\/p>\n","protected":false},"featured_media":200865,"comment_status":"open","ping_status":"closed","template":"","meta":[],"pwb-brand":[211],"product_brand":[],"product_cat":[23,17],"product_tag":[3667],"class_list":{"0":"post-200864","1":"product","2":"type-product","3":"status-publish","4":"has-post-thumbnail","6":"pwb-brand-cold-steel","7":"product_cat-pevne-noze","8":"product_cat-noze","9":"product_tag-b2b","11":"first","12":"outofstock","13":"taxable","14":"shipping-taxable","15":"purchasable","16":"product-type-simple"},"brands":[{"id":211,"name":"Cold Steel","slug":"cold-steel"}],"_links":{"self":[{"href":"https:\/\/www.moskito.cz\/pl\/wp-json\/wp\/v2\/product\/200864","targetHints":{"allow":["GET"]}}],"collection":[{"href":"https:\/\/www.moskito.cz\/pl\/wp-json\/wp\/v2\/product"}],"about":[{"href":"https:\/\/www.moskito.cz\/pl\/wp-json\/wp\/v2\/types\/product"}],"replies":[{"embeddable":true,"href":"https:\/\/www.moskito.cz\/pl\/wp-json\/wp\/v2\/comments?post=200864"}],"wp:featuredmedia":[{"embeddable":true,"href":"https:\/\/www.moskito.cz\/pl\/wp-json\/wp\/v2\/media\/200865"}],"wp:attachment":[{"href":"https:\/\/www.moskito.cz\/pl\/wp-json\/wp\/v2\/media?parent=200864"}],"wp:term":[{"taxonomy":"pwb-brand","embeddable":true,"href":"https:\/\/www.moskito.cz\/pl\/wp-json\/wp\/v2\/pwb-brand?post=200864"},{"taxonomy":"product_brand","embeddable":true,"href":"https:\/\/www.moskito.cz\/pl\/wp-json\/wp\/v2\/product_brand?post=200864"},{"taxonomy":"product_cat","embeddable":true,"href":"https:\/\/www.moskito.cz\/pl\/wp-json\/wp\/v2\/product_cat?post=200864"},{"taxonomy":"product_tag","embeddable":true,"href":"https:\/\/www.moskito.cz\/pl\/wp-json\/wp\/v2\/product_tag?post=200864"}],"curies":[{"name":"wp","href":"https:\/\/api.w.org\/{rel}","templated":true}]}}