{"id":201070,"date":"2021-07-23T09:59:26","date_gmt":"2021-07-23T08:59:26","guid":{"rendered":"https:\/\/www.moskito.cz\/?post_type=product&#038;p=201070"},"modified":"2025-05-07T10:35:03","modified_gmt":"2025-05-07T09:35:03","slug":"zaviraci-nuz-cold-steel-voyager","status":"publish","type":"product","link":"https:\/\/www.moskito.cz\/pl\/produkt\/zaviraci-nuz-cold-steel-voyager\/","title":{"rendered":"Zav\u00edrac\u00ed N\u016f\u017e Cold Steel Large Voyager"},"content":{"rendered":"<p>Zav\u00edrac\u00ed N\u016f\u017e <strong>Cold Steel<\/strong> Large Voyager.<\/p>\n<p>\u0158ada Cold Steel Voyager je navr\u017eena tak, aby byla skute\u010dn\u00fdm no\u017eem \u201eeveryman\u201c. Jsou lehk\u00e9, pohodln\u00e9 a mimo\u0159\u00e1dn\u011b ostr\u00e9, jsou robustn\u00ed, spolehliv\u00e9 a perfektn\u00ed pro lov a kempov\u00e1n\u00ed, stejn\u011b jako pro b\u011b\u017en\u00e9 pou\u017eit\u00ed a ka\u017edodenn\u00ed pr\u00e1ce. Voyagery vynikaj\u00ed v mnoha aplikac\u00edch pro p\u0159e\u017eit\u00ed a z\u00e1chranu a uk\u00e1zaly se jako velmi obl\u00edben\u00e9 u policist\u016f a voj\u00e1k\u016f, kte\u0159\u00ed oce\u0148uj\u00ed kombinaci \u0159ezn\u00e9ho v\u00fdkonu a bezpe\u010dnosti, kterou nab\u00edzej\u00ed. Ka\u017ed\u00fd n\u016f\u017e v na\u0161\u00ed rozs\u00e1hl\u00e9 \u0159ad\u011b Voyager je precizn\u011b navr\u017een a dr\u017een na\u0161ich nejn\u00e1ro\u010dn\u011bj\u0161\u00edch standard\u016f. \u0158ada Voyager je vybavena japonsk\u00fdmi slitinov\u00fdmi \u010depelemi AUS10A a na\u0161\u00edm uzamykac\u00edm mechanismem Tri-Ad &#8211; co\u017e je docela pravd\u011bpodobn\u011b nejbezpe\u010dn\u011bj\u0161\u00ed, nejbezpe\u010dn\u011bj\u0161\u00ed a nejodoln\u011bj\u0161\u00ed z\u00e1mek na sou\u010dasn\u00e9m trhu! Ergonomick\u00e9 rukojeti Voyageru Griv-Ex (vyztu\u017een\u00e9 tepeln\u011b upraven\u00fdmi hlin\u00edkov\u00fdmi vlo\u017ekami 6061) poskytuj\u00ed jak vysok\u00fd komfort, tak bezpe\u010dn\u00e9 uchopen\u00ed i p\u0159i dlouhodob\u00e9m pou\u017e\u00edv\u00e1n\u00ed v n\u00e1ro\u010dn\u00fdch podm\u00ednk\u00e1ch. K dispozici ve dvou velikostech as mnoha konfiguracemi \u010depel\u00ed a hran je Voyager pro ka\u017ed\u00e9ho.<\/p>\n<p>Materi\u00e1l \u010depele: AUS-10A<br \/>\nMateri\u00e1l rukojeti: Griv-Ex<br \/>\nPojistka: Tri-Ad lock<br \/>\nD\u00e9lka \u010depele: 10.2 cm<br \/>\nCelkov\u00e1 d\u00e9lka: 23.5 cm<br \/>\nD\u00e9lka rukojeti: 13.3 cm<br \/>\nTlou\u0161\u0165ka \u010depele: 3.5 mm<br \/>\nHmotnost: 130 g<\/p>\n<p><strong>Cold Steel<\/strong> je spole\u010dnost zab\u00fdvaj\u00edc\u00ed se v\u00fdrobou nejsiln\u011bj\u0161\u00edch a nejost\u0159ej\u0161\u00edch no\u017e\u016f na sv\u011bt\u011b. Za posledn\u00ed t\u0159i desetilet\u00ed byla spole\u010dnost Cold Steel v \u010dele mnoha inovac\u00ed, kter\u00e9 pomohly definovat no\u017e\u00ed\u0159sk\u00fd pr\u016fmysl. Postupn\u00e9 \u00fasp\u011bchy, v\u010detn\u011b zaveden\u00ed zkontrolovan\u00fdch rukojet\u00ed Kraton\u00ae, a styly \u010depel\u00ed tanto point, se od zv\u011bdav\u011b zaj\u00edmav\u00fdch funkc\u00ed dostaly k pr\u016fmyslov\u00fdm znak\u016fm kvality a propracovanosti. Nov\u00fd sm\u011br byl tak\u00e9 zlomen zaveden\u00edm jedine\u010dn\u00fdch nov\u00fdch ocelov\u00fdch \u010depel\u00ed, jako je San Mai III\u00ae a Tri-Ad \u2122 Lock &amp; zaji\u0161\u0165ovac\u00ed mechanismus pro skl\u00e1dac\u00ed no\u017ee. Nap\u0159\u00edklad Tri-Ad \u2122 Lock se nikdy nevyrovnal \u017e\u00e1dn\u00e9mu z konkurent\u016f Cold Steel a nebylo prok\u00e1z\u00e1no, \u017ee by nic z toho, co dosud vyrobili, p\u0159ekonalo. Cold Steel se samoz\u0159ejm\u011b v\u017edy bude d\u00edvat do budoucnosti a bude se neust\u00e1le sna\u017eit vyr\u00e1b\u011bt nejsiln\u011bj\u0161\u00ed a nejost\u0159ej\u0161\u00ed no\u017ee na sv\u011bt\u011b. Tento c\u00edl, stejn\u011b nepolapiteln\u00fd a obt\u00ed\u017en\u011b dosa\u017eiteln\u00fd, je za posledn\u00edch \u010dty\u0159icet let stejn\u00fd. Cold Steel Inc. je spole\u010dnost zam\u011b\u0159en\u00e1 na v\u00fdrobu nejsiln\u011bj\u0161\u00edch a nejost\u0159ej\u0161\u00edch no\u017e\u016f, me\u010d\u016f, tomahawk\u016f, ma\u010det, p\u0159\u00edbor\u016f a n\u00e1stroj\u016f pro ka\u017edodenn\u00ed no\u0161en\u00ed: EDC. Spole\u010dnost Cold Steel, kter\u00e1 byla rychle p\u0159ijata voj\u00e1ky, speci\u00e1ln\u00edmi jednotkami pro vym\u00e1h\u00e1n\u00ed pr\u00e1va, pracovn\u00edky pohotovostn\u00edch slu\u017eeb, odborn\u00edky na sebeobranu i \u010dleny komunity bojov\u00fdch um\u011bn\u00ed, se rychle proslavila kvalitou, silou, spolehlivost\u00ed a spolehlivost\u00ed p\u0159i ka\u017edodenn\u00edm no\u0161en\u00ed (EDC). Na\u0161e r\u016fznorod\u00e1 a rozmanit\u00e1 sestava se rychle rozrostla a zahrnovala nejen masivn\u00ed v\u00fdb\u011br skl\u00e1dac\u00edch no\u017e\u016f (od men\u0161\u00edch \u010depel\u00ed \u201eEDC\u201c a\u017e po na\u0161e ikonick\u00e9 ob\u0159\u00ed \u201emega-slo\u017eky\u201c), ale i pevn\u00e9 \u010depele, me\u010de, \u0161avle, h\u016flky a halapartny , stejn\u011b jako loveck\u00e9 pot\u0159eby, kop\u00ed, pu\u0161ky, sekery, ma\u010dety, tomahawky a n\u00e1stroje! V pr\u016fb\u011bhu desetilet\u00ed spole\u010dnost Cold Steel p\u0159edstavila pr\u016fkopnick\u00e9 nov\u00e9 materi\u00e1ly a designy, kter\u00e9 pomohly utv\u00e1\u0159et sv\u011bt modern\u00edch no\u017e\u016f, ostr\u00fdch zbran\u00ed a n\u00e1stroj\u016f. Od zaveden\u00ed kostkovan\u00fdch rukojet\u00ed Kraton\u00ae a \u201eamerikanizovan\u00e9\u201c \u010depele Tanto a\u017e po za\u0159azen\u00ed nov\u00fdch inovativn\u00edch ocel\u00ed \u010depele jako San Mai III\u00ae a uzamykac\u00edch mechanism\u016f m\u011bn\u00edc\u00edch hru (jako je n\u00e1\u0161 Tri-Ad \u2122 Lock). Kdy\u017e se d\u00edv\u00e1me do budoucnosti, spole\u010dnost Cold Steel nad\u00e1le p\u0159in\u00e1\u0161\u00ed na trh nov\u00e9 \u00farovn\u011b s\u00edly, bezpe\u010dnosti a v\u00fdkonu a poskytuje osv\u011bd\u010den\u00e9 produkty, na kter\u00e9 se m\u016f\u017eete spolehnout \u2013 kdykoli a kdekoli!<\/p>\n","protected":false},"excerpt":{"rendered":"<p>Zav\u00edrac\u00ed n\u016f\u017e <strong>Cold Steel<\/strong> s pojistkou a klipem na no\u0161en\u00ed.<\/p>\n","protected":false},"featured_media":201071,"comment_status":"open","ping_status":"closed","template":"","meta":[],"pwb-brand":[211],"product_brand":[],"product_cat":[22,17],"product_tag":[3667],"class_list":{"0":"post-201070","1":"product","2":"type-product","3":"status-publish","4":"has-post-thumbnail","6":"pwb-brand-cold-steel","7":"product_cat-zaviraci-noze","8":"product_cat-noze","9":"product_tag-b2b","11":"first","12":"instock","13":"taxable","14":"shipping-taxable","15":"purchasable","16":"product-type-simple"},"brands":[{"id":211,"name":"Cold Steel","slug":"cold-steel"}],"_links":{"self":[{"href":"https:\/\/www.moskito.cz\/pl\/wp-json\/wp\/v2\/product\/201070","targetHints":{"allow":["GET"]}}],"collection":[{"href":"https:\/\/www.moskito.cz\/pl\/wp-json\/wp\/v2\/product"}],"about":[{"href":"https:\/\/www.moskito.cz\/pl\/wp-json\/wp\/v2\/types\/product"}],"replies":[{"embeddable":true,"href":"https:\/\/www.moskito.cz\/pl\/wp-json\/wp\/v2\/comments?post=201070"}],"wp:featuredmedia":[{"embeddable":true,"href":"https:\/\/www.moskito.cz\/pl\/wp-json\/wp\/v2\/media\/201071"}],"wp:attachment":[{"href":"https:\/\/www.moskito.cz\/pl\/wp-json\/wp\/v2\/media?parent=201070"}],"wp:term":[{"taxonomy":"pwb-brand","embeddable":true,"href":"https:\/\/www.moskito.cz\/pl\/wp-json\/wp\/v2\/pwb-brand?post=201070"},{"taxonomy":"product_brand","embeddable":true,"href":"https:\/\/www.moskito.cz\/pl\/wp-json\/wp\/v2\/product_brand?post=201070"},{"taxonomy":"product_cat","embeddable":true,"href":"https:\/\/www.moskito.cz\/pl\/wp-json\/wp\/v2\/product_cat?post=201070"},{"taxonomy":"product_tag","embeddable":true,"href":"https:\/\/www.moskito.cz\/pl\/wp-json\/wp\/v2\/product_tag?post=201070"}],"curies":[{"name":"wp","href":"https:\/\/api.w.org\/{rel}","templated":true}]}}