{"id":201080,"date":"2021-07-23T11:07:28","date_gmt":"2021-07-23T10:07:28","guid":{"rendered":"https:\/\/www.moskito.cz\/?post_type=product&#038;p=201080"},"modified":"2025-05-07T10:35:03","modified_gmt":"2025-05-07T09:35:03","slug":"zaviraci-nuz-cold-steel-tiger-claw","status":"publish","type":"product","link":"https:\/\/www.moskito.cz\/pl\/produkt\/zaviraci-nuz-cold-steel-tiger-claw\/","title":{"rendered":"Zav\u00edrac\u00ed N\u016f\u017e Cold Steel TIGER CLAW"},"content":{"rendered":"<p>Zav\u00edrac\u00ed N\u016f\u017e <strong>Cold Steel<\/strong> TIGER CLAW.<\/p>\n<p>\u010cepel byla navr\u017eena po rozs\u00e1hl\u00fdch testech a experimentech Andrewa Demka jako elektrik\u00e1\u0159e a in\u017een\u00fdra cestuj\u00edc\u00edho. Kdy\u017e vyr\u00e1b\u011bl sv\u00e9 vlastn\u00ed v\u00edce\u00fa\u010delov\u00e9 ru\u010dn\u011b vyr\u00e1b\u011bn\u00e9 pracovn\u00ed no\u017ee, vyrobil si vlastn\u00ed hybridn\u00ed \u010depel Karambit \/ Hawkbill, kter\u00e1 dok\u00e1zala \u0159ezat lano, kabel, dr\u00e1t a cokoli jin\u00e9ho, \u200b\u200bco mu jeho povol\u00e1n\u00ed vrhlo do cesty. Tento n\u016f\u017e mu dob\u0159e slou\u017eil po mnoho let tvrd\u00e9ho pou\u017e\u00edv\u00e1n\u00ed, a kdy\u017e dostal Cold Steel za \u00fakol vyvinout sv\u016fj vlastn\u00ed skl\u00e1dac\u00ed Karambit, tento tvar \u010depele okam\u017eit\u011b p\u0159i\u0161el na mysl.<\/p>\n<p>Replika Andrewova p\u016fvodn\u00edho designu \u010depele, ale z pr\u00e9miov\u00e9 oceli S35VN, nab\u00edz\u00ed Tiger Claw \u2122 taktick\u00fd \u0159ezac\u00ed a sekac\u00ed v\u00fdkon filip\u00ednsk\u00e9ho a indon\u00e9sk\u00e9ho bojov\u00e9ho Karambitu s u\u017eite\u010dnost\u00ed a funkc\u00ed Hawkbilla pracuj\u00edc\u00edho \u010dlov\u011bka. S patentovanou Demko palcovou deskou nab\u00edz\u00ed Tiger Claw \u2122 pln\u011b oboustrann\u00fd rychl\u00fd tah z kapsy bu\u010f v \u0161avlovit\u00e9 rukojeti, nebo v tradi\u010dn\u00ed Karambitov\u00e9 rukojeti s \u010depel\u00ed dol\u016f, s rychlou a snadnou aktivac\u00ed \u010depele! Demko Tiger Claw \u2122 je vyroben v jeho minimalistick\u00e9m stylu a vyzna\u010duje se \u0161t\u00edhlou CNC obrobenou rukojet\u00ed G-10, matn\u00fdm \u010dern\u00fdm hlin\u00edkov\u00fdm krou\u017ekem a na\u0161\u00edm exkluzivn\u00edm uzamykac\u00edm syst\u00e9mem Tri-Ad. Z\u00e1mek Tri-Ad je navr\u017een tak, aby odolal \u00fa\u017easn\u00fdm n\u00e1razov\u00fdm sil\u00e1m a byl t\u00e9m\u011b\u0159 nepropustn\u00fd pro \u0161oky, pro\u0161el nejstra\u0161n\u011bj\u0161\u00edmi zkou\u0161kami mu\u010den\u00ed v tomto odv\u011btv\u00ed.<\/p>\n<p>\u010cepel: S35VN<\/p>\n<p>Z\u00e1mek:\u00a0 LockBack.<\/p>\n<p>Rukoje\u0165: G-10.<\/p>\n<p>Pocket clip Vpravo\/Vlevo.<\/p>\n<p>D\u00e9lka \u010depele: 8,3 cm.<\/p>\n<p>D\u00e9lka rukojeti: 15,9 cm.<\/p>\n<p>Celkov\u00e1 d\u00e9lka: 24,2 cm.<\/p>\n<p><strong>Cold Steel<\/strong> je spole\u010dnost zab\u00fdvaj\u00edc\u00ed se v\u00fdrobou nejsiln\u011bj\u0161\u00edch a nejost\u0159ej\u0161\u00edch no\u017e\u016f na sv\u011bt\u011b. Za posledn\u00ed t\u0159i desetilet\u00ed byla spole\u010dnost Cold Steel v \u010dele mnoha inovac\u00ed, kter\u00e9 pomohly definovat no\u017e\u00ed\u0159sk\u00fd pr\u016fmysl. Postupn\u00e9 \u00fasp\u011bchy, v\u010detn\u011b zaveden\u00ed zkontrolovan\u00fdch rukojet\u00ed Kraton\u00ae, a styly \u010depel\u00ed tanto point, se od zv\u011bdav\u011b zaj\u00edmav\u00fdch funkc\u00ed dostaly k pr\u016fmyslov\u00fdm znak\u016fm kvality a propracovanosti. Nov\u00fd sm\u011br byl tak\u00e9 zlomen zaveden\u00edm jedine\u010dn\u00fdch nov\u00fdch ocelov\u00fdch \u010depel\u00ed, jako je San Mai III\u00ae a Tri-Ad \u2122 Lock &amp; zaji\u0161\u0165ovac\u00ed mechanismus pro skl\u00e1dac\u00ed no\u017ee. Nap\u0159\u00edklad Tri-Ad \u2122 Lock se nikdy nevyrovnal \u017e\u00e1dn\u00e9mu z konkurent\u016f Cold Steel a nebylo prok\u00e1z\u00e1no, \u017ee by nic z toho, co dosud vyrobili, p\u0159ekonalo. Cold Steel se samoz\u0159ejm\u011b v\u017edy bude d\u00edvat do budoucnosti a bude se neust\u00e1le sna\u017eit vyr\u00e1b\u011bt nejsiln\u011bj\u0161\u00ed a nejost\u0159ej\u0161\u00ed no\u017ee na sv\u011bt\u011b. Tento c\u00edl, stejn\u011b nepolapiteln\u00fd a obt\u00ed\u017en\u011b dosa\u017eiteln\u00fd, je za posledn\u00edch \u010dty\u0159icet let stejn\u00fd. Cold Steel Inc. je spole\u010dnost zam\u011b\u0159en\u00e1 na v\u00fdrobu nejsiln\u011bj\u0161\u00edch a nejost\u0159ej\u0161\u00edch no\u017e\u016f, me\u010d\u016f, tomahawk\u016f, ma\u010det, p\u0159\u00edbor\u016f a n\u00e1stroj\u016f pro ka\u017edodenn\u00ed no\u0161en\u00ed: EDC. Spole\u010dnost Cold Steel, kter\u00e1 byla rychle p\u0159ijata voj\u00e1ky, speci\u00e1ln\u00edmi jednotkami pro vym\u00e1h\u00e1n\u00ed pr\u00e1va, pracovn\u00edky pohotovostn\u00edch slu\u017eeb, odborn\u00edky na sebeobranu i \u010dleny komunity bojov\u00fdch um\u011bn\u00ed, se rychle proslavila kvalitou, silou, spolehlivost\u00ed a spolehlivost\u00ed p\u0159i ka\u017edodenn\u00edm no\u0161en\u00ed (EDC). Na\u0161e r\u016fznorod\u00e1 a rozmanit\u00e1 sestava se rychle rozrostla a zahrnovala nejen masivn\u00ed v\u00fdb\u011br skl\u00e1dac\u00edch no\u017e\u016f (od men\u0161\u00edch \u010depel\u00ed \u201eEDC\u201c a\u017e po na\u0161e ikonick\u00e9 ob\u0159\u00ed \u201emega-slo\u017eky\u201c), ale i pevn\u00e9 \u010depele, me\u010de, \u0161avle, h\u016flky a halapartny , stejn\u011b jako loveck\u00e9 pot\u0159eby, kop\u00ed, pu\u0161ky, sekery, ma\u010dety, tomahawky a n\u00e1stroje! V pr\u016fb\u011bhu desetilet\u00ed spole\u010dnost Cold Steel p\u0159edstavila pr\u016fkopnick\u00e9 nov\u00e9 materi\u00e1ly a designy, kter\u00e9 pomohly utv\u00e1\u0159et sv\u011bt modern\u00edch no\u017e\u016f, ostr\u00fdch zbran\u00ed a n\u00e1stroj\u016f. Od zaveden\u00ed kostkovan\u00fdch rukojet\u00ed Kraton\u00ae a \u201eamerikanizovan\u00e9\u201c \u010depele Tanto a\u017e po za\u0159azen\u00ed nov\u00fdch inovativn\u00edch ocel\u00ed \u010depele jako San Mai III\u00ae a uzamykac\u00edch mechanism\u016f m\u011bn\u00edc\u00edch hru (jako je n\u00e1\u0161 Tri-Ad \u2122 Lock). Kdy\u017e se d\u00edv\u00e1me do budoucnosti, spole\u010dnost Cold Steel nad\u00e1le p\u0159in\u00e1\u0161\u00ed na trh nov\u00e9 \u00farovn\u011b s\u00edly, bezpe\u010dnosti a v\u00fdkonu a poskytuje osv\u011bd\u010den\u00e9 produkty, na kter\u00e9 se m\u016f\u017eete spolehnout \u2013 kdykoli a kdekoli!<\/p>\n<p>&nbsp;<\/p>\n","protected":false},"excerpt":{"rendered":"<div class=\"elementor-element elementor-element-bbb542b elementor-widget elementor-widget-woocommerce-product-short-description\" data-id=\"bbb542b\" data-element_type=\"widget\" data-widget_type=\"woocommerce-product-short-description.default\">\n<div class=\"elementor-widget-container\">\n<div class=\"woocommerce-product-details__short-description\">\n<div class=\"elementor-element elementor-element-bbb542b elementor-widget elementor-widget-woocommerce-product-short-description\" data-id=\"bbb542b\" data-element_type=\"widget\" data-widget_type=\"woocommerce-product-short-description.default\">\n<div class=\"elementor-widget-container\">\n<div class=\"woocommerce-product-details__short-description\">\n<div class=\"elementor-element elementor-element-bbb542b elementor-widget elementor-widget-woocommerce-product-short-description\" data-id=\"bbb542b\" data-element_type=\"widget\" data-widget_type=\"woocommerce-product-short-description.default\">\n<div class=\"elementor-widget-container\">\n<div class=\"woocommerce-product-details__short-description\">\n<div class=\"elementor-element elementor-element-bbb542b elementor-widget elementor-widget-woocommerce-product-short-description\" data-id=\"bbb542b\" data-element_type=\"widget\" data-widget_type=\"woocommerce-product-short-description.default\">\n<div class=\"elementor-widget-container\">\n<div class=\"woocommerce-product-details__short-description\">\n<p>Zav\u00edrac\u00ed n\u016f\u017e <strong>Cold Steel<\/strong> s pojistkou a klipem na no\u0161en\u00ed.<\/p>\n<p><strong>Doprava zdarma.<\/strong><\/p>\n<\/div>\n<\/div>\n<\/div>\n<\/div>\n<\/div>\n<\/div>\n<\/div>\n<\/div>\n<\/div>\n<\/div>\n<\/div>\n<\/div>\n","protected":false},"featured_media":201081,"comment_status":"open","ping_status":"closed","template":"","meta":[],"pwb-brand":[211],"product_brand":[],"product_cat":[22,17],"product_tag":[3667],"class_list":{"0":"post-201080","1":"product","2":"type-product","3":"status-publish","4":"has-post-thumbnail","6":"pwb-brand-cold-steel","7":"product_cat-zaviraci-noze","8":"product_cat-noze","9":"product_tag-b2b","11":"first","12":"instock","13":"taxable","14":"shipping-taxable","15":"purchasable","16":"product-type-simple"},"brands":[{"id":211,"name":"Cold Steel","slug":"cold-steel"}],"_links":{"self":[{"href":"https:\/\/www.moskito.cz\/pl\/wp-json\/wp\/v2\/product\/201080","targetHints":{"allow":["GET"]}}],"collection":[{"href":"https:\/\/www.moskito.cz\/pl\/wp-json\/wp\/v2\/product"}],"about":[{"href":"https:\/\/www.moskito.cz\/pl\/wp-json\/wp\/v2\/types\/product"}],"replies":[{"embeddable":true,"href":"https:\/\/www.moskito.cz\/pl\/wp-json\/wp\/v2\/comments?post=201080"}],"wp:featuredmedia":[{"embeddable":true,"href":"https:\/\/www.moskito.cz\/pl\/wp-json\/wp\/v2\/media\/201081"}],"wp:attachment":[{"href":"https:\/\/www.moskito.cz\/pl\/wp-json\/wp\/v2\/media?parent=201080"}],"wp:term":[{"taxonomy":"pwb-brand","embeddable":true,"href":"https:\/\/www.moskito.cz\/pl\/wp-json\/wp\/v2\/pwb-brand?post=201080"},{"taxonomy":"product_brand","embeddable":true,"href":"https:\/\/www.moskito.cz\/pl\/wp-json\/wp\/v2\/product_brand?post=201080"},{"taxonomy":"product_cat","embeddable":true,"href":"https:\/\/www.moskito.cz\/pl\/wp-json\/wp\/v2\/product_cat?post=201080"},{"taxonomy":"product_tag","embeddable":true,"href":"https:\/\/www.moskito.cz\/pl\/wp-json\/wp\/v2\/product_tag?post=201080"}],"curies":[{"name":"wp","href":"https:\/\/api.w.org\/{rel}","templated":true}]}}