{"id":201667,"date":"2021-08-02T18:18:30","date_gmt":"2021-08-02T17:18:30","guid":{"rendered":"https:\/\/www.moskito.cz\/?post_type=product&#038;p=201667"},"modified":"2025-05-07T10:35:14","modified_gmt":"2025-05-07T09:35:14","slug":"zaviraci-nuz-crkt-snarky","status":"publish","type":"product","link":"https:\/\/www.moskito.cz\/pl\/produkt\/zaviraci-nuz-crkt-snarky\/","title":{"rendered":"Zav\u00edrac\u00ed N\u016f\u017e CRKT SNARKY"},"content":{"rendered":"<div class=\"flex-1 overflow-hidden @container\/thread\">\n<div class=\"h-full\">\n<div class=\"react-scroll-to-bottom--css-vxybp-79elbk h-full\">\n<div class=\"react-scroll-to-bottom--css-vxybp-1n7m0yu\">\n<div class=\"flex flex-col text-sm md:pb-9\">\n<article class=\"w-full scroll-mb-[var(--thread-trailing-height,150px)] text-token-text-primary focus-visible:outline-2 focus-visible:outline-offset-[-4px]\" dir=\"auto\" data-testid=\"conversation-turn-409\" data-scroll-anchor=\"true\">\n<div class=\"m-auto text-base py-[18px] px-3 md:px-4 w-full md:px-5 lg:px-4 xl:px-5\">\n<div class=\"mx-auto flex flex-1 gap-4 text-base md:gap-5 lg:gap-6 md:max-w-3xl\">\n<div class=\"group\/conversation-turn relative flex w-full min-w-0 flex-col agent-turn\">\n<div class=\"flex-col gap-1 md:gap-3\">\n<div class=\"flex max-w-full flex-col flex-grow\">\n<div class=\"min-h-8 text-message flex w-full flex-col items-end gap-2 whitespace-normal break-words text-start [.text-message+&amp;]:mt-5\" dir=\"auto\" data-message-author-role=\"assistant\" data-message-id=\"d39a69f7-edae-48f3-b612-81e329ec17fb\" data-message-model-slug=\"gpt-4o-mini\">\n<div class=\"flex w-full flex-col gap-1 empty:hidden first:pt-[3px]\">\n<div class=\"markdown prose w-full break-words dark:prose-invert light\">\n<p><strong>Zav\u00edrac\u00ed n\u016f\u017e CRKT SNARKY<\/strong> je elegantn\u00ed a v\u00fdkonn\u00fd n\u016f\u017e navr\u017een\u00fd <strong>Philipem Boothem<\/strong> z <strong>Ithacy, Michigan<\/strong>, kter\u00fd p\u0159in\u00e1\u0161\u00ed do ka\u017edodenn\u00edho no\u0161en\u00ed nejen spolehlivost, ale tak\u00e9 stylov\u00fd vzhled a praktick\u00e9 vlastnosti. Tento n\u016f\u017e je ide\u00e1ln\u00ed pro ty, kte\u0159\u00ed hledaj\u00ed kombinaci elegance a funk\u010dnosti v kompaktn\u00edm balen\u00ed.<\/p>\n<h3><strong>Vlastnosti a v\u00fdhody:<\/strong><\/h3>\n<ol>\n<li><strong>Design a konstrukce:<\/strong>\n<ul>\n<li><strong>Elegantn\u00ed zak\u0159iven\u00e9 linie:<\/strong> Snarky\u2122 se vyzna\u010duje zak\u0159iven\u00fdmi tvary a jemn\u00fdmi detaily, kter\u00e9 d\u011blaj\u00ed z tohoto no\u017ee nejen praktick\u00fd n\u00e1stroj, ale i esteticky p\u0159\u00edjemn\u00fd p\u0159edm\u011bt pro ka\u017edodenn\u00ed no\u0161en\u00ed.<\/li>\n<li><strong>Rukoje\u0165:<\/strong> Vyrobena z <strong>Polyoxymethylene (POM)<\/strong>, co\u017e je materi\u00e1l zn\u00e1m\u00fd svou pevnost\u00ed a odolnost\u00ed, rukoje\u0165 poskytuje pohodln\u00fd \u00fachop. Dopl\u0148uje ji <strong>vlo\u017eka z oceli 2Cr13<\/strong>, kter\u00e1 zaji\u0161\u0165uje dodate\u010dnou pevnost a stabilitu.<\/li>\n<\/ul>\n<\/li>\n<li><strong>\u010cepel a ost\u0159\u00ed:<\/strong>\n<ul>\n<li><strong>Ocel 8Cr13MoV:<\/strong> Tento materi\u00e1l je b\u011b\u017en\u011b pou\u017e\u00edv\u00e1n pro kvalitn\u00ed no\u017ee d\u00edky sv\u00e9 odolnosti a schopnosti dr\u017eet ostr\u00fd n\u016f\u017e. <strong>8Cr13MoV<\/strong> je skv\u011blou volbou pro ka\u017edodenn\u00ed no\u0161en\u00ed, proto\u017ee je odoln\u00e1 v\u016f\u010di korozi a snadno se brous\u00ed.<\/li>\n<li><strong>Sat\u00e9nov\u00e1 povrchov\u00e1 \u00faprava:<\/strong> Povrch \u010depele je o\u0161et\u0159en <strong>sat\u00e9novou povrchovou \u00fapravou<\/strong>, co\u017e dod\u00e1v\u00e1 no\u017ei elegantn\u00ed vzhled a z\u00e1rove\u0148 zvy\u0161uje odolnost proti po\u0161kr\u00e1b\u00e1n\u00ed.<\/li>\n<\/ul>\n<\/li>\n<li><strong>Otev\u00edr\u00e1n\u00ed a z\u00e1mek:<\/strong>\n<ul>\n<li><strong>Otev\u00edr\u00e1n\u00ed ploutve:<\/strong> Snarky\u2122 je vybaven syst\u00e9mem <strong>otev\u00edr\u00e1n\u00ed ploutve (Flipper)<\/strong>, co\u017e umo\u017e\u0148uje rychl\u00e9 a plynul\u00e9 otev\u0159en\u00ed no\u017ee jednou rukou. Tento mechanismus je obl\u00edben\u00fd pro svou jednoduchost a spolehlivost.<\/li>\n<li><strong>Z\u00e1mek vlo\u017eky (Liner Lock):<\/strong> Tento z\u00e1mek poskytuje bezpe\u010dn\u00e9 uzam\u010den\u00ed \u010depele v otev\u0159en\u00e9 pozici, co\u017e zaji\u0161\u0165uje, \u017ee se n\u016f\u017e nezav\u0159e n\u00e1hodn\u011b b\u011bhem pou\u017e\u00edv\u00e1n\u00ed.<\/li>\n<\/ul>\n<\/li>\n<li><strong>Hmotnost a p\u0159enosnost:<\/strong>\n<ul>\n<li><strong>Hmotnost:<\/strong> N\u016f\u017e v\u00e1\u017e\u00ed <strong>2,80 oz (79,38 g)<\/strong>, co\u017e ho \u010din\u00ed lehk\u00fdm a vhodn\u00fdm pro ka\u017edodenn\u00ed no\u0161en\u00ed bez zbyte\u010dn\u00e9 z\u00e1t\u011b\u017ee.<\/li>\n<li><strong>Velikost:<\/strong> Celkov\u00e1 d\u00e9lka no\u017ee je <strong>6,94 palce (176,23 mm)<\/strong>, zat\u00edmco zav\u0159en\u00fd n\u016f\u017e m\u011b\u0159\u00ed <strong>4,02 palce (102,26 mm)<\/strong>, co\u017e je ide\u00e1ln\u00ed pro pohodln\u00e9 p\u0159en\u00e1\u0161en\u00ed v kapse.<\/li>\n<\/ul>\n<\/li>\n<\/ol>\n<h3><strong>Pou\u017eit\u00ed:<\/strong><\/h3>\n<ul>\n<li><strong>Ka\u017edodenn\u00ed no\u0161en\u00ed (EDC):<\/strong> N\u016f\u017e CRKT Snarky je navr\u017een pro ka\u017edodenn\u00ed \u00fakoly, jako je otev\u00edr\u00e1n\u00ed bal\u00edk\u016f, \u0159ez\u00e1n\u00ed provaz\u016f nebo jin\u00fdch materi\u00e1l\u016f a obecn\u00e9 \u00fakoly, kter\u00e9 mohou nastat b\u011bhem dne.<\/li>\n<li><strong>Kempov\u00e1n\u00ed a outdoor:<\/strong> I kdy\u017e je tento n\u016f\u017e kompaktn\u00ed, m\u016f\u017ee b\u00fdt skv\u011bl\u00fdm n\u00e1strojem pro outdoorov\u00e9 aktivity, kdy pot\u0159ebujete spolehliv\u00fd n\u00e1stroj na drobn\u00e9 \u00fakoly.<\/li>\n<li><strong>D\u00e1rkov\u00fd p\u0159edm\u011bt:<\/strong> D\u00edky elegantn\u00edmu designu je Snarky\u2122 tak\u00e9 skv\u011bl\u00fdm d\u00e1rkem pro milovn\u00edky kvalitn\u00edch no\u017e\u016f.<\/li>\n<\/ul>\n<h3><strong>Specifikace:<\/strong><\/h3>\n<ul>\n<li><strong>D\u00e9lka \u010depele:<\/strong> 2,83 palce (71,91 mm)<\/li>\n<li><strong>Celkov\u00e1 d\u00e9lka:<\/strong> 6,94 palce (176,23 mm)<\/li>\n<li><strong>Zav\u0159en\u00e1 d\u00e9lka:<\/strong> 4,02 palce (102,26 mm)<\/li>\n<li><strong>Tlou\u0161\u0165ka \u010depele:<\/strong> 0,68 palce (3,68 mm)<\/li>\n<li><strong>Ocel:<\/strong> 8Cr13MoV<\/li>\n<li><strong>Dokon\u010den\u00ed \u010depele:<\/strong> Sat\u00e9nov\u00e1 povrchov\u00e1 \u00faprava<\/li>\n<li><strong>Hmotnost:<\/strong> 2,80 oz (79,38 g)<\/li>\n<li><strong>Rukoje\u0165:<\/strong> Polyoxymethylen (POM); Vlo\u017eka z oceli 2Cr13<\/li>\n<li><strong>Styl:<\/strong> Skl\u00e1dac\u00ed n\u016f\u017e se z\u00e1mkem vlo\u017eky (Liner Lock)<\/li>\n<\/ul>\n<h3><strong>Z\u00e1v\u011br:<\/strong><\/h3>\n<p><strong>CRKT Snarky\u2122<\/strong> je perfektn\u00ed volbou pro ty, kte\u0159\u00ed hledaj\u00ed elegantn\u00ed a efektivn\u00ed n\u016f\u017e pro ka\u017edodenn\u00ed no\u0161en\u00ed. Kombinuje <strong>vynikaj\u00edc\u00ed design<\/strong>, <strong>praktick\u00e9 vlastnosti<\/strong> a <strong>spolehlivost<\/strong>, d\u00edky \u010demu\u017e je ide\u00e1ln\u00edm spole\u010dn\u00edkem pro v\u0161echny, kte\u0159\u00ed cht\u011bj\u00ed m\u00edt po ruce kvalitn\u00ed n\u00e1stroj bez kompromis\u016f.<\/p>\n<\/div>\n<\/div>\n<\/div>\n<\/div>\n<div class=\"mb-2 flex gap-3 empty:hidden -ml-2\">\n<div class=\"items-center justify-start rounded-xl p-1 flex\">\n<div class=\"flex items-center\"><\/div>\n<\/div>\n<\/div>\n<div class=\"pr-2 lg:pr-0\"><\/div>\n<\/div>\n<\/div>\n<\/div>\n<\/div>\n<\/article>\n<\/div>\n<\/div>\n<\/div>\n<\/div>\n<\/div>\n","protected":false},"excerpt":{"rendered":"<p><strong>CRKT Snarky\u2122 je perfektn\u00ed volbou pro ty, kte\u0159\u00ed hledaj\u00ed elegantn\u00ed a efektivn\u00ed n\u016f\u017e pro ka\u017edodenn\u00ed no\u0161en\u00ed. Kombinuje vynikaj\u00edc\u00ed design, praktick\u00e9 vlastnosti a spolehlivost, d\u00edky \u010demu\u017e je ide\u00e1ln\u00edm spole\u010dn\u00edkem pro v\u0161echny, kte\u0159\u00ed cht\u011bj\u00ed m\u00edt po ruce kvalitn\u00ed n\u00e1stroj bez kompromis\u016f.<\/strong><\/p>\n<p>&nbsp;<\/p>\n","protected":false},"featured_media":201668,"comment_status":"open","ping_status":"closed","template":"","meta":[],"pwb-brand":[209],"product_brand":[],"product_cat":[22,17],"product_tag":[3667],"class_list":{"0":"post-201667","1":"product","2":"type-product","3":"status-publish","4":"has-post-thumbnail","6":"pwb-brand-crkt","7":"product_cat-zaviraci-noze","8":"product_cat-noze","9":"product_tag-b2b","11":"first","12":"instock","13":"taxable","14":"shipping-taxable","15":"purchasable","16":"product-type-simple"},"brands":[{"id":209,"name":"CRKT","slug":"crkt"}],"_links":{"self":[{"href":"https:\/\/www.moskito.cz\/pl\/wp-json\/wp\/v2\/product\/201667","targetHints":{"allow":["GET"]}}],"collection":[{"href":"https:\/\/www.moskito.cz\/pl\/wp-json\/wp\/v2\/product"}],"about":[{"href":"https:\/\/www.moskito.cz\/pl\/wp-json\/wp\/v2\/types\/product"}],"replies":[{"embeddable":true,"href":"https:\/\/www.moskito.cz\/pl\/wp-json\/wp\/v2\/comments?post=201667"}],"wp:featuredmedia":[{"embeddable":true,"href":"https:\/\/www.moskito.cz\/pl\/wp-json\/wp\/v2\/media\/201668"}],"wp:attachment":[{"href":"https:\/\/www.moskito.cz\/pl\/wp-json\/wp\/v2\/media?parent=201667"}],"wp:term":[{"taxonomy":"pwb-brand","embeddable":true,"href":"https:\/\/www.moskito.cz\/pl\/wp-json\/wp\/v2\/pwb-brand?post=201667"},{"taxonomy":"product_brand","embeddable":true,"href":"https:\/\/www.moskito.cz\/pl\/wp-json\/wp\/v2\/product_brand?post=201667"},{"taxonomy":"product_cat","embeddable":true,"href":"https:\/\/www.moskito.cz\/pl\/wp-json\/wp\/v2\/product_cat?post=201667"},{"taxonomy":"product_tag","embeddable":true,"href":"https:\/\/www.moskito.cz\/pl\/wp-json\/wp\/v2\/product_tag?post=201667"}],"curies":[{"name":"wp","href":"https:\/\/api.w.org\/{rel}","templated":true}]}}