{"id":202534,"date":"2021-08-08T20:39:52","date_gmt":"2021-08-08T19:39:52","guid":{"rendered":"https:\/\/www.moskito.cz\/?post_type=product&#038;p=202534"},"modified":"2025-05-07T10:35:23","modified_gmt":"2025-05-07T09:35:23","slug":"pevny-nuz-joker-venado","status":"publish","type":"product","link":"https:\/\/www.moskito.cz\/pl\/produkt\/pevny-nuz-joker-venado\/","title":{"rendered":"Pevn\u00fd N\u016f\u017e Joker VENADO"},"content":{"rendered":"<p>Pevn\u00fd N\u016f\u017e <strong>Joker<\/strong> VENADO.<\/p>\n<p>Loveck\u00fd n\u016f\u017e Joker Venado byl vyroben pod ozna\u010den\u00edm p\u016fvodu Albacete (\u0160pan\u011blsko).<\/p>\n<p>Je to sportovn\u00ed n\u016f\u017e, kter\u00fd je d\u00edky sv\u00e9 ergonomii a hmotnosti, jako\u017e i mo\u017enostem \u0159ez\u00e1n\u00ed a stahov\u00e1n\u00ed z k\u016f\u017ee, velmi kompletn\u00edm n\u00e1strojem pro ka\u017ed\u00e9ho lovce.<\/p>\n<p>Sportovn\u00ed n\u016f\u017e Joker Venado m\u00e1 plnou \u010depel vyrobenou z nerezov\u00e9 oceli Mova 1.4116 s d\u00e9lkou \u010depele 11 cm, \u0161\u00ed\u0159kou \u010depele 3 cm a tlou\u0161\u0165kou 4 mm.<\/p>\n<p>D\u00e9lka rukojeti je 12 cm a je vyrobena z \u010derven\u00e9ho d\u0159eva.<\/p>\n<p>N\u016f\u017e Joker Venado je dod\u00e1v\u00e1n s pochvou z prvot\u0159\u00eddn\u00ed hn\u011bd\u00e9 k\u016f\u017ee.<\/p>\n<p>Ocel: molybden vanad<br \/>\nTvrdost: 56 &#8211; 58 HRC<br \/>\nRukoje\u0165: \u010derven\u00e9 d\u0159evo<br \/>\nHrot \u010depele: Drop Point<br \/>\n\u010cepel se sat\u00e9nov\u00fdm povrchem<br \/>\nD\u00e9lka \u010depele: 11 cm<br \/>\nVelikost rukojeti: 12 cm<br \/>\nCelkov\u00e1 d\u00e9lka: 23 cm<br \/>\n\u0160\u00ed\u0159ka \u010depele: 3 cm<br \/>\nTlou\u0161\u0165ka plechu: 4 mm<br \/>\nHmotnost no\u017ee: 240 gr<br \/>\nHmotnost pochvy: 60 gr<br \/>\nCelkov\u00e1 hmotnost: 300 gr<br \/>\nPouzdro: hn\u011bd\u00e1 k\u016f\u017ee<br \/>\nNavr\u017eeno a vyrobeno ve \u0160pan\u011blsku (Albacete)<\/p>\n<p><strong>Joker<\/strong> \u2013 Jsme sv\u011btov\u011b proslul\u00e1 \u0161pan\u011blsk\u00e1 spole\u010dnost poch\u00e1zej\u00edc\u00ed z m\u011bsta Albacete, uzn\u00e1van\u00e1 po cel\u00e9m sv\u011bt\u011b pro sv\u00e9 dobr\u00e9 \u0159emesln\u00edky a mistrovsk\u00e9 no\u017ee.<\/p>\n<p>Joker pe\u010dliv\u011b vyr\u00e1b\u00ed ka\u017ed\u00fd sv\u016fj kousek ru\u010dn\u011b.<\/p>\n<p>Od sv\u00e9ho zalo\u017een\u00ed v roce 1987 se Joker v\u017edy sna\u017eil spojit tradi\u010dn\u00ed \u0159emeslo s nejmodern\u011bj\u0161\u00edmi technologiemi v ka\u017ed\u00e9m ze sv\u00fdch produkt\u016f.<\/p>\n<p>Spole\u010dnost Joker pokra\u010duje v hrd\u00e9 tradici \u0161pan\u011blsk\u00fdch v\u00fdrobc\u016f mo\u017e\u016f, p\u0159i\u010dem\u017e nab\u00edz\u00ed n\u011bkter\u00e9 z nejlep\u0161\u00edch ost\u0159\u00ed a m\u00e1 jeden z nejv\u011bt\u0161\u00edch sortiment\u016f\u00e9 na planet\u011b<\/p>\n<p>&nbsp;<\/p>\n<p>&nbsp;<\/p>\n","protected":false},"excerpt":{"rendered":"<p>No\u017ee Joker poch\u00e1zej\u00ed ze \u0160pan\u011blsk\u00e9ho m\u011bsta Albacete, kter\u00e9 je zn\u00e1m\u00e9 tradi\u010dn\u00ed v\u00fdrobou no\u017e\u016f a d\u00fdk.<br \/>\n<strong>Navr\u017eeno a vyrobeno ve \u0160pan\u011blsku (Albacete)<\/strong><\/p>\n","protected":false},"featured_media":202535,"comment_status":"open","ping_status":"closed","template":"","meta":[],"pwb-brand":[359],"product_brand":[],"product_cat":[23,17],"product_tag":[],"class_list":{"0":"post-202534","1":"product","2":"type-product","3":"status-publish","4":"has-post-thumbnail","6":"pwb-brand-joker","7":"product_cat-pevne-noze","8":"product_cat-noze","10":"first","11":"instock","12":"taxable","13":"shipping-taxable","14":"purchasable","15":"product-type-simple"},"brands":[{"id":359,"name":"Joker","slug":"joker"}],"_links":{"self":[{"href":"https:\/\/www.moskito.cz\/pl\/wp-json\/wp\/v2\/product\/202534","targetHints":{"allow":["GET"]}}],"collection":[{"href":"https:\/\/www.moskito.cz\/pl\/wp-json\/wp\/v2\/product"}],"about":[{"href":"https:\/\/www.moskito.cz\/pl\/wp-json\/wp\/v2\/types\/product"}],"replies":[{"embeddable":true,"href":"https:\/\/www.moskito.cz\/pl\/wp-json\/wp\/v2\/comments?post=202534"}],"wp:featuredmedia":[{"embeddable":true,"href":"https:\/\/www.moskito.cz\/pl\/wp-json\/wp\/v2\/media\/202535"}],"wp:attachment":[{"href":"https:\/\/www.moskito.cz\/pl\/wp-json\/wp\/v2\/media?parent=202534"}],"wp:term":[{"taxonomy":"pwb-brand","embeddable":true,"href":"https:\/\/www.moskito.cz\/pl\/wp-json\/wp\/v2\/pwb-brand?post=202534"},{"taxonomy":"product_brand","embeddable":true,"href":"https:\/\/www.moskito.cz\/pl\/wp-json\/wp\/v2\/product_brand?post=202534"},{"taxonomy":"product_cat","embeddable":true,"href":"https:\/\/www.moskito.cz\/pl\/wp-json\/wp\/v2\/product_cat?post=202534"},{"taxonomy":"product_tag","embeddable":true,"href":"https:\/\/www.moskito.cz\/pl\/wp-json\/wp\/v2\/product_tag?post=202534"}],"curies":[{"name":"wp","href":"https:\/\/api.w.org\/{rel}","templated":true}]}}