{"id":204517,"date":"2021-08-19T22:01:09","date_gmt":"2021-08-19T21:01:09","guid":{"rendered":"https:\/\/www.moskito.cz\/?post_type=product&#038;p=204517"},"modified":"2025-08-31T10:18:50","modified_gmt":"2025-08-31T09:18:50","slug":"zaviraci-nuz-extrema-ratio-police-evo","status":"publish","type":"product","link":"https:\/\/www.moskito.cz\/pl\/produkt\/zaviraci-nuz-extrema-ratio-police-evo\/","title":{"rendered":"Zav\u00edrac\u00ed N\u016f\u017e Extrema Ratio POLICE EVO"},"content":{"rendered":"<p>Zav\u00edrac\u00ed N\u016f\u017e <strong>Extrema Ratio<\/strong> POLICE EVO.<\/p>\n<p>Spole\u010dnost Extrema Ratio vyvinula spole\u010dn\u011b s italskou st\u00e1tn\u00ed polici\u00ed v\u00edce\u00fa\u010delov\u00fd zav\u00edrac\u00ed n\u016f\u017e POLICE EVO. Je vybaven \u010depel\u00ed se zaoblenou \u0161pi\u010dkou navr\u017eenou pro obecn\u00e9 pou\u017eit\u00ed a z\u00e1chrann\u00e9 operace. Pru\u017einou ovl\u00e1dan\u00e1 nouzov\u00e1 \u010depel m\u00e1 dal\u0161\u00ed bezpe\u010dnostn\u00ed z\u00e1mek, kter\u00fd zabr\u00e1n\u00ed zran\u011bn\u00ed. Marlin hrot na zadn\u00ed stran\u011b m\u00e1 drsn\u00fd povrch pro v\u011bt\u0161\u00ed snadn\u00e9 otev\u00edr\u00e1n\u00ed a speci\u00e1ln\u00ed z\u00e1mek jej dr\u017e\u00ed otev\u0159en\u00fd. Rozb\u00edje\u010d skla na konci dr\u017eadla je \u00fa\u010dinn\u00fd na sklen\u011bn\u00fdch a plastov\u00fdch povr\u0161\u00edch. N\u016f\u017e tak\u00e9 obsahuje: -Pilov\u00fd kotou\u010d: ur\u010den k \u0159ez\u00e1n\u00ed d\u0159eva, plast\u016f a lehk\u00fdch kovov\u00fdch slitin; -\u010cepel souboru: k odstran\u011bn\u00ed mal\u00e9ho mno\u017estv\u00ed kovu nebo jin\u00e9ho materi\u00e1lu; -Otv\u00edr\u00e1k na konzervy a lahve; -Magnetick\u00fd \u0161roubov\u00e1k: s vym\u011bniteln\u00fdmi hlavami vhodn\u00fd pro r\u016fzn\u00e9 typy \u0161roub\u016f. Sada n\u00e1stroj\u016f je navr\u017eena tak, aby spl\u0148ovala pot\u0159eby r\u016fzn\u00fdch u\u017eivatel\u016f za r\u016fzn\u00fdch podm\u00ednek pou\u017eit\u00ed. V p\u0159\u00edpad\u011b pot\u0159eby lze ka\u017ed\u00e9 p\u0159\u00edslu\u0161enstv\u00ed snadno p\u0159ipevnit k v\u00edce\u00fa\u010delov\u00e9mu n\u00e1stroji v p\u0159edn\u00ed \u010d\u00e1sti rukojeti pomoc\u00ed \u0161roubu, co\u017e poskytuje nejlep\u0161\u00ed \u00fachop. \u0160roubov\u00e1k je m\u00edsto toho magneticky p\u0159ipevn\u011bn k zadn\u00ed \u010d\u00e1sti rukojeti. Oba p\u0159ipojovac\u00ed body jsou viditeln\u011b ozna\u010deny.<br \/>\nTECHNICK\u00dd LIST<br \/>\nHmotnost g .:250<br \/>\nHmotnost oz .:8,8<br \/>\nD\u00e9lka \u010depele (mm):85<br \/>\nD\u00e9lka \u010depele (palce):3,3<br \/>\nCelkov\u00e1 d\u00e9lka (mm):218<br \/>\nCelkov\u00e1 d\u00e9lka (palce):8,6<br \/>\nTlou\u0161\u0165ka \u010depele (mm):3<br \/>\nTlou\u0161\u0165ka \u010depele (palce):0,12<br \/>\nD\u00e9lka \u010depele p\u0159\u00edslu\u0161enstv\u00ed (mm):80<br \/>\nTlou\u0161\u0165ka \u010depele p\u0159\u00edslu\u0161enstv\u00ed (mm):2,5<br \/>\nD\u00e9lka sekund\u00e1rn\u00edho ost\u0159\u00ed (palce):3,15<br \/>\nTlou\u0161\u0165ka \u010depele p\u0159\u00edslu\u0161enstv\u00ed (palce):0,12<br \/>\nMateri\u00e1l \u010depele:B\u00f6HLER N690 STEEL (58HRC)<br \/>\nMateri\u00e1l \u010depele p\u0159\u00edslu\u0161enstv\u00ed:B\u00f6HLER N690 STEEL (58HRC)<br \/>\n\u0160roubov\u00e1k \/ Marlin Spike Materi\u00e1l:NEREZOV\u00c1 OCEL<br \/>\nDokon\u010den\u00ed \u010depele:KAMENE PRAN\u00c9<br \/>\nMateri\u00e1l rukojeti:ANTIKOROD\u00c1LN\u00cd ANODIZOVAN\u00dd HLIN\u00cdK<\/p>\n","protected":false},"excerpt":{"rendered":"<p>Spole\u010dnost\u00a0<strong>Extrema Ratio<\/strong>\u00a0se s\u00eddlem v italsk\u00e9m Pratu navrhuje a vyr\u00e1b\u00ed vysoce v\u00fdkonn\u00e9 bojov\u00e9, vojensk\u00e9, kuchy\u0148sk\u00e9, loveck\u00e9 a taktick\u00e9 no\u017ee od roku 1997 a m\u00e1 pov\u011bst vynikaj\u00edc\u00ed kvality, kter\u00e1 je v oboru vojensk\u00fdch a taktick\u00fdch no\u017e\u016f nep\u0159ekonateln\u00e1.\u00a0<strong>Doprava zdarma.<\/strong><\/p>\n","protected":false},"featured_media":204518,"comment_status":"open","ping_status":"closed","template":"","meta":[],"pwb-brand":[267],"product_brand":[],"product_cat":[22,17],"product_tag":[3667],"class_list":{"0":"post-204517","1":"product","2":"type-product","3":"status-publish","4":"has-post-thumbnail","6":"pwb-brand-extrema-ratio","7":"product_cat-zaviraci-noze","8":"product_cat-noze","9":"product_tag-b2b","11":"first","12":"outofstock","13":"taxable","14":"shipping-taxable","15":"purchasable","16":"product-type-simple"},"brands":[{"id":267,"name":"Extrema Ratio","slug":"extrema-ratio"}],"_links":{"self":[{"href":"https:\/\/www.moskito.cz\/pl\/wp-json\/wp\/v2\/product\/204517","targetHints":{"allow":["GET"]}}],"collection":[{"href":"https:\/\/www.moskito.cz\/pl\/wp-json\/wp\/v2\/product"}],"about":[{"href":"https:\/\/www.moskito.cz\/pl\/wp-json\/wp\/v2\/types\/product"}],"replies":[{"embeddable":true,"href":"https:\/\/www.moskito.cz\/pl\/wp-json\/wp\/v2\/comments?post=204517"}],"wp:featuredmedia":[{"embeddable":true,"href":"https:\/\/www.moskito.cz\/pl\/wp-json\/wp\/v2\/media\/204518"}],"wp:attachment":[{"href":"https:\/\/www.moskito.cz\/pl\/wp-json\/wp\/v2\/media?parent=204517"}],"wp:term":[{"taxonomy":"pwb-brand","embeddable":true,"href":"https:\/\/www.moskito.cz\/pl\/wp-json\/wp\/v2\/pwb-brand?post=204517"},{"taxonomy":"product_brand","embeddable":true,"href":"https:\/\/www.moskito.cz\/pl\/wp-json\/wp\/v2\/product_brand?post=204517"},{"taxonomy":"product_cat","embeddable":true,"href":"https:\/\/www.moskito.cz\/pl\/wp-json\/wp\/v2\/product_cat?post=204517"},{"taxonomy":"product_tag","embeddable":true,"href":"https:\/\/www.moskito.cz\/pl\/wp-json\/wp\/v2\/product_tag?post=204517"}],"curies":[{"name":"wp","href":"https:\/\/api.w.org\/{rel}","templated":true}]}}