{"id":204579,"date":"2021-08-20T20:42:48","date_gmt":"2021-08-20T19:42:48","guid":{"rendered":"https:\/\/www.moskito.cz\/?post_type=product&#038;p=204579"},"modified":"2025-07-29T11:40:31","modified_gmt":"2025-07-29T10:40:31","slug":"zaviraci-nuz-extrema-ratio-t911","status":"publish","type":"product","link":"https:\/\/www.moskito.cz\/pl\/produkt\/zaviraci-nuz-extrema-ratio-t911\/","title":{"rendered":"Zav\u00edrac\u00ed N\u016f\u017e Extrema Ratio T911"},"content":{"rendered":"<p>Zav\u00edrac\u00ed N\u016f\u017e <strong>Extrema Ratio<\/strong> T911.<\/p>\n<p>19. prosince 1941 v Eluet El Asel \u010delilo asi 400 mu\u017e\u016f 1. praporu kr\u00e1lovsk\u00e9ho v\u00fdsadk\u00e1\u0159e Carabinieri \u00fatoku na n\u011bkolik indick\u00fdch prapor\u016f: vysko\u010dilo z jejich foxholes a vrhlo improvizovan\u00e9 gran\u00e1ty, \u201epou\u0161tn\u00ed lvy\u201c, jak je definoval Radio London, dr\u017eel linii, co\u017e umo\u017enilo tis\u00edc\u016fm n\u011bmeck\u00fdch a italsk\u00fdch voj\u00e1k\u016f bezpe\u010dn\u011b ustoupit. Jednalo se o prvn\u00ed akci v historii italsk\u00fdch para\u0161utist\u016f. V\u00fdsadkov\u00fd pluk \u201eTuscania\u201c po\u017e\u00e1dal, aby byl Extrema Ratio T911 speci\u00e1ln\u011b navr\u017een p\u0159i p\u0159\u00edle\u017eitosti jeho 80. v\u00fdro\u010d\u00ed. T911 je lehk\u00fd, st\u0159edn\u011b velk\u00fd zav\u00edrac\u00ed n\u016f\u017e ur\u010den\u00fd pro profesion\u00e1ln\u00ed pou\u017eit\u00ed vojensk\u00fdmi oper\u00e1tory. Je vybaven \u010depel\u00ed spearpoint modifikovanou kobaltovou ocel\u00ed Bohler N690, tepeln\u011b zpracovanou na 58 HRC pro nejlep\u0161\u00ed kompromis mezi hou\u017eevnatost\u00ed, snadn\u00fdm ost\u0159en\u00edm a retenc\u00ed hran.<\/p>\n<p>\u010cepel je 76 mm (3 \u201d) dlouh\u00e1 a 4 mm (0,16\u201d) tlust\u00e1, s povrchovou \u00fapravou vypranou kamenem a ploch\u00fdm okrajem a ot\u00e1\u010d\u00ed se kolem \u010depu, kter\u00fd lze nastavit na nap\u011bt\u00ed, co\u017e u\u017eivateli umo\u017e\u0148uje dos\u00e1hnout po\u017eadovan\u00e9 hladkosti p\u0159i nasazen\u00ed \u010depel. Po nastaven\u00ed sekund\u00e1rn\u00ed \u0161roub zajist\u00ed kol\u00edk v poloze.<\/p>\n<p>Rukoje\u0165 je z tvrd\u00e9 eloxovan\u00e9 hlin\u00edkov\u00e9 slitiny Anticorodal s \u010dern\u00fdm povrchem, tvarovan\u00e1 pro snadn\u00fd p\u0159echod mezi zp\u011btn\u00fdm a \u0161avlov\u00fdm \u00fachopem. \u010cepel se ze slo\u017een\u00e9 polohy vysune obvykl\u00fdm palcem a je zaji\u0161t\u011bna z\u00e1mkem vlo\u017eky s dal\u0161\u00edm bezpe\u010dnostn\u00edm syst\u00e9mem, kter\u00fd zaji\u0161\u0165uje maxim\u00e1ln\u00ed spolehlivost p\u0159i n\u00e1ro\u010dn\u00e9m pou\u017e\u00edv\u00e1n\u00ed. Bezpe\u010dnostn\u00ed p\u00e1ka je \u010derven\u011b zbarvena pro lep\u0161\u00ed viditelnost a zaji\u0161\u0165uje bezpe\u010dnost ve sv\u00e9 p\u0159edn\u00ed poloze pro instinktivn\u011bj\u0161\u00ed pou\u017eit\u00ed.<\/p>\n<p>Rukoje\u0165 m\u00e1 integrovanou \u0159eza\u010dku p\u00e1su se snadno dostupn\u00fdmi b\u0159ity pr\u016fmyslov\u00e9 t\u0159\u00eddy, rozb\u00edje\u010d skla z karbidu wolframu, skl\u00e1dac\u00ed hrot z nerezov\u00e9 oceli a ploch\u00fd \u0161roubov\u00e1k z oceli AISI 420, kter\u00e9 maj\u00ed pomoci p\u0159i nastavov\u00e1n\u00ed rozsahu pu\u0161ky. Na konci rukojeti je upevn\u011bna spona, kter\u00e1 umo\u017e\u0148uje hlubokou skrytou polohu no\u0161en\u00ed s odhalen\u00edm velmi mal\u00e9ho mno\u017estv\u00ed no\u017ee. Klip lze oto\u010dit zleva doprava.<\/p>\n<p>Cel\u00fd n\u016f\u017e lze rozlo\u017eit pro \u010di\u0161t\u011bn\u00ed a \u00fadr\u017ebu. S celkovou d\u00e9lkou 194 mm (7,6 \u201d) a hmotnost\u00ed 145 gr (5,11 oz) se T911 snadno nos\u00ed v uniform\u011b i v civilu.<br \/>\nTECHNICK\u00dd LIST<br \/>\nHmotnost g .:145<br \/>\nHmotnost oz .:5,11<br \/>\nD\u00e9lka \u010depele (mm):76<br \/>\nD\u00e9lka \u010depele (palce):3<br \/>\nCelkov\u00e1 d\u00e9lka (mm):194<br \/>\nCelkov\u00e1 d\u00e9lka (palce):7,6<br \/>\nTlou\u0161\u0165ka \u010depele (mm):4<br \/>\nTlou\u0161\u0165ka \u010depele (palce):0,15<br \/>\nMateri\u00e1l \u010depele:B\u00f6HLER N690 STEEL (58HRC)<br \/>\n\u0160roubov\u00e1k \/ Marlin Spike Materi\u00e1l:TLOU\u0160\u0164KA OCELI OCEL AISI 420 1,5 mm \/ NEREZ<br \/>\nDokon\u010den\u00ed \u010depele:KAMENE PRAN\u00c9<br \/>\nMateri\u00e1l rukojeti:ANTIKOROD\u00c1LN\u00cd ANODIZOVAN\u00dd HLIN\u00cdK<\/p>\n","protected":false},"excerpt":{"rendered":"<p>Spole\u010dnost\u00a0<strong>Extrema Ratio<\/strong>\u00a0se s\u00eddlem v italsk\u00e9m Pratu navrhuje a vyr\u00e1b\u00ed vysoce v\u00fdkonn\u00e9 bojov\u00e9, vojensk\u00e9, kuchy\u0148sk\u00e9, loveck\u00e9 a taktick\u00e9 no\u017ee od roku 1997 a m\u00e1 pov\u011bst vynikaj\u00edc\u00ed kvality, kter\u00e1 je v oboru vojensk\u00fdch a taktick\u00fdch no\u017e\u016f nep\u0159ekonateln\u00e1.\u00a0<strong>Doprava zdarma.<\/strong><\/p>\n","protected":false},"featured_media":204583,"comment_status":"open","ping_status":"closed","template":"","meta":[],"pwb-brand":[267],"product_brand":[],"product_cat":[22,17],"product_tag":[3667],"class_list":{"0":"post-204579","1":"product","2":"type-product","3":"status-publish","4":"has-post-thumbnail","6":"pwb-brand-extrema-ratio","7":"product_cat-zaviraci-noze","8":"product_cat-noze","9":"product_tag-b2b","11":"first","12":"outofstock","13":"taxable","14":"shipping-taxable","15":"purchasable","16":"product-type-simple"},"brands":[{"id":267,"name":"Extrema Ratio","slug":"extrema-ratio"}],"_links":{"self":[{"href":"https:\/\/www.moskito.cz\/pl\/wp-json\/wp\/v2\/product\/204579","targetHints":{"allow":["GET"]}}],"collection":[{"href":"https:\/\/www.moskito.cz\/pl\/wp-json\/wp\/v2\/product"}],"about":[{"href":"https:\/\/www.moskito.cz\/pl\/wp-json\/wp\/v2\/types\/product"}],"replies":[{"embeddable":true,"href":"https:\/\/www.moskito.cz\/pl\/wp-json\/wp\/v2\/comments?post=204579"}],"wp:featuredmedia":[{"embeddable":true,"href":"https:\/\/www.moskito.cz\/pl\/wp-json\/wp\/v2\/media\/204583"}],"wp:attachment":[{"href":"https:\/\/www.moskito.cz\/pl\/wp-json\/wp\/v2\/media?parent=204579"}],"wp:term":[{"taxonomy":"pwb-brand","embeddable":true,"href":"https:\/\/www.moskito.cz\/pl\/wp-json\/wp\/v2\/pwb-brand?post=204579"},{"taxonomy":"product_brand","embeddable":true,"href":"https:\/\/www.moskito.cz\/pl\/wp-json\/wp\/v2\/product_brand?post=204579"},{"taxonomy":"product_cat","embeddable":true,"href":"https:\/\/www.moskito.cz\/pl\/wp-json\/wp\/v2\/product_cat?post=204579"},{"taxonomy":"product_tag","embeddable":true,"href":"https:\/\/www.moskito.cz\/pl\/wp-json\/wp\/v2\/product_tag?post=204579"}],"curies":[{"name":"wp","href":"https:\/\/api.w.org\/{rel}","templated":true}]}}