{"id":204627,"date":"2021-08-21T16:44:21","date_gmt":"2021-08-21T15:44:21","guid":{"rendered":"https:\/\/www.moskito.cz\/?post_type=product&#038;p=204627"},"modified":"2025-10-20T10:13:48","modified_gmt":"2025-10-20T09:13:48","slug":"vystrelovaci-nuz-microtech-troodon-titanium-grey-138-1tg","status":"publish","type":"product","link":"https:\/\/www.moskito.cz\/pl\/produkt\/vystrelovaci-nuz-microtech-troodon-titanium-grey-138-1tg\/","title":{"rendered":"Vyst\u0159elovac\u00ed N\u016f\u017e Microtech Troodon Titanium Grey 138-1TG"},"content":{"rendered":"<p>Vyst\u0159elovac\u00ed N\u016f\u017e <strong>Microtech<\/strong> Troodon Titanium Grey 138-1TG.<\/p>\n<p>Tento Troodon m\u00e1 \u010depel brou\u0161enou z obou stran. Rukoje\u0165 je \u010dern\u011b eloxovan\u00fd hlin\u00edk T-6 s dr\u00e1\u017ekami pro v\u011bt\u0161\u00ed p\u0159idr\u017eovac\u00ed schopnost. Pojistka, kapesn\u00ed klip a rob\u00edje\u010d skla jsou st\u0159\u00edbrn\u00e9.<\/p>\n<p>Jednoduch\u00fd troodonov\u00fd n\u016f\u017e od firmy Microtech je pojmenov\u00e1n po dinosauru Troodon, tento n\u016f\u017e byl vlajkov\u00fdm no\u017eem spole\u010dnosti Microtech v roce 2006.<\/p>\n<p>Celkov\u00e1 d\u00e9lka: 19.2 cm<br \/>\nD\u00e9lka \u010depele: 7.5 cm<br \/>\nMateri\u00e1l \u010depele: M390<br \/>\nStyl \u010depele: D\u00fdka<br \/>\nB\u0159itov\u00e9 desti\u010dky: Ploch\u00e9<br \/>\nD\u00e9lka rukojeti: 10.63 cm<br \/>\nTlou\u0161\u0165ka rukojeti: 1.12 cm<br \/>\nMateri\u00e1l rukojeti: hlin\u00edk<br \/>\nHmotnost: 3,00 oz.<br \/>\nU\u017eivatel: Prav\u00e1 ruka<br \/>\nPocket Clip: Tip-Down<br \/>\nTyp no\u017ee: Automatick\u00fd<br \/>\nOtv\u00edra\u010d: Thumb Slide<br \/>\nZna\u010dka: Microtech<br \/>\nModel: Troodon<br \/>\nZem\u011b p\u016fvodu: USA<br \/>\nNejlep\u0161\u00ed vyu\u017eit\u00ed: Taktick\u00e9<\/p>\n<p>Microtech&#8217;s Troodon dual action OTF (Out The Front) knife is named after a bird-like dinosaur a little smaller than the average sized human, the Troodon earns its name quite well being pint sized and smaller than an Ultratech and larger than a Daytona. Hitting the ruler at at almost 8 inches in total length with a 3 inch blade the Troodon is a perfect sized handle for covert carry, featuring CNC cut jimping on all faces of the handle and on the slider switch for easy firing and retracting of the blade.<br \/>\nThe blade of the Troodon has been totally re-designed with extra blade porting on the blood grooves, along with a skull cracker at the bottom of the handle that doubles as the pocket clip securing screw.<br \/>\nFeatures<br \/>\nOverall Length: 7.6&#8243;<br \/>\nBlade Length: 3&#8243;<br \/>\nBlade Material:M390<br \/>\nBlade Thickness: 0.09&#8243;<br \/>\nHandle Material: 6061 Aluminum<br \/>\nWeight: 3oz<br \/>\nClosed Length: 4.4&#8243;<br \/>\nKnife Category: Automatic<br \/>\nAction: Dual Action Out The Front (D\/A OTF)<br \/>\nBlade Style: Single Edge (D\/E)<br \/>\nCountry of Origin: USA<\/p>\n","protected":false},"excerpt":{"rendered":"<p>V pr\u016fb\u011bhu let\u00a0<strong>Microtech\u00ae Knives<\/strong>\u00a0naplnil v\u00e1\u0161n\u00ed a dovednost\u00ed v\u00fdrobu no\u017e\u016f, a\u017e z nich vytvo\u0159il t\u00e9m\u011b\u0159 um\u011bleck\u00e1 d\u00edla,kter\u00e9 jsou vrcholem funk\u010dnosti.V\u0161echny d\u00edly jsou vyrodeny v USA.<br \/>\n<strong>Na v\u0161echny no\u017ee Microtech je do\u017eivotn\u00ed z\u00e1ruka.<\/strong><\/p>\n<p><strong>Doprava zdarma.<\/strong><\/p>\n","protected":false},"featured_media":204628,"comment_status":"open","ping_status":"closed","template":"","meta":[],"pwb-brand":[431],"product_brand":[],"product_cat":[2019,17],"product_tag":[3667],"class_list":{"0":"post-204627","1":"product","2":"type-product","3":"status-publish","4":"has-post-thumbnail","6":"pwb-brand-microtech","7":"product_cat-vystrelovaci-noze","8":"product_cat-noze","9":"product_tag-b2b","11":"first","12":"outofstock","13":"taxable","14":"shipping-taxable","15":"purchasable","16":"product-type-simple"},"brands":[{"id":431,"name":"Microtech","slug":"microtech"}],"_links":{"self":[{"href":"https:\/\/www.moskito.cz\/pl\/wp-json\/wp\/v2\/product\/204627","targetHints":{"allow":["GET"]}}],"collection":[{"href":"https:\/\/www.moskito.cz\/pl\/wp-json\/wp\/v2\/product"}],"about":[{"href":"https:\/\/www.moskito.cz\/pl\/wp-json\/wp\/v2\/types\/product"}],"replies":[{"embeddable":true,"href":"https:\/\/www.moskito.cz\/pl\/wp-json\/wp\/v2\/comments?post=204627"}],"wp:featuredmedia":[{"embeddable":true,"href":"https:\/\/www.moskito.cz\/pl\/wp-json\/wp\/v2\/media\/204628"}],"wp:attachment":[{"href":"https:\/\/www.moskito.cz\/pl\/wp-json\/wp\/v2\/media?parent=204627"}],"wp:term":[{"taxonomy":"pwb-brand","embeddable":true,"href":"https:\/\/www.moskito.cz\/pl\/wp-json\/wp\/v2\/pwb-brand?post=204627"},{"taxonomy":"product_brand","embeddable":true,"href":"https:\/\/www.moskito.cz\/pl\/wp-json\/wp\/v2\/product_brand?post=204627"},{"taxonomy":"product_cat","embeddable":true,"href":"https:\/\/www.moskito.cz\/pl\/wp-json\/wp\/v2\/product_cat?post=204627"},{"taxonomy":"product_tag","embeddable":true,"href":"https:\/\/www.moskito.cz\/pl\/wp-json\/wp\/v2\/product_tag?post=204627"}],"curies":[{"name":"wp","href":"https:\/\/api.w.org\/{rel}","templated":true}]}}