{"id":204683,"date":"2021-08-21T18:12:51","date_gmt":"2021-08-21T17:12:51","guid":{"rendered":"https:\/\/www.moskito.cz\/?post_type=product&#038;p=204683"},"modified":"2025-05-07T10:35:41","modified_gmt":"2025-05-07T09:35:41","slug":"pero-z-nerezove-oceli-microtech-siphon-ii-s-kapesnim-klipem-401-ss-bb","status":"publish","type":"product","link":"https:\/\/www.moskito.cz\/pl\/produkt\/pero-z-nerezove-oceli-microtech-siphon-ii-s-kapesnim-klipem-401-ss-bb\/","title":{"rendered":"Pero z Nerezov\u00e9 Oceli Microtech Siphon II s Kapesn\u00edm Klipem 401-SS-BB"},"content":{"rendered":"<p>Pero z Nerezov\u00e9 Oceli <strong>Microtech<\/strong> Siphon II s Kapesn\u00edm Klipem 401-SS-BB.<\/p>\n<p><strong>Siphon II<\/strong> od Microtech je vyroben kompletn\u011b z nerezov\u00e9 oceli 303, aby v\u00e1m poskytl maxim\u00e1ln\u00ed s\u00edlu v designu. Je to elegantn\u00ed, snadno p\u0159enosn\u00e9 a vyroben\u00e9 v USA. Zatahovac\u00ed hrot se aktivuje p\u00e1\u010dkou. Pero je navr\u017eeno tak, aby p\u0159ij\u00edmalo inkoustov\u00e9 n\u00e1pln\u011b Pilot G2 Mini, m\u011b\u0159\u00ed v otev\u0159en\u00e9m stavu 14 cm a v zav\u0159en\u00e9m stavu 9 cm.<\/p>\n<p>Description<br \/>\nMT401SSBB: Siphon Bead Blasted Stainless Steel Pen<br \/>\nMicrotech<br \/>\nThe Siphon II by Microtech is made completely from 303 stainless steel to give you the utmost strength in the design. It is classy, easy to carry and made in the USA. The retractable tip is activated by the lever. Designed to accept Pilot G2 Mini ink refills, the pen measures 5.5&#8243; overall when open and 3.5&#8243; when closed.<\/p>\n<p>&nbsp;<\/p>\n","protected":false},"excerpt":{"rendered":"<p>V pr\u016fb\u011bhu let\u00a0<strong>Microtech\u00ae\u00a0<\/strong>Knives naplnil v\u00e1\u0161n\u00ed a dovednost\u00ed v\u00fdrobu no\u017e\u016f, a\u017e z nich vytvo\u0159il t\u00e9m\u011b\u0159 um\u011bleck\u00e1 d\u00edla,kter\u00e9 jsou vrcholem funk\u010dnosti.V\u0161echny d\u00edly jsou vyrodeny v USA.<br \/>\n<strong>Na v\u0161echny no\u017ee Microtech je do\u017eivotn\u00ed z\u00e1ruka ( min. 80 000 cykl\u016f, otev\u0159en\u00ed a zav\u0159en\u00ed)<\/strong><\/p>\n<p><strong>Doprava zdarma.<\/strong><\/p>\n","protected":false},"featured_media":204684,"comment_status":"open","ping_status":"closed","template":"","meta":[],"pwb-brand":[431],"product_brand":[],"product_cat":[2019,17],"product_tag":[3667],"class_list":{"0":"post-204683","1":"product","2":"type-product","3":"status-publish","4":"has-post-thumbnail","6":"pwb-brand-microtech","7":"product_cat-vystrelovaci-noze","8":"product_cat-noze","9":"product_tag-b2b","11":"first","12":"outofstock","13":"taxable","14":"shipping-taxable","15":"purchasable","16":"product-type-simple"},"brands":[{"id":431,"name":"Microtech","slug":"microtech"}],"_links":{"self":[{"href":"https:\/\/www.moskito.cz\/pl\/wp-json\/wp\/v2\/product\/204683","targetHints":{"allow":["GET"]}}],"collection":[{"href":"https:\/\/www.moskito.cz\/pl\/wp-json\/wp\/v2\/product"}],"about":[{"href":"https:\/\/www.moskito.cz\/pl\/wp-json\/wp\/v2\/types\/product"}],"replies":[{"embeddable":true,"href":"https:\/\/www.moskito.cz\/pl\/wp-json\/wp\/v2\/comments?post=204683"}],"wp:featuredmedia":[{"embeddable":true,"href":"https:\/\/www.moskito.cz\/pl\/wp-json\/wp\/v2\/media\/204684"}],"wp:attachment":[{"href":"https:\/\/www.moskito.cz\/pl\/wp-json\/wp\/v2\/media?parent=204683"}],"wp:term":[{"taxonomy":"pwb-brand","embeddable":true,"href":"https:\/\/www.moskito.cz\/pl\/wp-json\/wp\/v2\/pwb-brand?post=204683"},{"taxonomy":"product_brand","embeddable":true,"href":"https:\/\/www.moskito.cz\/pl\/wp-json\/wp\/v2\/product_brand?post=204683"},{"taxonomy":"product_cat","embeddable":true,"href":"https:\/\/www.moskito.cz\/pl\/wp-json\/wp\/v2\/product_cat?post=204683"},{"taxonomy":"product_tag","embeddable":true,"href":"https:\/\/www.moskito.cz\/pl\/wp-json\/wp\/v2\/product_tag?post=204683"}],"curies":[{"name":"wp","href":"https:\/\/api.w.org\/{rel}","templated":true}]}}