{"id":204906,"date":"2021-09-02T21:33:50","date_gmt":"2021-09-02T20:33:50","guid":{"rendered":"https:\/\/www.moskito.cz\/?post_type=product&#038;p=204906"},"modified":"2025-05-07T10:35:43","modified_gmt":"2025-05-07T09:35:43","slug":"vystrelovaci-nuz-microtech-troodon-bronze-apocalyptic-138-13apcps","status":"publish","type":"product","link":"https:\/\/www.moskito.cz\/pl\/produkt\/vystrelovaci-nuz-microtech-troodon-bronze-apocalyptic-138-13apcps\/","title":{"rendered":"Vyst\u0159elovac\u00ed N\u016f\u017e Microtech Troodon Bronze Apocalyptic 138-13APCPS"},"content":{"rendered":"<p>Vyst\u0159elovac\u00ed N\u016f\u017e <strong>Microtech<\/strong> Troodon Bronze Apocalyptic 138-13APCPS.<\/p>\n<p>Z p\u0159edu vyst\u0159elovac\u00ed n\u016f\u017e. Rukoje\u0165 eloxovan\u00fd hlin\u00edk T-6 s dr\u00e1\u017ekami pro v\u011bt\u0161\u00ed p\u0159idr\u017eovac\u00ed schopnost.<\/p>\n<p>Jednoduch\u00fd n\u016f\u017e od firmy Microtech je pojmenov\u00e1n po dinosauru Troodon, tento n\u016f\u017e byl vlajkov\u00fdm no\u017eem spole\u010dnosti Microtech v roce 2006.<\/p>\n<p>Celkov\u00e1 d\u00e9lka: 19.2 cm<br \/>\nD\u00e9lka \u010depele: 7.5 cm<br \/>\nMateri\u00e1l \u010depele: 204P<br \/>\nStyl \u010depele: D\u00fdka<br \/>\nB\u0159itov\u00e9 desti\u010dky: Ploch\u00e9<br \/>\nTyp okraje: oby\u010dejn\u00fd<br \/>\nD\u00e9lka rukojeti: 10.63 cm<br \/>\nTlou\u0161\u0165ka rukojeti: 1.12 cm<br \/>\nMateri\u00e1l rukojeti: hlin\u00edk<br \/>\nHmotnost: 3,00 oz.<br \/>\nU\u017eivatel: Prav\u00e1 ruka<br \/>\nPocket Clip: Tip-Down<br \/>\nTyp no\u017ee: Automatick\u00fd<br \/>\nOtv\u00edra\u010d: Thumb Slide<br \/>\nZna\u010dka: Microtech<br \/>\nModel: Troodon<br \/>\nZem\u011b p\u016fvodu: USA<br \/>\nNejlep\u0161\u00ed vyu\u017eit\u00ed: Taktick\u00e9<\/p>\n<div class=\"description\">\n<p>Named after the Troodon (troh-o-don) Dinosaur, this knife defines the new era for Microtech Knives. Troodon is Greek for &#8222;wounding tooth&#8221;. New enhancements include a slender handle, contoured shape and radical design elements, as well as a sophisticated internal mechanism, which improves operational functionality and reliability. The Troodon brings together a out-the-front technology with the feel of a Microtech classic. This project was spearheaded personally by Anthony Marfione and consisted of an internal collaboration of the Microtech team. The Troodon was the flagship for Microtech&#8217;s entire 2006 out-the-front line.<\/p>\n<div class=\"clearfix\"><\/div>\n<\/div>\n<div class=\"specifications\">\n<div class=\"features\"><\/div>\n<div class=\"specs\">\n<h3 class=\"specificationsPDP\">Specifications<\/h3>\n<ul>\n<li>Blade Length: 3.06&#8243;<\/li>\n<li>Blade Thickness: 0.095&#8243;<\/li>\n<li>Glass Break: Removable Tungsten Tip Glass Breaker<\/li>\n<li>Handle: 6061-T6 Aluminum Mil Spec Hard Coat Anodized with Copper Top<\/li>\n<li>Handle Thickness: Sculptured Tapered Min 0.304&#8243; Max 435&#8243;<\/li>\n<li>Length Open: 7.64&#8243;<\/li>\n<li>Length Closed: 4.58&#8243;<\/li>\n<li>Pocket Clip: 301 Spring Tempered, Ambidextrous<\/li>\n<li>Action: Dual Action Auto Fire and Retract<\/li>\n<li>Weight: 2.3 oz.<\/li>\n<li><strong>Please note, blade steel cannot be specified as it can change depending on availability (information from Microtech)<\/strong><\/li>\n<li>Made in the USA<\/li>\n<\/ul>\n<\/div>\n<\/div>\n<p>&nbsp;<\/p>\n","protected":false},"excerpt":{"rendered":"<p>V pr\u016fb\u011bhu let\u00a0<strong>Microtech\u00ae Knives<\/strong>\u00a0naplnil v\u00e1\u0161n\u00ed a dovednost\u00ed v\u00fdrobu no\u017e\u016f, a\u017e z nich vytvo\u0159il t\u00e9m\u011b\u0159 um\u011bleck\u00e1 d\u00edla,kter\u00e9 jsou vrcholem funk\u010dnosti.V\u0161echny d\u00edly jsou vyrodeny v USA.<br \/>\n<strong>Na v\u0161echny no\u017ee Microtech je do\u017eivotn\u00ed z\u00e1ruka.<\/strong><\/p>\n<p><strong>Doprava zdarma.<\/strong><\/p>\n","protected":false},"featured_media":204907,"comment_status":"open","ping_status":"closed","template":"","meta":[],"pwb-brand":[431],"product_brand":[],"product_cat":[2019,17],"product_tag":[3667],"class_list":{"0":"post-204906","1":"product","2":"type-product","3":"status-publish","4":"has-post-thumbnail","6":"pwb-brand-microtech","7":"product_cat-vystrelovaci-noze","8":"product_cat-noze","9":"product_tag-b2b","11":"first","12":"instock","13":"taxable","14":"shipping-taxable","15":"purchasable","16":"product-type-simple"},"brands":[{"id":431,"name":"Microtech","slug":"microtech"}],"_links":{"self":[{"href":"https:\/\/www.moskito.cz\/pl\/wp-json\/wp\/v2\/product\/204906","targetHints":{"allow":["GET"]}}],"collection":[{"href":"https:\/\/www.moskito.cz\/pl\/wp-json\/wp\/v2\/product"}],"about":[{"href":"https:\/\/www.moskito.cz\/pl\/wp-json\/wp\/v2\/types\/product"}],"replies":[{"embeddable":true,"href":"https:\/\/www.moskito.cz\/pl\/wp-json\/wp\/v2\/comments?post=204906"}],"wp:featuredmedia":[{"embeddable":true,"href":"https:\/\/www.moskito.cz\/pl\/wp-json\/wp\/v2\/media\/204907"}],"wp:attachment":[{"href":"https:\/\/www.moskito.cz\/pl\/wp-json\/wp\/v2\/media?parent=204906"}],"wp:term":[{"taxonomy":"pwb-brand","embeddable":true,"href":"https:\/\/www.moskito.cz\/pl\/wp-json\/wp\/v2\/pwb-brand?post=204906"},{"taxonomy":"product_brand","embeddable":true,"href":"https:\/\/www.moskito.cz\/pl\/wp-json\/wp\/v2\/product_brand?post=204906"},{"taxonomy":"product_cat","embeddable":true,"href":"https:\/\/www.moskito.cz\/pl\/wp-json\/wp\/v2\/product_cat?post=204906"},{"taxonomy":"product_tag","embeddable":true,"href":"https:\/\/www.moskito.cz\/pl\/wp-json\/wp\/v2\/product_tag?post=204906"}],"curies":[{"name":"wp","href":"https:\/\/api.w.org\/{rel}","templated":true}]}}