{"id":205443,"date":"2021-09-18T20:35:50","date_gmt":"2021-09-18T19:35:50","guid":{"rendered":"https:\/\/www.moskito.cz\/?post_type=product&#038;p=205443"},"modified":"2026-04-17T13:03:12","modified_gmt":"2026-04-17T12:03:12","slug":"zaviraci-nuz-adv-tactical-harpoon-f17-fragged","status":"publish","type":"product","link":"https:\/\/www.moskito.cz\/pl\/produkt\/zaviraci-nuz-adv-tactical-harpoon-f17-fragged\/","title":{"rendered":"Zav\u00edrac\u00ed N\u016f\u017e ADV Tactical Harpoon F17 Fragged"},"content":{"rendered":"<p>Zav\u00edrac\u00ed N\u016f\u017e <strong>ADV Tactical<\/strong> Harpoon F17 Fragged.<\/p>\n<p>Zav\u00edrac\u00ed n\u016f\u017e ADV Tactical Harpoon F17 Fragged je vynikaj\u00edc\u00ed volbou pro v\u0161echny, kdo hledaj\u00ed vysoce kvalitn\u00ed, taktick\u00fd n\u016f\u017e s d\u016frazem na ergonomii, odolnost a p\u0159esn\u00e9 zpracov\u00e1n\u00ed. Tento model navr\u017een\u00fd renomovan\u00fdm design\u00e9rem Andre De Villiers spojuje unik\u00e1tn\u00ed vzhled a prakti\u010dnost, co\u017e je ide\u00e1ln\u00ed pro ka\u017edodenn\u00ed pou\u017eit\u00ed (EDC), lov i p\u0159e\u017eit\u00ed.<\/p>\n<p>Kl\u00ed\u010dov\u00e9 vlastnosti:<br \/>\n\u010cepel :<\/p>\n<p>D\u00e9lka: 10 cm<br \/>\nMateri\u00e1l: N690 nerezov\u00e1 ocel \u2013 zn\u00e1m\u00e1 svou odolnost\u00ed v\u016f\u010di korozi a v\u00fdborn\u00fdm dr\u017een\u00edm ost\u0159\u00ed.<br \/>\nPovrchov\u00e1 \u00faprava: Black Stonewash \u2013 maskuje drobn\u00e9 \u0161kr\u00e1bance a p\u0159id\u00e1v\u00e1 tak no\u017ei odoln\u011bj\u0161\u00ed vzhled.<br \/>\nTvar: Harpunov\u00fd hrot \u2013 poskytuje vynikaj\u00edc\u00ed pr\u016fraznost a kontrolu nad \u010depel\u00ed.<br \/>\nBrou\u0161en\u00ed: Ploch\u00fd v\u00fdbrus , ide\u00e1ln\u00ed pro kombinaci \u0159ez\u00e1n\u00ed a p\u0159esnosti.<br \/>\nRukoje\u0165 :<\/p>\n<p>Materi\u00e1l: Frag fr\u00e9zovan\u00fd titan s povrchovou \u00fapravou Black Stonewash.<br \/>\nErgonomie: Obsahuje druhou prstovou dr\u00e1\u017eku a rampu pro palec, co\u017e p\u0159isp\u00edv\u00e1 k pohodln\u00e9mu a jist\u00e9mu uchopen\u00ed.<br \/>\nBackspacer: Titanov\u00fd, zaji\u0161\u0165uj\u00edc\u00ed pevnostn\u00ed konstrukci.<br \/>\nMechanismus :<\/p>\n<p>Typ zamyk\u00e1n\u00ed: R\u00e1mov\u00fd z\u00e1mek s integrovan\u00fdm vlo\u017ekov\u00fdm mechanismem, kter\u00fd nab\u00edz\u00ed vysokou spolehlivost a snadn\u00e9 ovl\u00e1d\u00e1n\u00ed.<br \/>\nOto\u010dn\u00fd mechanismus: \u010cep na lo\u017eisk\u00e1ch v kleci pro hladk\u00e9 a rychl\u00e9 otev\u00edr\u00e1n\u00ed.<br \/>\nFlipper: Precizn\u011b navr\u017een\u00fd pro snadn\u00e9 pou\u017eit\u00ed jednou rukou.<br \/>\nDal\u0161\u00ed vlastnosti :<\/p>\n<p>Titanov\u00e1 kapesn\u00ed spona : Fr\u00e9zovan\u00e1 pro lep\u0161\u00ed uchycen\u00ed v siln\u011bj\u0161\u00edch kaps\u00e1ch.<br \/>\nCelkov\u00e1 d\u00e9lka: 22 cm<br \/>\nHmotnost: 7,4 oz (cca 210 g) \u2013 robustn\u00ed, ale st\u00e1le dob\u0159e p\u0159enosn\u00fd.<br \/>\nVyrobeno v Ji\u017en\u00ed Africe, co\u017e podtrhuje unik\u00e1tnost designu.<br \/>\nShrnut\u00ed:<br \/>\nHarpoon F17 Fragged vynik\u00e1 sv\u00fdm kvalitn\u00edm zpracov\u00e1n\u00edm, atraktivn\u00edm designem a funk\u010dnost\u00ed. D\u00edky pou\u017eit\u00ed kvalitn\u00edch materi\u00e1l\u016f a promy\u0161len\u00e9 ergonomii je tento n\u016f\u017e ide\u00e1ln\u00ed pro ka\u017ed\u00e9ho, kdo hled\u00e1 taktick\u00fd n\u00e1stroj, kter\u00fd zvl\u00e1dne i ty nejn\u00e1ro\u010dn\u011bj\u0161\u00ed \u00fakoly. Jeho kombinace stylu a v\u00fdkonu z n\u011bj d\u011bl\u00e1 perfektn\u00ed volbu nejen pro sb\u011bratele, ale i pro praktick\u00e9 u\u017eivatele.<\/p>\n","protected":false},"excerpt":{"rendered":"<p><strong>Harpoon F17 Fragged vynik\u00e1 sv\u00fdm kvalitn\u00edm zpracov\u00e1n\u00edm, atraktivn\u00edm designem a funk\u010dnost\u00ed. D\u00edky pou\u017eit\u00ed kvalitn\u00edch materi\u00e1l\u016f a promy\u0161len\u00e9 ergonomii je tento n\u016f\u017e ide\u00e1ln\u00ed pro ka\u017ed\u00e9ho, kdo hled\u00e1 taktick\u00fd n\u00e1stroj, kter\u00fd zvl\u00e1dne i ty nejn\u00e1ro\u010dn\u011bj\u0161\u00ed \u00fakoly. Jeho kombinace stylu a v\u00fdkonu z n\u011bj d\u011bl\u00e1 perfektn\u00ed volbu nejen pro sb\u011bratele, ale i pro praktick\u00e9 u\u017eivatele.<\/strong><\/p>\n<p><strong>Doprava zdarma.<\/strong><\/p>\n","protected":false},"featured_media":205444,"comment_status":"open","ping_status":"closed","template":"","meta":[],"pwb-brand":[3211],"product_brand":[],"product_cat":[22,17],"product_tag":[],"class_list":{"0":"post-205443","1":"product","2":"type-product","3":"status-publish","4":"has-post-thumbnail","6":"pwb-brand-andre-de-villiers","7":"product_cat-zaviraci-noze","8":"product_cat-noze","10":"first","11":"instock","12":"taxable","13":"shipping-taxable","14":"purchasable","15":"product-type-simple"},"brands":[{"id":3211,"name":"Andre De Villiers","slug":"andre-de-villiers"}],"_links":{"self":[{"href":"https:\/\/www.moskito.cz\/pl\/wp-json\/wp\/v2\/product\/205443","targetHints":{"allow":["GET"]}}],"collection":[{"href":"https:\/\/www.moskito.cz\/pl\/wp-json\/wp\/v2\/product"}],"about":[{"href":"https:\/\/www.moskito.cz\/pl\/wp-json\/wp\/v2\/types\/product"}],"replies":[{"embeddable":true,"href":"https:\/\/www.moskito.cz\/pl\/wp-json\/wp\/v2\/comments?post=205443"}],"wp:featuredmedia":[{"embeddable":true,"href":"https:\/\/www.moskito.cz\/pl\/wp-json\/wp\/v2\/media\/205444"}],"wp:attachment":[{"href":"https:\/\/www.moskito.cz\/pl\/wp-json\/wp\/v2\/media?parent=205443"}],"wp:term":[{"taxonomy":"pwb-brand","embeddable":true,"href":"https:\/\/www.moskito.cz\/pl\/wp-json\/wp\/v2\/pwb-brand?post=205443"},{"taxonomy":"product_brand","embeddable":true,"href":"https:\/\/www.moskito.cz\/pl\/wp-json\/wp\/v2\/product_brand?post=205443"},{"taxonomy":"product_cat","embeddable":true,"href":"https:\/\/www.moskito.cz\/pl\/wp-json\/wp\/v2\/product_cat?post=205443"},{"taxonomy":"product_tag","embeddable":true,"href":"https:\/\/www.moskito.cz\/pl\/wp-json\/wp\/v2\/product_tag?post=205443"}],"curies":[{"name":"wp","href":"https:\/\/api.w.org\/{rel}","templated":true}]}}