{"id":205928,"date":"2021-09-24T16:57:28","date_gmt":"2021-09-24T15:57:28","guid":{"rendered":"https:\/\/www.moskito.cz\/?post_type=product&#038;p=205928"},"modified":"2025-05-07T10:35:58","modified_gmt":"2025-05-07T09:35:58","slug":"zaviraci-nuz-sog-tac-xr-blackout-serrated","status":"publish","type":"product","link":"https:\/\/www.moskito.cz\/pl\/produkt\/zaviraci-nuz-sog-tac-xr-blackout-serrated\/","title":{"rendered":"Zav\u00edrac\u00ed N\u016f\u017e SOG TAC XR BLACKOUT SERRATED"},"content":{"rendered":"<p>Zav\u00edrac\u00ed N\u016f\u017e <strong>SOG<\/strong> TAC XR BLACKOUT SERRATED.<\/p>\n<p>\u0158e\u0161en\u00ed SOG-TAC XR, kter\u00e9 je \u0159e\u0161en\u00edm pro uniformovan\u00e9 profesion\u00e1ly, je vybaveno\u00a0 kryogenicky tepeln\u011b o\u0161et\u0159enou \u010depel\u00ed z n\u00e1strojov\u00e9 oceli D2 a ultra-p\u0159ilnavou rukojet\u00ed G10. SOR XR Lock umo\u017e\u0148uje hladk\u00e9 oboustrann\u00e9 otev\u00edr\u00e1n\u00ed jednou rukou t\u0159emi r\u016fzn\u00fdmi zp\u016fsoby, s extr\u00e9mn\u011b bezpe\u010dn\u00fdm z\u00e1mkem \u010depele po otev\u0159en\u00ed. Nov\u00e1 generace navr\u017een\u00e9ho a navr\u017een\u00e9ho v\u00fdkonu.<\/p>\n<p>\u00da\u010cELN\u00dd DESIGN<br \/>\nNavr\u017eeno pro profesion\u00e1ly, s oboustrann\u00fdm hladk\u00fdm otev\u0159en\u00edm a pevn\u00fdm zamyk\u00e1n\u00edm XR Lock, \u010depel\u00ed z nerezov\u00e9 oceli CRYO D2 a ultra-grip G10 rukojet\u00ed pro lep\u0161\u00ed ovl\u00e1d\u00e1n\u00ed.<\/p>\n<p>OCEL CRYO D2<br \/>\nUniverz\u00e1ln\u00ed n\u00e1strojov\u00e1 ocel s vysok\u00fdm obsahem uhl\u00edku, kter\u00e1 je kryogenicky tepeln\u011b zpracov\u00e1na podle jedine\u010dn\u00fdch v\u00fdkonnostn\u00edch specifikac\u00ed SOG. D2 poskytuje ide\u00e1ln\u00ed kombinaci udr\u017een\u00ed hran a trvanlivosti pro dlouhodob\u00e9 pou\u017e\u00edv\u00e1n\u00ed se snadnou \u00fadr\u017ebou.<\/p>\n<p>AMBIDEXTROUS DESIGN<br \/>\nNavr\u017eeno pro obouru\u010dn\u00ed pou\u017eit\u00ed jednou rukou, se v\u0161emi funkcemi p\u0159\u00edstupn\u00fdmi ob\u011bma rukama, v\u010detn\u011b reverzn\u00edho dr\u017e\u00e1ku klipu pro no\u0161en\u00ed vlevo nebo vpravo.<\/p>\n<p>N\u00e1\u0161 p\u0159\u00edb\u011bh za\u010d\u00edn\u00e1 ve Vietnamu, kde \u010dlenov\u00e9 vysoce utajovan\u00e9 americk\u00e9 speci\u00e1ln\u00ed opera\u010dn\u00ed jednotky \u2013 zn\u00e1m\u00e9 jako MACV \u2013<strong>SOG<\/strong> \u2013 nesli jedine\u010dn\u00fd tajn\u00fd n\u016f\u017e do d\u017eungle na skryt\u00fdch mis\u00edch. O n\u011bkolik let pozd\u011bji, v roce 1986, tento n\u016f\u017e inspiroval mlad\u00e9ho n\u00e1vrh\u00e1\u0159e jm\u00e9nem Spencer Frazer, aby zalo\u017eil speci\u00e1ln\u00ed no\u017ee <strong>SOG<\/strong>. Jeho posl\u00e1n\u00ed: reprodukovat p\u016fvodn\u00ed n\u016f\u017e SOG Bowie a vzd\u00e1t hold speci\u00e1ln\u00ed opera\u010dn\u00ed jednotce, kter\u00e1 jej vytvo\u0159ila. To, co za\u010dalo jako jedin\u00fd pam\u011btn\u00ed model, se brzy stalo celou \u0159adou inovativn\u00edch n\u00e1stroj\u016f \u2013 osv\u011bd\u010den\u00fdch americk\u00fdmi speci\u00e1ln\u00edmi silami, dokonce ocen\u011bn\u00fdch jako vybran\u00fd n\u016f\u017e Navy SEAL. No\u017ee <strong>SOG<\/strong> se dnes s jistotou nos\u00ed do t\u011bch nejn\u00e1ro\u010dn\u011bj\u0161\u00edch situac\u00ed. Kovan\u00e9 z tradice, tvrzen\u00e9 v poli, pilovan\u00e9 pro v\u00e1s.<\/p>\n<p>A\u0165 u\u017e chr\u00e1n\u00edte ostatn\u00ed nebo vedete epickou loveckou expedici, \u0159e\u0161\u00edte jednu z ka\u017edodenn\u00edch \u017eivotn\u00edch v\u00fdzev nebo se pot\u00fdk\u00e1te se sv\u00fdmi dosud nejextr\u00e9mn\u011bj\u0161\u00edmi podm\u00ednkami, ud\u011blejte si cestu se SOG.<\/p>\n<p>CELKOV\u00c1 D\u00c9LKA : 20 cm<br \/>\nD\u00c9LKA \u010cEPELE 8.5 cm<br \/>\nHMOTNOST : 5,3 oz<br \/>\nTYP Z OCELOV\u00c9 \u010cEPELE : CRYO D2<br \/>\nMATERI\u00c1L RUKOJETI : G10<br \/>\nOTEV\u00cdRAC\u00cd MECHANISMUS : XR, Palec, Kick<br \/>\nMECHANISMUS ZAMYK\u00c1N\u00cd : XR<br \/>\nDOKON\u010cENI : \u010cern\u00fd nitrid titanu<\/p>\n<p><iframe title=\"SOG-TAC XR\" width=\"800\" height=\"450\" src=\"https:\/\/www.youtube.com\/embed\/gUxGdfGiCFI?feature=oembed\" frameborder=\"0\" allow=\"accelerometer; autoplay; clipboard-write; encrypted-media; gyroscope; picture-in-picture\" allowfullscreen><\/iframe><\/p>\n<p>&nbsp;<\/p>\n","protected":false},"excerpt":{"rendered":"<p>A\u0165 u\u017e chr\u00e1n\u00edte ostatn\u00ed nebo vedete epickou loveckou expedici, \u0159e\u0161\u00edte jednu z ka\u017edodenn\u00edch \u017eivotn\u00edch v\u00fdzev nebo se pot\u00fdk\u00e1te se sv\u00fdmi dosud nejextr\u00e9mn\u011bj\u0161\u00edmi podm\u00ednkami, ud\u011blejte si cestu se\u00a0<strong>SOG<\/strong>.<\/p>\n<p><strong>Na v\u0161echny no\u017ee SOG d\u00e1v\u00e1me do\u017eivotn\u00ed z\u00e1ruku!<\/strong><\/p>\n","protected":false},"featured_media":205929,"comment_status":"open","ping_status":"closed","template":"","meta":[],"pwb-brand":[591],"product_brand":[],"product_cat":[22,17],"product_tag":[3667],"class_list":{"0":"post-205928","1":"product","2":"type-product","3":"status-publish","4":"has-post-thumbnail","6":"pwb-brand-sog","7":"product_cat-zaviraci-noze","8":"product_cat-noze","9":"product_tag-b2b","11":"first","12":"instock","13":"taxable","14":"shipping-taxable","15":"purchasable","16":"product-type-simple"},"brands":[{"id":591,"name":"SOG","slug":"sog"}],"_links":{"self":[{"href":"https:\/\/www.moskito.cz\/pl\/wp-json\/wp\/v2\/product\/205928","targetHints":{"allow":["GET"]}}],"collection":[{"href":"https:\/\/www.moskito.cz\/pl\/wp-json\/wp\/v2\/product"}],"about":[{"href":"https:\/\/www.moskito.cz\/pl\/wp-json\/wp\/v2\/types\/product"}],"replies":[{"embeddable":true,"href":"https:\/\/www.moskito.cz\/pl\/wp-json\/wp\/v2\/comments?post=205928"}],"wp:featuredmedia":[{"embeddable":true,"href":"https:\/\/www.moskito.cz\/pl\/wp-json\/wp\/v2\/media\/205929"}],"wp:attachment":[{"href":"https:\/\/www.moskito.cz\/pl\/wp-json\/wp\/v2\/media?parent=205928"}],"wp:term":[{"taxonomy":"pwb-brand","embeddable":true,"href":"https:\/\/www.moskito.cz\/pl\/wp-json\/wp\/v2\/pwb-brand?post=205928"},{"taxonomy":"product_brand","embeddable":true,"href":"https:\/\/www.moskito.cz\/pl\/wp-json\/wp\/v2\/product_brand?post=205928"},{"taxonomy":"product_cat","embeddable":true,"href":"https:\/\/www.moskito.cz\/pl\/wp-json\/wp\/v2\/product_cat?post=205928"},{"taxonomy":"product_tag","embeddable":true,"href":"https:\/\/www.moskito.cz\/pl\/wp-json\/wp\/v2\/product_tag?post=205928"}],"curies":[{"name":"wp","href":"https:\/\/api.w.org\/{rel}","templated":true}]}}