{"id":206290,"date":"2021-10-03T08:57:59","date_gmt":"2021-10-03T07:57:59","guid":{"rendered":"https:\/\/www.moskito.cz\/?post_type=product&#038;p=206290"},"modified":"2025-05-07T10:36:02","modified_gmt":"2025-05-07T09:36:02","slug":"potapecsky-nuz-underwater-kinetics-blue-tang-hydralloy","status":"publish","type":"product","link":"https:\/\/www.moskito.cz\/pl\/produkt\/potapecsky-nuz-underwater-kinetics-blue-tang-hydralloy\/","title":{"rendered":"Pot\u00e1p\u011b\u010dsk\u00fd N\u016f\u017e UNDERWATER KINETICS Blue Tang Hydralloy."},"content":{"rendered":"<p>Pot\u00e1p\u011b\u010dsk\u00fd N\u016f\u017e UNDERWATER KINETICS Blue Tang Hydralloy.<\/p>\n<p>Modr\u00fd pot\u00e1p\u011b\u010dsk\u00fd n\u016f\u017e Blue Tang Hydralloy Blunt Tip se \u017elutou a \u010dernou rukojet\u00ed je vyroben z patentovan\u00e9 oceli Underwater Kinetics pro pevnost a odolnost proti korozi . Je konfigurov\u00e1n s tup\u00fdm hrotem pro p\u00e1\u010den\u00ed, vroubkovan\u00fdm okrajem pro pro\u0159ez\u00e1v\u00e1n\u00ed lan, vlasc\u016f a mo\u0159sk\u00fdch \u0159as a rovn\u00fdm okrajem pro obecn\u00e9 kr\u00e1jen\u00ed spolu s \u0159eza\u010dkou se zahnut\u00fdmi hranami. Velk\u00e1 st\u0159enka umo\u017e\u0148uje siln\u00fd \u00fachop. Sign\u00e1ln\u00ed hlavice Blue Tang z nerezov\u00e9 oceli je izolov\u00e1na od \u010depele, aby se zabr\u00e1nilo korozi kov na kov a n\u016f\u017e se demontuje pro \u010di\u0161t\u011bn\u00ed.<\/p>\n<p>Rukoje\u0165:<br \/>\nChr\u00e1ni\u010d palce z m\u011bkk\u00e9 gumy<br \/>\nSign\u00e1ln\u00ed hlavice z nerezov\u00e9 oceli<br \/>\nH\u0159bet izolovan\u00fd od \u010depele, aby se zabr\u00e1nilo korozi kov na kov<br \/>\nP\u0159i \u00fadr\u017eb\u011b a demont\u00e1\u017ei manipulujte s demont\u00e1\u017e\u00ed bez n\u00e1\u0159ad\u00ed<\/p>\n<p>Pochva:<br \/>\nUzamykac\u00ed pouzdro s uvol\u0148ovac\u00edm mechanismem se dv\u011bma tla\u010d\u00edtky<br \/>\nRychloup\u00ednac\u00ed popruh odoln\u00fd proti korozi<\/p>\n<p>\u010cepel BluntTip z 100% nerezov\u00e9 oceli Hydralloy.<\/p>\n<p>Rukoje\u0165 Tvrzen\u00e1 guma.<\/p>\n<p>Pouzdro Polykarbon\u00e1t.<\/p>\n<p>D\u00e9lka \u010depele 9,5 cm.<\/p>\n<p>Celkov\u00e1 d\u00e9lka 25,4 cm.<\/p>\n<p>Zem\u011b p\u016fvodu USA.<\/p>\n<p>Crafted from Underwater Kinetics&#8217; proprietary steel for strength and corrosion resistance, the Blue Tang Hydralloy Blunt Tip Dive Knife with yellow and black handle is a versatile, classically styled diver&#8217;s tool that will prove its value time after time. It is configured with a blunt tip for prying, a serrated edge for cutting through ropes, lines, and seaweed, and a straight edge for general slicing work, along with a hooked-edge line cutter. The large choil enables a powerful grip. The Blue Tang&#8217;s stainless-steel signaling pommel is insulated from the blade to avoid metal-to-metal corrosion, and the knife disassembles for cleaning.<\/p>\n<p>Blade<br \/>\nStrong, corrosion-resistant Hydralloy steel<br \/>\nBlunt tip for prying<br \/>\nSerrated edge for cutting through rope, seaweed, and fishing line<br \/>\nStraight edge for general slicing<br \/>\nHooked edge line cutter<\/p>\n","protected":false},"excerpt":{"rendered":"<p>Pot\u00e1p\u011b\u010dsk\u00fd n\u016f\u017e .<\/p>\n","protected":false},"featured_media":206295,"comment_status":"open","ping_status":"closed","template":"","meta":[],"pwb-brand":[657],"product_brand":[],"product_cat":[23,17],"product_tag":[],"class_list":{"0":"post-206290","1":"product","2":"type-product","3":"status-publish","4":"has-post-thumbnail","6":"pwb-brand-united-cutlery","7":"product_cat-pevne-noze","8":"product_cat-noze","10":"first","11":"outofstock","12":"taxable","13":"shipping-taxable","14":"purchasable","15":"product-type-simple"},"brands":[{"id":657,"name":"United Cutlery","slug":"united-cutlery"}],"_links":{"self":[{"href":"https:\/\/www.moskito.cz\/pl\/wp-json\/wp\/v2\/product\/206290","targetHints":{"allow":["GET"]}}],"collection":[{"href":"https:\/\/www.moskito.cz\/pl\/wp-json\/wp\/v2\/product"}],"about":[{"href":"https:\/\/www.moskito.cz\/pl\/wp-json\/wp\/v2\/types\/product"}],"replies":[{"embeddable":true,"href":"https:\/\/www.moskito.cz\/pl\/wp-json\/wp\/v2\/comments?post=206290"}],"wp:featuredmedia":[{"embeddable":true,"href":"https:\/\/www.moskito.cz\/pl\/wp-json\/wp\/v2\/media\/206295"}],"wp:attachment":[{"href":"https:\/\/www.moskito.cz\/pl\/wp-json\/wp\/v2\/media?parent=206290"}],"wp:term":[{"taxonomy":"pwb-brand","embeddable":true,"href":"https:\/\/www.moskito.cz\/pl\/wp-json\/wp\/v2\/pwb-brand?post=206290"},{"taxonomy":"product_brand","embeddable":true,"href":"https:\/\/www.moskito.cz\/pl\/wp-json\/wp\/v2\/product_brand?post=206290"},{"taxonomy":"product_cat","embeddable":true,"href":"https:\/\/www.moskito.cz\/pl\/wp-json\/wp\/v2\/product_cat?post=206290"},{"taxonomy":"product_tag","embeddable":true,"href":"https:\/\/www.moskito.cz\/pl\/wp-json\/wp\/v2\/product_tag?post=206290"}],"curies":[{"name":"wp","href":"https:\/\/api.w.org\/{rel}","templated":true}]}}