{"id":206440,"date":"2021-10-05T21:05:23","date_gmt":"2021-10-05T20:05:23","guid":{"rendered":"https:\/\/www.moskito.cz\/?post_type=product&#038;p=206440"},"modified":"2025-05-07T10:36:03","modified_gmt":"2025-05-07T09:36:03","slug":"vystrelovaci-nuz-microtech-mini-troodon-apocalyptic-240-10-ap","status":"publish","type":"product","link":"https:\/\/www.moskito.cz\/pl\/produkt\/vystrelovaci-nuz-microtech-mini-troodon-apocalyptic-240-10-ap\/","title":{"rendered":"Vyst\u0159elovac\u00ed N\u016f\u017e Microtech Mini Troodon Apocalyptic 240-10 AP"},"content":{"rendered":"<p>Vyst\u0159elovac\u00ed N\u016f\u017e Microtech Mini Troodon Apocalyptic 240-10 AP.<\/p>\n<p>Na zlomek velikosti dokonce i b\u011b\u017en\u00e9ho Troodonu se Troodon Mini vyzna\u010duje \u0161t\u00edhl\u00fdm designem, rukojet\u00ed se t\u0159emi prsty a mechanismem akce, kter\u00fd se snadn\u011bji vyst\u0159eluje. Design vyhovuje \u0161ir\u0161\u00edmu publiku, kter\u00e9 pot\u0159ebuje ka\u017edodenn\u00ed no\u0161en\u00ed utilit\u00e1rn\u00ed funk\u010dnosti OTF, ani\u017e by se museli pot\u00fdkat s Troodonem v pln\u00e9 velikosti. Je dokonce dost mal\u00fd na to, aby byl klipem na pen\u00edze, ale byl postaven tak, aby v p\u0159\u00edpad\u011b pot\u0159eby fungoval jako Microtech.<\/p>\n<p>Specifikace<br \/>\nD\u00e9lka \u010depele: 5 cm<br \/>\nCelkov\u00e1 d\u00e9lka: 13.5 cm<br \/>\nMateri\u00e1l \u010depele: Lopatkov\u00e1 ocel pro leto\u0161n\u00ed rok bude Carpenter CTS-204P-dokud z\u00e1soby kovu vydr\u017e\u00ed, \u010depele mohou b\u00fdt tak\u00e9 CTS-XHP, M390 nebo Elmax<br \/>\nStyl \u010depele: Tanto<br \/>\nPovrch \u010depele: Stonewash<br \/>\nMateri\u00e1l rukojeti: \u010cern\u00e1 6061-T6 Hlin\u00edkov\u00e1<br \/>\nZamykac\u00ed mechanismus: Slide<br \/>\nPocket Clip: Nerezov\u00e1 ocel (hrot dol\u016f, doprava\/doleva) )<br \/>\nHmotnost: 1,8 oz.<br \/>\nDesign\u00e9r: Tony Marfione<br \/>\nVyrobeno v USA<\/p>\n<p>At a fraction of the size of even the regular Troodon, the Troodon Mini features a slender design, a three-finger handle, and an easier-to-fire action mechanism. The design caters to a wider audience needing the everyday carry utilitarian functionality of an OTF without the heft of a full-size Troodon. It\u2019s even small enough to be a money clip yet built to perform like a Microtech when needed.<\/p>\n<p>Specifications<br \/>\nBlade Length: 1.99\u2033<br \/>\nCutting Edge: 1.875\u2033<br \/>\nClosed Length: 3.45\u2033<br \/>\nOverall Length: 5.45\u2033<br \/>\nBlade Material: Blade steel for this year will be Carpenter CTS-204P \u2013 while metal supplies last, blades can also be CTS-XHP, M390 or Elmax<br \/>\nBlade Thickness: 0.067\u2033<br \/>\nBlade Style: Tanto<br \/>\nBlade Grind: Flat<br \/>\nBlade Finish: Stonewash<br \/>\nHandle Material: Black 6061-T6 Aluminum<br \/>\nHandle Thickness: 0.35\u2033<br \/>\nLocking Mechanism: Slide<br \/>\nPocket Clip: Stainless Steel (Tip-Down, Right\/Left Carry)<br \/>\nWeight: 1.8 oz.<br \/>\nDesigner: Tony Marfione<br \/>\nMade in the USA<\/p>\n<p>&nbsp;<\/p>\n","protected":false},"excerpt":{"rendered":"<p>V pr\u016fb\u011bhu let\u00a0<strong>Microtech\u00ae Knives\u00a0<\/strong>naplnil v\u00e1\u0161n\u00ed a dovednost\u00ed v\u00fdrobu no\u017e\u016f, a\u017e z nich vytvo\u0159il t\u00e9m\u011b\u0159 um\u011bleck\u00e1 d\u00edla,kter\u00e9 jsou vrcholem funk\u010dnosti. V\u0161echny d\u00edly jsou vyrodeny v USA.<br \/>\n<strong>Na v\u0161echny no\u017ee Microtech je do\u017eivotn\u00ed z\u00e1ruka.<\/strong><\/p>\n<p><strong>Doprava zdarma.<\/strong><\/p>\n","protected":false},"featured_media":206441,"comment_status":"open","ping_status":"closed","template":"","meta":[],"pwb-brand":[431],"product_brand":[],"product_cat":[2019,17],"product_tag":[3667],"class_list":{"0":"post-206440","1":"product","2":"type-product","3":"status-publish","4":"has-post-thumbnail","6":"pwb-brand-microtech","7":"product_cat-vystrelovaci-noze","8":"product_cat-noze","9":"product_tag-b2b","11":"first","12":"outofstock","13":"taxable","14":"shipping-taxable","15":"purchasable","16":"product-type-simple"},"brands":[{"id":431,"name":"Microtech","slug":"microtech"}],"_links":{"self":[{"href":"https:\/\/www.moskito.cz\/pl\/wp-json\/wp\/v2\/product\/206440","targetHints":{"allow":["GET"]}}],"collection":[{"href":"https:\/\/www.moskito.cz\/pl\/wp-json\/wp\/v2\/product"}],"about":[{"href":"https:\/\/www.moskito.cz\/pl\/wp-json\/wp\/v2\/types\/product"}],"replies":[{"embeddable":true,"href":"https:\/\/www.moskito.cz\/pl\/wp-json\/wp\/v2\/comments?post=206440"}],"wp:featuredmedia":[{"embeddable":true,"href":"https:\/\/www.moskito.cz\/pl\/wp-json\/wp\/v2\/media\/206441"}],"wp:attachment":[{"href":"https:\/\/www.moskito.cz\/pl\/wp-json\/wp\/v2\/media?parent=206440"}],"wp:term":[{"taxonomy":"pwb-brand","embeddable":true,"href":"https:\/\/www.moskito.cz\/pl\/wp-json\/wp\/v2\/pwb-brand?post=206440"},{"taxonomy":"product_brand","embeddable":true,"href":"https:\/\/www.moskito.cz\/pl\/wp-json\/wp\/v2\/product_brand?post=206440"},{"taxonomy":"product_cat","embeddable":true,"href":"https:\/\/www.moskito.cz\/pl\/wp-json\/wp\/v2\/product_cat?post=206440"},{"taxonomy":"product_tag","embeddable":true,"href":"https:\/\/www.moskito.cz\/pl\/wp-json\/wp\/v2\/product_tag?post=206440"}],"curies":[{"name":"wp","href":"https:\/\/api.w.org\/{rel}","templated":true}]}}