{"id":207751,"date":"2021-10-30T09:07:49","date_gmt":"2021-10-30T08:07:49","guid":{"rendered":"https:\/\/www.moskito.cz\/?post_type=product&#038;p=207751"},"modified":"2025-05-07T10:36:09","modified_gmt":"2025-05-07T09:36:09","slug":"zaviraci-nuz-extrema-ratio-bf2-r-ct-desert","status":"publish","type":"product","link":"https:\/\/www.moskito.cz\/pl\/produkt\/zaviraci-nuz-extrema-ratio-bf2-r-ct-desert\/","title":{"rendered":"Zav\u00edrac\u00ed N\u016f\u017e Extrema Ratio BF2 R CT DESERT"},"content":{"rendered":"<p>Zav\u00edrac\u00ed N\u016f\u017e <strong>Extrema Ratio<\/strong> BF2 R CT DESERT.<\/p>\n<p>BF2 R je zav\u00edrac\u00ed n\u016f\u017e vhodn\u00fd zejm\u00e9na pro profesion\u00e1ln\u00ed pou\u017eit\u00ed vojensk\u00fdmi a policejn\u00edmi oper\u00e1tory. Model si zachov\u00e1v\u00e1 v\u0161echny vlastnosti aktualizovan\u00e9ho BF2 s nov\u00fdm vysokorychlostn\u00edm syst\u00e9mem otev\u00edr\u00e1n\u00ed Razor. Dostupn\u00e9 ve verz\u00edch BF2 R Classic Tanto BLACK, BF2 R Classic Tanto STONE WASHED, BF2 R Classic Tanto DESERT, BF2 R Classic Drop BLACK, BF2 R Classic Drop STONE WASHED, BF2 R Classic Drop DESERT.<\/p>\n<p>V\u00c1HA G.: 140<br \/>\nHMOTNOST OZ: 4,93<br \/>\nD\u00c9LKA \u010cEPELE (MM): 90<br \/>\nCELKOV\u00c1 D\u00c9LKA (MM): 215<br \/>\nTLOU\u0160\u0164KA \u010cEPELE (MM): 3<br \/>\nMATERI\u00c1L \u010cEPELE: B\u00d6HLER N690 STEEL (58HRC)<br \/>\nPOVRCHOV\u00c1 \u00daPRAVA \u010cEPELE: POU\u0160\u0164<br \/>\n\u0160\u00cdP \u010cEPELE: PLOCH\u00dd DR\u00c1T<br \/>\nMATERI\u00c1L RUKOJETI: ELOXOVAN\u00dd ANTIKOROD\u00c1LN\u00cd HLIN\u00cdK<\/p>\n","protected":false},"excerpt":{"rendered":"<p>Spole\u010dnost\u00a0<strong>Extrema Ratio<\/strong>\u00a0se s\u00eddlem v italsk\u00e9m Pratu navrhuje a vyr\u00e1b\u00ed vysoce v\u00fdkonn\u00e9 bojov\u00e9, vojensk\u00e9, kuchy\u0148sk\u00e9, loveck\u00e9 a taktick\u00e9 no\u017ee od roku 1997 a m\u00e1 pov\u011bst vynikaj\u00edc\u00ed kvality, kter\u00e1 je v oboru vojensk\u00fdch a taktick\u00fdch no\u017e\u016f nep\u0159ekonateln\u00e1.\u00a0<strong>Doprava zdarma.<\/strong><\/p>\n","protected":false},"featured_media":207752,"comment_status":"open","ping_status":"closed","template":"","meta":[],"pwb-brand":[267],"product_brand":[],"product_cat":[22,17],"product_tag":[3667],"class_list":{"0":"post-207751","1":"product","2":"type-product","3":"status-publish","4":"has-post-thumbnail","6":"pwb-brand-extrema-ratio","7":"product_cat-zaviraci-noze","8":"product_cat-noze","9":"product_tag-b2b","11":"first","12":"outofstock","13":"taxable","14":"shipping-taxable","15":"purchasable","16":"product-type-simple"},"brands":[{"id":267,"name":"Extrema Ratio","slug":"extrema-ratio"}],"_links":{"self":[{"href":"https:\/\/www.moskito.cz\/pl\/wp-json\/wp\/v2\/product\/207751","targetHints":{"allow":["GET"]}}],"collection":[{"href":"https:\/\/www.moskito.cz\/pl\/wp-json\/wp\/v2\/product"}],"about":[{"href":"https:\/\/www.moskito.cz\/pl\/wp-json\/wp\/v2\/types\/product"}],"replies":[{"embeddable":true,"href":"https:\/\/www.moskito.cz\/pl\/wp-json\/wp\/v2\/comments?post=207751"}],"wp:featuredmedia":[{"embeddable":true,"href":"https:\/\/www.moskito.cz\/pl\/wp-json\/wp\/v2\/media\/207752"}],"wp:attachment":[{"href":"https:\/\/www.moskito.cz\/pl\/wp-json\/wp\/v2\/media?parent=207751"}],"wp:term":[{"taxonomy":"pwb-brand","embeddable":true,"href":"https:\/\/www.moskito.cz\/pl\/wp-json\/wp\/v2\/pwb-brand?post=207751"},{"taxonomy":"product_brand","embeddable":true,"href":"https:\/\/www.moskito.cz\/pl\/wp-json\/wp\/v2\/product_brand?post=207751"},{"taxonomy":"product_cat","embeddable":true,"href":"https:\/\/www.moskito.cz\/pl\/wp-json\/wp\/v2\/product_cat?post=207751"},{"taxonomy":"product_tag","embeddable":true,"href":"https:\/\/www.moskito.cz\/pl\/wp-json\/wp\/v2\/product_tag?post=207751"}],"curies":[{"name":"wp","href":"https:\/\/api.w.org\/{rel}","templated":true}]}}