{"id":207763,"date":"2021-10-30T09:38:11","date_gmt":"2021-10-30T08:38:11","guid":{"rendered":"https:\/\/www.moskito.cz\/?post_type=product&#038;p=207763"},"modified":"2025-05-07T10:36:09","modified_gmt":"2025-05-07T09:36:09","slug":"pevny-nuz-extrema-ratio-defender-2-stone-washed","status":"publish","type":"product","link":"https:\/\/www.moskito.cz\/pl\/produkt\/pevny-nuz-extrema-ratio-defender-2-stone-washed\/","title":{"rendered":"Pevn\u00fd N\u016f\u017e Extrema Ratio DEFENDER 2 STONE WASHED"},"content":{"rendered":"<p>Pevn\u00fd N\u016f\u017e <strong>Extrema Ratio<\/strong> DEFENDER 2 STONE WASHED.<\/p>\n<p>Bojov\u00e1 varianta modelu Scout 2 s ultra ploch\u00fdm tvarem. \u010cepel 118 mm je ve sv\u00e9 struktu\u0159e odleh\u010dena odtokem krve. Vyr\u00e1b\u00ed se ve dvou verz\u00edch: s jednoduch\u00fdm chr\u00e1ni\u010dem a horn\u00ed rukojet\u00ed nebo ve verzi DG s dvojit\u00fdm chr\u00e1ni\u010dem pro bezpe\u010dn\u011bj\u0161\u00ed \u00fachop p\u0159i v\u00fdpadech. Dod\u00e1v\u00e1 se s \u010dern\u00fdm kydexov\u00fdm pouzdrem s uchycen\u00edm pro MOLLE syst\u00e9m K dispozici ve dvou verz\u00edch BLACK a STONE WASHED.<\/p>\n<p>HMOTNOST G: 135<br \/>\nHMOTNOST OZ: 4,76<br \/>\nD\u00c9LKA \u010cEPELE (MM): 118<br \/>\nCELKOV\u00c1 D\u00c9LKA (MM): 232<br \/>\nTLOU\u0160\u0164KA \u010cEPELE (MM): 5<br \/>\nMATERI\u00c1L \u010cEPELE: B\u00d6HLER N690 STEEL (58HRC)<br \/>\nPOVRCHOV\u00c1 \u00daPRAVA \u010cEPELE: MYT\u00dd KAMENEM<br \/>\n\u0160\u00cdP \u010cEPELE: PLOCH\u00dd DR\u00c1T<br \/>\nMATERI\u00c1L RUKOJETI: FORPRENE<\/p>\n<p>&nbsp;<\/p>\n","protected":false},"excerpt":{"rendered":"<p>Spole\u010dnost\u00a0<strong>Extrema Ratio<\/strong>\u00a0se s\u00eddlem v italsk\u00e9m Pratu navrhuje a vyr\u00e1b\u00ed vysoce v\u00fdkonn\u00e9 bojov\u00e9, vojensk\u00e9, kuchy\u0148sk\u00e9, loveck\u00e9 a taktick\u00e9 no\u017ee od roku 1997 a m\u00e1 pov\u011bst vynikaj\u00edc\u00ed kvality, kter\u00e1 je v oboru vojensk\u00fdch a taktick\u00fdch no\u017e\u016f nep\u0159ekonateln\u00e1.\u00a0<strong>Doprava zdarma.<\/strong><\/p>\n","protected":false},"featured_media":207764,"comment_status":"open","ping_status":"closed","template":"","meta":[],"pwb-brand":[267],"product_brand":[],"product_cat":[23,17],"product_tag":[3667],"class_list":{"0":"post-207763","1":"product","2":"type-product","3":"status-publish","4":"has-post-thumbnail","6":"pwb-brand-extrema-ratio","7":"product_cat-pevne-noze","8":"product_cat-noze","9":"product_tag-b2b","11":"first","12":"instock","13":"taxable","14":"shipping-taxable","15":"purchasable","16":"product-type-simple"},"brands":[{"id":267,"name":"Extrema Ratio","slug":"extrema-ratio"}],"_links":{"self":[{"href":"https:\/\/www.moskito.cz\/pl\/wp-json\/wp\/v2\/product\/207763","targetHints":{"allow":["GET"]}}],"collection":[{"href":"https:\/\/www.moskito.cz\/pl\/wp-json\/wp\/v2\/product"}],"about":[{"href":"https:\/\/www.moskito.cz\/pl\/wp-json\/wp\/v2\/types\/product"}],"replies":[{"embeddable":true,"href":"https:\/\/www.moskito.cz\/pl\/wp-json\/wp\/v2\/comments?post=207763"}],"wp:featuredmedia":[{"embeddable":true,"href":"https:\/\/www.moskito.cz\/pl\/wp-json\/wp\/v2\/media\/207764"}],"wp:attachment":[{"href":"https:\/\/www.moskito.cz\/pl\/wp-json\/wp\/v2\/media?parent=207763"}],"wp:term":[{"taxonomy":"pwb-brand","embeddable":true,"href":"https:\/\/www.moskito.cz\/pl\/wp-json\/wp\/v2\/pwb-brand?post=207763"},{"taxonomy":"product_brand","embeddable":true,"href":"https:\/\/www.moskito.cz\/pl\/wp-json\/wp\/v2\/product_brand?post=207763"},{"taxonomy":"product_cat","embeddable":true,"href":"https:\/\/www.moskito.cz\/pl\/wp-json\/wp\/v2\/product_cat?post=207763"},{"taxonomy":"product_tag","embeddable":true,"href":"https:\/\/www.moskito.cz\/pl\/wp-json\/wp\/v2\/product_tag?post=207763"}],"curies":[{"name":"wp","href":"https:\/\/api.w.org\/{rel}","templated":true}]}}