{"id":210382,"date":"2022-01-07T21:23:31","date_gmt":"2022-01-07T20:23:31","guid":{"rendered":"https:\/\/www.moskito.cz\/?post_type=product&#038;p=210382"},"modified":"2025-06-09T14:07:55","modified_gmt":"2025-06-09T13:07:55","slug":"sekera-sog-camp-axe-2","status":"publish","type":"product","link":"https:\/\/www.moskito.cz\/pl\/produkt\/sekera-sog-camp-axe-2\/","title":{"rendered":"Sekera SOG CAMP AXE"},"content":{"rendered":"<p>Tato kompaktn\u00ed sekera navr\u017een\u00e1 pro tlu\u010den\u00ed a sek\u00e1n\u00ed je skv\u011bl\u00fdm outdoorov\u00fdm n\u00e1strojem. Jeho n\u00edzk\u00e1 hmotnost a mal\u00e9 rozm\u011bry umo\u017e\u0148uj\u00ed snadnou p\u0159epravu a ulo\u017een\u00ed. M\u011bjte ho po ruce jako rychl\u00fd a v\u0161estrann\u00fd n\u00e1stroj pro zakl\u00e1d\u00e1n\u00ed po\u017e\u00e1r\u016f, vykl\u00edzen\u00ed kemp\u016f a zatlouk\u00e1n\u00ed k\u016fl\u016f do stanu. Bez toho daleko necho\u010f.<\/p>\n<p>Sekera <strong>SOG<\/strong> CAMP AXE.<\/p>\n<p>CELKOV\u00c1 D\u00c9LKA: 29 cm<br \/>\nHMOTNOST PRODUKTU: 16,10 oz<br \/>\nD\u00c9LKA \u010cEPELE: 8 cm<br \/>\nDOKON\u010cENi: Sat\u00e9n<\/p>\n<p>TVRDOST: Rc. 51-52<br \/>\nOCELOV\u00dd TYP \u010cEPELE: Nerezov\u00e1 ocel<br \/>\nMATERI\u00c1L RUKOJETI: Nylon vyztu\u017een\u00fd sklem<br \/>\nBARVA RUKOJETI: \u010cern\u00e1<br \/>\nV\u010cETN\u011a POUZDRA: Ano<br \/>\nBARVA PL\u00c1\u0160T\u011a: \u010cern\u00e1<br \/>\nMATERI\u00c1L PL\u00c1\u0160T\u011a: Nylon vyztu\u017een\u00fd sklem<\/p>\n<p><iframe title=\"SOG Camp Axe\" width=\"800\" height=\"450\" src=\"https:\/\/www.youtube.com\/embed\/SGBHxg1eJtk?feature=oembed\" frameborder=\"0\" allow=\"accelerometer; autoplay; clipboard-write; encrypted-media; gyroscope; picture-in-picture; web-share\" allowfullscreen><\/iframe><\/p>\n<p>&nbsp;<\/p>\n","protected":false},"excerpt":{"rendered":"<p><strong>IDE\u00c1LN\u00cd PRO LOV A KEMPOV\u00c1N\u00cd<\/strong><\/p>\n<p>A\u0165 u\u017e chr\u00e1n\u00edte ostatn\u00ed nebo vedete epickou loveckou expedici, \u0159e\u0161\u00edte jednu z ka\u017edodenn\u00edch \u017eivotn\u00edch v\u00fdzev nebo se pot\u00fdk\u00e1te se sv\u00fdmi dosud nejextr\u00e9mn\u011bj\u0161\u00edmi podm\u00ednkami, ud\u011blejte si cestu se SOG.<\/p>\n<p><strong>Na v\u0161echny no\u017ee SOG d\u00e1v\u00e1me do\u017eivotn\u00ed z\u00e1ruku!<\/strong><\/p>\n","protected":false},"featured_media":210401,"comment_status":"open","ping_status":"closed","template":"","meta":[],"pwb-brand":[591],"product_brand":[],"product_cat":[32],"product_tag":[3667],"class_list":{"0":"post-210382","1":"product","2":"type-product","3":"status-publish","4":"has-post-thumbnail","6":"pwb-brand-sog","7":"product_cat-sekery","8":"product_tag-b2b","10":"first","11":"outofstock","12":"sale","13":"taxable","14":"shipping-taxable","15":"purchasable","16":"product-type-simple"},"brands":[{"id":591,"name":"SOG","slug":"sog"}],"_links":{"self":[{"href":"https:\/\/www.moskito.cz\/pl\/wp-json\/wp\/v2\/product\/210382","targetHints":{"allow":["GET"]}}],"collection":[{"href":"https:\/\/www.moskito.cz\/pl\/wp-json\/wp\/v2\/product"}],"about":[{"href":"https:\/\/www.moskito.cz\/pl\/wp-json\/wp\/v2\/types\/product"}],"replies":[{"embeddable":true,"href":"https:\/\/www.moskito.cz\/pl\/wp-json\/wp\/v2\/comments?post=210382"}],"wp:featuredmedia":[{"embeddable":true,"href":"https:\/\/www.moskito.cz\/pl\/wp-json\/wp\/v2\/media\/210401"}],"wp:attachment":[{"href":"https:\/\/www.moskito.cz\/pl\/wp-json\/wp\/v2\/media?parent=210382"}],"wp:term":[{"taxonomy":"pwb-brand","embeddable":true,"href":"https:\/\/www.moskito.cz\/pl\/wp-json\/wp\/v2\/pwb-brand?post=210382"},{"taxonomy":"product_brand","embeddable":true,"href":"https:\/\/www.moskito.cz\/pl\/wp-json\/wp\/v2\/product_brand?post=210382"},{"taxonomy":"product_cat","embeddable":true,"href":"https:\/\/www.moskito.cz\/pl\/wp-json\/wp\/v2\/product_cat?post=210382"},{"taxonomy":"product_tag","embeddable":true,"href":"https:\/\/www.moskito.cz\/pl\/wp-json\/wp\/v2\/product_tag?post=210382"}],"curies":[{"name":"wp","href":"https:\/\/api.w.org\/{rel}","templated":true}]}}