{"id":210696,"date":"2022-01-14T17:01:09","date_gmt":"2022-01-14T16:01:09","guid":{"rendered":"https:\/\/www.moskito.cz\/?post_type=product&#038;p=210696"},"modified":"2025-05-07T10:37:10","modified_gmt":"2025-05-07T09:37:10","slug":"vystrelovaci-nuz-microtech-troodon-stonewashed-tanto-140-10","status":"publish","type":"product","link":"https:\/\/www.moskito.cz\/pl\/produkt\/vystrelovaci-nuz-microtech-troodon-stonewashed-tanto-140-10\/","title":{"rendered":"Vyst\u0159elovac\u00ed N\u016f\u017e Microtech Troodon Stonewashed Tanto 140-10"},"content":{"rendered":"<p>Tento n\u016f\u017e pojmenovan\u00fd po dinosaurovi Troodon (troh-o-don) definuje novou \u00e9ru pro Microtech Knives. Troodon v \u0159e\u010dtin\u011b znamen\u00e1 \u201ezran\u011bn\u00ed zubu\u201c. Mezi nov\u00e1 vylep\u0161en\u00ed pat\u0159\u00ed nov\u00e1 \u0161t\u00edhl\u00e1 rukoje\u0165, tvarovan\u00fd tvar a radik\u00e1ln\u00ed designov\u00e9 prvky, stejn\u011b jako sofistikovan\u00fd vnit\u0159n\u00ed mechanismus, kter\u00fd zlep\u0161uje provozn\u00ed funk\u010dnost a spolehlivost. Troodon spojuje novou \u0161pi\u010dkovou technologii s pocitem klasick\u00e9 Microtech. Tento projekt vedl osobn\u011b Anthony Marfione a sest\u00e1val z intern\u00ed spolupr\u00e1ce t\u00fdmu Microtech. Troodon byl vlajkovou lod\u00ed cel\u00e9 \u0159ady Microtechu v roce 2006.<\/p>\n<p>Vyst\u0159elovac\u00ed N\u016f\u017e <strong>Microtech<\/strong> Troodon Stonewashed Tanto 140-10<\/p>\n<p>Celkov\u00e1 d\u00e9lka: 19.2 cm<br \/>\nD\u00e9lka \u010depele: 7.5 cm<br \/>\nMateri\u00e1l \u010depele: 204P<br \/>\nStyl \u010depele: D\u00fdka<br \/>\nB\u0159itov\u00e9 desti\u010dky: Ploch\u00e9<br \/>\nTyp okraje: oby\u010dejn\u00fd<br \/>\nD\u00e9lka rukojeti: 10.63 cm<br \/>\nTlou\u0161\u0165ka rukojeti: 1.12 cm<br \/>\nMateri\u00e1l rukojeti: hlin\u00edk<br \/>\nHmotnost: 3,00 oz.<br \/>\nU\u017eivatel: Prav\u00e1 ruka<br \/>\nPocket Clip: Tip-Down<br \/>\nTyp no\u017ee: Automatick\u00fd<br \/>\nOtv\u00edra\u010d: Thumb Slide<br \/>\nZna\u010dka: Microtech<br \/>\nModel: Troodon<br \/>\nZem\u011b p\u016fvodu: USA<\/p>\n","protected":false},"excerpt":{"rendered":"<p>V pr\u016fb\u011bhu let <strong>Microtech\u00ae<\/strong> Knives naplnil v\u00e1\u0161n\u00ed a dovednost\u00ed v\u00fdrobu no\u017e\u016f, a\u017e z nich vytvo\u0159il t\u00e9m\u011b\u0159 um\u011bleck\u00e1 d\u00edla,kter\u00e9 jsou vrcholem funk\u010dnosti.V\u0161echny d\u00edly jsou vyrobeny v USA.<br \/>\n<strong>Na v\u0161echny no\u017ee Microtech je do\u017eivotn\u00ed z\u00e1ruka.<\/strong><\/p>\n<p><strong>Doprava zdarma.<\/strong><\/p>\n","protected":false},"featured_media":210697,"comment_status":"open","ping_status":"closed","template":"","meta":[],"pwb-brand":[431],"product_brand":[],"product_cat":[2019,17],"product_tag":[3667],"class_list":{"0":"post-210696","1":"product","2":"type-product","3":"status-publish","4":"has-post-thumbnail","6":"pwb-brand-microtech","7":"product_cat-vystrelovaci-noze","8":"product_cat-noze","9":"product_tag-b2b","11":"first","12":"outofstock","13":"taxable","14":"shipping-taxable","15":"purchasable","16":"product-type-simple"},"brands":[{"id":431,"name":"Microtech","slug":"microtech"}],"_links":{"self":[{"href":"https:\/\/www.moskito.cz\/pl\/wp-json\/wp\/v2\/product\/210696","targetHints":{"allow":["GET"]}}],"collection":[{"href":"https:\/\/www.moskito.cz\/pl\/wp-json\/wp\/v2\/product"}],"about":[{"href":"https:\/\/www.moskito.cz\/pl\/wp-json\/wp\/v2\/types\/product"}],"replies":[{"embeddable":true,"href":"https:\/\/www.moskito.cz\/pl\/wp-json\/wp\/v2\/comments?post=210696"}],"wp:featuredmedia":[{"embeddable":true,"href":"https:\/\/www.moskito.cz\/pl\/wp-json\/wp\/v2\/media\/210697"}],"wp:attachment":[{"href":"https:\/\/www.moskito.cz\/pl\/wp-json\/wp\/v2\/media?parent=210696"}],"wp:term":[{"taxonomy":"pwb-brand","embeddable":true,"href":"https:\/\/www.moskito.cz\/pl\/wp-json\/wp\/v2\/pwb-brand?post=210696"},{"taxonomy":"product_brand","embeddable":true,"href":"https:\/\/www.moskito.cz\/pl\/wp-json\/wp\/v2\/product_brand?post=210696"},{"taxonomy":"product_cat","embeddable":true,"href":"https:\/\/www.moskito.cz\/pl\/wp-json\/wp\/v2\/product_cat?post=210696"},{"taxonomy":"product_tag","embeddable":true,"href":"https:\/\/www.moskito.cz\/pl\/wp-json\/wp\/v2\/product_tag?post=210696"}],"curies":[{"name":"wp","href":"https:\/\/api.w.org\/{rel}","templated":true}]}}