{"id":210899,"date":"2022-01-21T14:29:48","date_gmt":"2022-01-21T13:29:48","guid":{"rendered":"https:\/\/www.moskito.cz\/?post_type=product&#038;p=210899"},"modified":"2025-05-07T10:37:16","modified_gmt":"2025-05-07T09:37:16","slug":"zaviraci-nuz-magnum-boker-shiny-edc","status":"publish","type":"product","link":"https:\/\/www.moskito.cz\/pl\/produkt\/zaviraci-nuz-magnum-boker-shiny-edc\/","title":{"rendered":"Zav\u00edrac\u00ed N\u016f\u017e Magnum B\u00f6ker Shiny EDC"},"content":{"rendered":"<p>Extr\u00e9mn\u011b kompaktn\u00ed <strong>Magnum<\/strong> Shiny <strong>EDC<\/strong> m\u00e1 potenci\u00e1l st\u00e1t se va\u0161\u00edm absolutn\u011b obl\u00edben\u00fdm no\u017eem. Je mal\u00fd a \u0161t\u00edhl\u00fd, ale z\u00e1rove\u0148 velmi pevn\u00fd, m\u00e1 p\u0159\u00edjemn\u00fd vzhled, lze jej snadno p\u0159en\u00e1\u0161et a s lehkost\u00ed zvl\u00e1d\u00e1 ka\u017edodenn\u00ed st\u0159\u00edh\u00e1n\u00ed. Zku\u0161enosti ukazuj\u00ed, \u017ee pr\u00e1v\u011b tyto \u0161ikovn\u00e9 kapesn\u00ed no\u017ee se v rann\u00ed konkurenci prosazuj\u00ed proti mnoha, v\u011bt\u0161inou mnohem v\u011bt\u0161\u00edm no\u017e\u016fm a v\u017edy se vejdou do kapsy u kalhot. Le\u0161t\u011bn\u00e1 \u010depel z nerezov\u00e9 oceli 8Cr13MoV m\u00e1 vroubek na h\u0159eb\u00edk a dokonale lad\u00ed se \u0161upinami rukojeti, kter\u00e9 jsou rovn\u011b\u017e vyrobeny z le\u0161t\u011bn\u00e9 nerezov\u00e9 oceli. S praktick\u00fdm otvorem na \u0161\u0148\u016frku.<\/p>\n<p>Zav\u00edrac\u00ed N\u016f\u017e <strong>Magnum<\/strong> B\u00f6ker Shiny EDC:<\/p>\n<p>Typ polo\u017eky: kapesn\u00ed n\u016f\u017e<br \/>\nCelkov\u00e1 d\u00e9lka: 14 cm<br \/>\nD\u00e9lka \u010depele: 6 cm<br \/>\nS\u00edla \u010depele: 1,5 mm<br \/>\nHmotnost: 39 g<br \/>\nMateri\u00e1l \u010depele: 8Cr13MoV<br \/>\nMateri\u00e1l rukojeti: nerezov\u00e1 ocel<br \/>\nPomoc p\u0159i otev\u00edr\u00e1n\u00ed: nick na nehty<br \/>\nOtev\u00edrac\u00ed: Ru\u010dn\u011b<br \/>\nSpona: kluzn\u00fd spoj<br \/>\nBarva: st\u0159\u00edbrn\u00e1<br \/>\nBarva \u010depele: nepota\u017een\u00e9<br \/>\n\u010c\u00edslo polo\u017eky: 01SC086<\/p>\n<p>&nbsp;<\/p>\n<p>&nbsp;<\/p>\n","protected":false},"excerpt":{"rendered":"<p><strong>No\u017e\u00ed\u0159sk\u00e1 manufaktura B\u00f6ker se postupem \u010dasu vypracovala na glob\u00e1ln\u00edho inova\u010dn\u00edho l\u00eddra a nejv\u011bt\u0161\u00edho v\u00fdrobce sportovn\u00edch no\u017e\u016f, taktick\u00fdch no\u017e\u016f a sb\u011bratelsk\u00fdch no\u017e\u016f v Evrop\u011b.<\/strong><\/p>\n","protected":false},"featured_media":210900,"comment_status":"open","ping_status":"closed","template":"","meta":[],"pwb-brand":[140],"product_brand":[],"product_cat":[22,17],"product_tag":[3667],"class_list":{"0":"post-210899","1":"product","2":"type-product","3":"status-publish","4":"has-post-thumbnail","6":"pwb-brand-boker","7":"product_cat-zaviraci-noze","8":"product_cat-noze","9":"product_tag-b2b","11":"first","12":"instock","13":"taxable","14":"shipping-taxable","15":"purchasable","16":"product-type-simple"},"brands":[{"id":140,"name":"Boker","slug":"boker"}],"_links":{"self":[{"href":"https:\/\/www.moskito.cz\/pl\/wp-json\/wp\/v2\/product\/210899","targetHints":{"allow":["GET"]}}],"collection":[{"href":"https:\/\/www.moskito.cz\/pl\/wp-json\/wp\/v2\/product"}],"about":[{"href":"https:\/\/www.moskito.cz\/pl\/wp-json\/wp\/v2\/types\/product"}],"replies":[{"embeddable":true,"href":"https:\/\/www.moskito.cz\/pl\/wp-json\/wp\/v2\/comments?post=210899"}],"wp:featuredmedia":[{"embeddable":true,"href":"https:\/\/www.moskito.cz\/pl\/wp-json\/wp\/v2\/media\/210900"}],"wp:attachment":[{"href":"https:\/\/www.moskito.cz\/pl\/wp-json\/wp\/v2\/media?parent=210899"}],"wp:term":[{"taxonomy":"pwb-brand","embeddable":true,"href":"https:\/\/www.moskito.cz\/pl\/wp-json\/wp\/v2\/pwb-brand?post=210899"},{"taxonomy":"product_brand","embeddable":true,"href":"https:\/\/www.moskito.cz\/pl\/wp-json\/wp\/v2\/product_brand?post=210899"},{"taxonomy":"product_cat","embeddable":true,"href":"https:\/\/www.moskito.cz\/pl\/wp-json\/wp\/v2\/product_cat?post=210899"},{"taxonomy":"product_tag","embeddable":true,"href":"https:\/\/www.moskito.cz\/pl\/wp-json\/wp\/v2\/product_tag?post=210899"}],"curies":[{"name":"wp","href":"https:\/\/api.w.org\/{rel}","templated":true}]}}