{"id":211764,"date":"2022-02-22T21:36:06","date_gmt":"2022-02-22T20:36:06","guid":{"rendered":"https:\/\/www.moskito.cz\/?post_type=product&#038;p=211764"},"modified":"2025-05-07T10:37:32","modified_gmt":"2025-05-07T09:37:32","slug":"zaviraci-nuz-sog-ultra-xr-carbon-satin","status":"publish","type":"product","link":"https:\/\/www.moskito.cz\/pl\/produkt\/zaviraci-nuz-sog-ultra-xr-carbon-satin\/","title":{"rendered":"Zav\u00edrac\u00ed N\u016f\u017e SOG ULTRA XR &#8211; CARBON &#038; SATIN"},"content":{"rendered":"<p>Zav\u00edrac\u00ed N\u016f\u017e <strong>SOG<\/strong> ULTRA XR &#8211; CARBON &amp; SATIN<\/p>\n<p>S tlou\u0161\u0165kou 6,5 mm a hmotnost\u00ed pouh\u00fdch 34 gram\u016f se zav\u00edrac\u00ed n\u016f\u017e SOG Ultra XR vyzna\u010duje \u0161t\u00edhl\u00fdm designem a lehk\u00fdmi vysoce kvalitn\u00edmi materi\u00e1ly, v\u010detn\u011b \u010depele CRYO CPM S35VN z nerezov\u00e9 oceli a rukojeti z uhl\u00edkov\u00fdch vl\u00e1ken. Jeho XR Lock umo\u017e\u0148uje hladk\u00e9 oboustrann\u00e9 otev\u00edr\u00e1n\u00ed jednou rukou a bezpe\u010dn\u011b uzamkne \u010depel v otev\u0159en\u00e9m stavu. Titanov\u00fd kapesn\u00ed klip slou\u017e\u00ed z\u00e1rove\u0148 jako spona na pen\u00edze. Kapesn\u00ed n\u016f\u017e s ka\u017edodenn\u00ed spolehlivost\u00ed v ka\u017ed\u00e9 situaci.<\/p>\n<p>ODV\u00c1\u017dN\u00c9 EDC<br \/>\nAktualizac\u00ed designu Ultra C-Ti vylep\u0161uje Ultra XR funkci a pocit jednoho z nejleh\u010d\u00edch a nejschopn\u011bj\u0161\u00edch kapesn\u00edch no\u017e\u016f pro ka\u017edodenn\u00ed no\u0161en\u00ed pro m\u011bstsk\u00e9 pou\u017eit\u00ed. Navr\u017eeno od za\u010d\u00e1tku tak, aby vyhovovalo pot\u0159eb\u00e1m n\u00e1ro\u010dn\u00fdch u\u017eivatel\u016f, vyzna\u010duje se \u010dist\u00fdmi liniemi a pr\u00e9miov\u00fdmi materi\u00e1ly.<\/p>\n<p>CRYO CPM S35VN OCEL<br \/>\nTvrd\u00e1 a korozi odoln\u00e1 ocel, kter\u00e1 je kryogenn\u011b tepeln\u011b zpracov\u00e1na podle jedine\u010dn\u00fdch v\u00fdkonnostn\u00edch specifikac\u00ed SOG. \u010cepel CPM S35VN pota\u017een\u00e1 nitridem titanu poskytuje ide\u00e1ln\u00ed kombinaci ostrosti a hou\u017eevnatosti ost\u0159\u00ed pro n\u00e1ro\u010dn\u00e9 pou\u017eit\u00ed s \u200b\u200bminim\u00e1ln\u00ed \u00fadr\u017ebou.<\/p>\n<p>TITANIOV\u00c1 KAPSA\/PEN\u00cdZE KLIP<br \/>\nTenk\u00fd, minimalistick\u00fd design poskytuje super ploch\u00fd profil kapsy s kapesn\u00ed sponou, kter\u00e1 funguje jako spona na pen\u00edze.<\/p>\n<p>XR Z\u00c1MEK<br \/>\nSOG&#8217;s XR Lock\u00ae umo\u017e\u0148uje hladk\u00e9, kontrolovan\u00e9 otev\u00edr\u00e1n\u00ed jednou rukou, pokud je to ur\u010deno s otvorem pro palec nebo p\u0159idr\u017een\u00edm z\u00e1mku a vyta\u017een\u00edm \u010depele. Poskytuje maxim\u00e1ln\u00ed vestav\u011bn\u00e9 zabezpe\u010den\u00ed \u010depele p\u0159i otev\u0159en\u00ed, schopn\u00e9 odolat s\u00edle 250 liber.<\/p>\n<p>CELKOV\u00c1 D\u00c9LKA : 16 cm<br \/>\nD\u00c9LKA \u010cEPELE : 7 cm<br \/>\nOCELOV\u00dd TYP \u010cEPELE : CRYO S35VN<br \/>\nMATERI\u00c1L RUKOJETI : Uhl\u00edkov\u00e9 vl\u00e1kno<br \/>\nBARVA RUKOJETI : \u010cern\u00e1 (uhl\u00edkov\u00e9 vl\u00e1kno)<br \/>\nDOKON\u010cENI : Sat\u00e9n<br \/>\nUZAMYKAC\u00cd MECHANISMUS : XR<br \/>\nMECHANISMUS OTEV\u00cdR\u00c1N\u00cd : XR, otvor pro palec<\/p>\n<p><iframe title=\"Ultra XR\" width=\"800\" height=\"450\" src=\"https:\/\/www.youtube.com\/embed\/zgwjHXNRSeE?feature=oembed\" frameborder=\"0\" allow=\"accelerometer; autoplay; clipboard-write; encrypted-media; gyroscope; picture-in-picture\" allowfullscreen><\/iframe><\/p>\n<p>&nbsp;<\/p>\n","protected":false},"excerpt":{"rendered":"<p>A\u0165 u\u017e chr\u00e1n\u00edte ostatn\u00ed nebo vedete epickou loveckou expedici, \u0159e\u0161\u00edte jednu z ka\u017edodenn\u00edch \u017eivotn\u00edch v\u00fdzev nebo se pot\u00fdk\u00e1te se sv\u00fdmi dosud nejextr\u00e9mn\u011bj\u0161\u00edmi podm\u00ednkami, ud\u011blejte si cestu se SOG.<\/p>\n<p>Na v\u0161echny no\u017ee SOG d\u00e1v\u00e1me do\u017eivotn\u00ed z\u00e1ruku!<\/p>\n<p>Doprava zdarma.<\/p>\n","protected":false},"featured_media":211765,"comment_status":"open","ping_status":"closed","template":"","meta":[],"pwb-brand":[591],"product_brand":[],"product_cat":[22,17],"product_tag":[3667],"class_list":{"0":"post-211764","1":"product","2":"type-product","3":"status-publish","4":"has-post-thumbnail","6":"pwb-brand-sog","7":"product_cat-zaviraci-noze","8":"product_cat-noze","9":"product_tag-b2b","11":"first","12":"instock","13":"taxable","14":"shipping-taxable","15":"purchasable","16":"product-type-simple"},"brands":[{"id":591,"name":"SOG","slug":"sog"}],"_links":{"self":[{"href":"https:\/\/www.moskito.cz\/pl\/wp-json\/wp\/v2\/product\/211764","targetHints":{"allow":["GET"]}}],"collection":[{"href":"https:\/\/www.moskito.cz\/pl\/wp-json\/wp\/v2\/product"}],"about":[{"href":"https:\/\/www.moskito.cz\/pl\/wp-json\/wp\/v2\/types\/product"}],"replies":[{"embeddable":true,"href":"https:\/\/www.moskito.cz\/pl\/wp-json\/wp\/v2\/comments?post=211764"}],"wp:featuredmedia":[{"embeddable":true,"href":"https:\/\/www.moskito.cz\/pl\/wp-json\/wp\/v2\/media\/211765"}],"wp:attachment":[{"href":"https:\/\/www.moskito.cz\/pl\/wp-json\/wp\/v2\/media?parent=211764"}],"wp:term":[{"taxonomy":"pwb-brand","embeddable":true,"href":"https:\/\/www.moskito.cz\/pl\/wp-json\/wp\/v2\/pwb-brand?post=211764"},{"taxonomy":"product_brand","embeddable":true,"href":"https:\/\/www.moskito.cz\/pl\/wp-json\/wp\/v2\/product_brand?post=211764"},{"taxonomy":"product_cat","embeddable":true,"href":"https:\/\/www.moskito.cz\/pl\/wp-json\/wp\/v2\/product_cat?post=211764"},{"taxonomy":"product_tag","embeddable":true,"href":"https:\/\/www.moskito.cz\/pl\/wp-json\/wp\/v2\/product_tag?post=211764"}],"curies":[{"name":"wp","href":"https:\/\/api.w.org\/{rel}","templated":true}]}}