{"id":212059,"date":"2022-02-28T20:49:52","date_gmt":"2022-02-28T19:49:52","guid":{"rendered":"https:\/\/www.moskito.cz\/?post_type=product&#038;p=212059"},"modified":"2025-05-17T00:16:46","modified_gmt":"2025-05-16T23:16:46","slug":"pevny-nuz-giantmouse-gmf2-p-g","status":"publish","type":"product","link":"https:\/\/www.moskito.cz\/pl\/produkt\/pevny-nuz-giantmouse-gmf2-p-g\/","title":{"rendered":"Pevn\u00fd N\u016f\u017e GiantMouse GMF2-P-G"},"content":{"rendered":"<p>Pevn\u00fd N\u016f\u017e <strong>GiantMouse<\/strong> GMF2-P-G.<\/p>\n<p>Ans\u00f8 a Vox \u010derpali inspiraci pro design GMF2 a ko\u017een\u00e9 pouzdro ze stylu no\u017e\u016f, na kter\u00fdch vyrostli v D\u00e1nsku. Modern\u00ed pojet\u00ed star\u00e9 seversk\u00e9 pracovn\u00ed \u010depele.<\/p>\n<p>D\u00edky dokonale tvarovan\u00e9 rukojeti z micarty je tento design s pevnou \u010depel\u00ed pohodln\u00fd v ruce a odoln\u00fd v ter\u00e9nu. A\u0165 u\u017e hol\u00edte d\u0159evo na t\u00e1bor\u00e1k nebo \u0159e\u017eete lano do houpac\u00ed s\u00edt\u011b, GMF2 v\u00e1s nezklame. Ka\u017ed\u00fd GMF2 je dod\u00e1v\u00e1n s ru\u010dn\u011b vyroben\u00fdm ko\u017een\u00fdm pouzdrem navr\u017een\u00fdm Ans\u00f8 a Voxem speci\u00e1ln\u011b pro tento n\u016f\u017e.<\/p>\n<p>TECHNICK\u00c9 \u00daDAJE<\/p>\n<p>Materi\u00e1ly:<br \/>\n\u010cepel Ocel: Kobaltov\u00e1 vysoce v\u00fdkonn\u00e1 ocel Bohler N690. Kamenn\u00e1 povrchov\u00e1 \u00faprava PVD.<br \/>\nRukoje\u0165: Green Canvas Micarta.<br \/>\nPochva: Ko\u017een\u00fd styl Dangler \u2013 ru\u010dn\u011b vyr\u00e1b\u011bn\u00fd v It\u00e1lii.<\/p>\n<p>Rozm\u011bry:<br \/>\nD\u00e9lka \u010depele: 3,62&#8243; (92<br \/>\nmm) Tlou\u0161\u0165ka \u010depele: 0,157&#8243; (4 mm)<br \/>\nD\u00e9lka rukojeti: 4,43&#8243; (112,6 mm)<br \/>\nCelkov\u00e1 d\u00e9lka: 8,12&#8243; (206 mm)<br \/>\nHmotnost: 4,1 oz (116,23 g)<\/p>\n","protected":false},"excerpt":{"rendered":"<p>My\u0161lenka\u00a0<strong>GiantMouse<\/strong>\u00a0vznikla nad drinky jednoho ve\u010dera b\u011bhem americk\u00e9 show no\u017e\u016f v roce 2015. D\u00e1n\u0161t\u00ed design\u00e9\u0159i \/ no\u017e\u00ed\u0159i Jens Ans\u00f8 a Jesper Voxnaes (Vox) se spolu se sv\u00fdm americk\u00fdm podnikatelsk\u00fdm p\u0159\u00edtelem Jimem Wirthem rozhodli, \u017ee by mohli postavit lep\u0161\u00ed past na my\u0161i. mluvit. Zna\u010dka no\u017e\u016f, kter\u00e1 dok\u00e1\u017ee poskytnout \u00fa\u017easn\u00e9 designy no\u017e\u016f, s nejvy\u0161\u0161\u00ed mo\u017enou kvalitou v\u00fdroby, za f\u00e9rovou cenu a p\u0159itom z\u016fst\u00e1v\u00e1 \u00fazce zapojena do komunity sv\u00fdch z\u00e1kazn\u00edk\u016f.<\/p>\n<p><strong>Doprava zdarma.<\/strong><\/p>\n","protected":false},"featured_media":212061,"comment_status":"open","ping_status":"closed","template":"","meta":[],"pwb-brand":[3228],"product_brand":[],"product_cat":[23,17],"product_tag":[],"class_list":{"0":"post-212059","1":"product","2":"type-product","3":"status-publish","4":"has-post-thumbnail","6":"pwb-brand-giantmouse","7":"product_cat-pevne-noze","8":"product_cat-noze","10":"first","11":"outofstock","12":"taxable","13":"shipping-taxable","14":"purchasable","15":"product-type-simple"},"brands":[{"id":3228,"name":"GiantMouse","slug":"giantmouse"}],"_links":{"self":[{"href":"https:\/\/www.moskito.cz\/pl\/wp-json\/wp\/v2\/product\/212059","targetHints":{"allow":["GET"]}}],"collection":[{"href":"https:\/\/www.moskito.cz\/pl\/wp-json\/wp\/v2\/product"}],"about":[{"href":"https:\/\/www.moskito.cz\/pl\/wp-json\/wp\/v2\/types\/product"}],"replies":[{"embeddable":true,"href":"https:\/\/www.moskito.cz\/pl\/wp-json\/wp\/v2\/comments?post=212059"}],"wp:featuredmedia":[{"embeddable":true,"href":"https:\/\/www.moskito.cz\/pl\/wp-json\/wp\/v2\/media\/212061"}],"wp:attachment":[{"href":"https:\/\/www.moskito.cz\/pl\/wp-json\/wp\/v2\/media?parent=212059"}],"wp:term":[{"taxonomy":"pwb-brand","embeddable":true,"href":"https:\/\/www.moskito.cz\/pl\/wp-json\/wp\/v2\/pwb-brand?post=212059"},{"taxonomy":"product_brand","embeddable":true,"href":"https:\/\/www.moskito.cz\/pl\/wp-json\/wp\/v2\/product_brand?post=212059"},{"taxonomy":"product_cat","embeddable":true,"href":"https:\/\/www.moskito.cz\/pl\/wp-json\/wp\/v2\/product_cat?post=212059"},{"taxonomy":"product_tag","embeddable":true,"href":"https:\/\/www.moskito.cz\/pl\/wp-json\/wp\/v2\/product_tag?post=212059"}],"curies":[{"name":"wp","href":"https:\/\/api.w.org\/{rel}","templated":true}]}}