{"id":212378,"date":"2022-03-03T21:48:58","date_gmt":"2022-03-03T20:48:58","guid":{"rendered":"https:\/\/www.moskito.cz\/?post_type=product&#038;p=212378"},"modified":"2025-05-07T10:37:40","modified_gmt":"2025-05-07T09:37:40","slug":"sekera-sog-fasthawk-black","status":"publish","type":"product","link":"https:\/\/www.moskito.cz\/pl\/produkt\/sekera-sog-fasthawk-black\/","title":{"rendered":"Sekera SOG FASTHAWK &#8211; BLACK"},"content":{"rendered":"<p>Sekera <strong>SOG<\/strong> FASTHAWK &#8211; BLACK.<\/p>\n<p>SOG FastHawk je rychlej\u0161\u00ed, leh\u010d\u00ed, obratn\u011bj\u0161\u00ed a sn\u00e1ze se nos\u00ed ne\u017e jeho sourozenec Tactical Tomahawk. To neznamen\u00e1, \u017ee nen\u00ed st\u00e1le v\u00fdkonn\u00fd, v\u0161estrann\u00fd a funk\u010dn\u00ed. Je to n\u00e1stroj, kter\u00fd bude pou\u017eit mnohem v\u00edc, ne\u017e byste \u010dekali. Sek\u00e1n\u00ed, l\u00e1m\u00e1n\u00ed, \u0159ez\u00e1n\u00ed, zatlouk\u00e1n\u00ed, propichov\u00e1n\u00ed, kop\u00e1n\u00ed, p\u00e1\u010den\u00ed, tlu\u010den\u00ed, holen\u00ed, r\u00fdhov\u00e1n\u00ed, otev\u00edr\u00e1n\u00ed a h\u00e1zen\u00ed, to v\u0161e jsou schopnosti, kter\u00e9 m\u00e1 FastHawk na dosah. Hlava z nerezov\u00e9 oceli 420 s \u010dern\u00fdm povlakem z tvrd\u00e9ho pouzdra je p\u0159ipevn\u011bna k rukojeti z balistick\u00e9ho polymeru pomoc\u00ed odoln\u00fdch \u0161roub\u016f a ocelov\u00e9 obj\u00edmky, aby byla zaji\u0161t\u011bna ta nejsiln\u011bj\u0161\u00ed integrita. Bo\u010dn\u00ed klad\u00edvkov\u00e1 \u0161achovnice zaji\u0161\u0165uje p\u0159esn\u00e9 um\u00edst\u011bn\u00ed p\u0159i houp\u00e1n\u00ed. No\u0161eno v nylonov\u00e9m pouzd\u0159e, kter\u00e9 lze p\u0159ipevnit na opasek, batoh nebo v\u00fdstroj. Je to univerz\u00e1ln\u00ed n\u00e1stroj pro modern\u00edho mu\u017ee.<\/p>\n<p>CELKOV\u00c1 D\u00c9LKA : 31 cm<br \/>\nHMOTNOST PRODUKTU : 19,00 oz<br \/>\nD\u00c9LKA \u010cEPELE : 5 cm<br \/>\nTYP PRODUKTU : Sekera<br \/>\nDOKON\u010cENI : \u010cern\u00e1<br \/>\nTVRDOST : Rc. 51-53<br \/>\nOCELOV\u00dd TYP \u010cEPELE : 420 Nerez<br \/>\nMATERI\u00c1L RUKOJETI : Nylon vyztu\u017een\u00fd sklem<br \/>\nBARVA RUKOJETI : \u010cern\u00e1<br \/>\nV\u010cETN\u011a POUZDRA : Ano<br \/>\nBARVA PL\u00c1\u0160T\u011a : \u010cern\u00e1<br \/>\nMATERI\u00c1L PL\u00c1\u0160T\u011a : Balistick\u00fd nylon<\/p>\n","protected":false},"excerpt":{"rendered":"<p>A\u0165 u\u017e chr\u00e1n\u00edte ostatn\u00ed nebo vedete epickou loveckou expedici, \u0159e\u0161\u00edte jednu z ka\u017edodenn\u00edch \u017eivotn\u00edch v\u00fdzev nebo se pot\u00fdk\u00e1te se sv\u00fdmi dosud nejextr\u00e9mn\u011bj\u0161\u00edmi podm\u00ednkami, ud\u011blejte si cestu se SOG.<\/p>\n<p><strong>Na v\u0161echny no\u017ee SOG d\u00e1v\u00e1me do\u017eivotn\u00ed z\u00e1ruku!<\/strong><\/p>\n","protected":false},"featured_media":212379,"comment_status":"open","ping_status":"closed","template":"","meta":[],"pwb-brand":[591],"product_brand":[],"product_cat":[32],"product_tag":[3667],"class_list":{"0":"post-212378","1":"product","2":"type-product","3":"status-publish","4":"has-post-thumbnail","6":"pwb-brand-sog","7":"product_cat-sekery","8":"product_tag-b2b","10":"first","11":"instock","12":"taxable","13":"shipping-taxable","14":"purchasable","15":"product-type-simple"},"brands":[{"id":591,"name":"SOG","slug":"sog"}],"_links":{"self":[{"href":"https:\/\/www.moskito.cz\/pl\/wp-json\/wp\/v2\/product\/212378","targetHints":{"allow":["GET"]}}],"collection":[{"href":"https:\/\/www.moskito.cz\/pl\/wp-json\/wp\/v2\/product"}],"about":[{"href":"https:\/\/www.moskito.cz\/pl\/wp-json\/wp\/v2\/types\/product"}],"replies":[{"embeddable":true,"href":"https:\/\/www.moskito.cz\/pl\/wp-json\/wp\/v2\/comments?post=212378"}],"wp:featuredmedia":[{"embeddable":true,"href":"https:\/\/www.moskito.cz\/pl\/wp-json\/wp\/v2\/media\/212379"}],"wp:attachment":[{"href":"https:\/\/www.moskito.cz\/pl\/wp-json\/wp\/v2\/media?parent=212378"}],"wp:term":[{"taxonomy":"pwb-brand","embeddable":true,"href":"https:\/\/www.moskito.cz\/pl\/wp-json\/wp\/v2\/pwb-brand?post=212378"},{"taxonomy":"product_brand","embeddable":true,"href":"https:\/\/www.moskito.cz\/pl\/wp-json\/wp\/v2\/product_brand?post=212378"},{"taxonomy":"product_cat","embeddable":true,"href":"https:\/\/www.moskito.cz\/pl\/wp-json\/wp\/v2\/product_cat?post=212378"},{"taxonomy":"product_tag","embeddable":true,"href":"https:\/\/www.moskito.cz\/pl\/wp-json\/wp\/v2\/product_tag?post=212378"}],"curies":[{"name":"wp","href":"https:\/\/api.w.org\/{rel}","templated":true}]}}