{"id":212396,"date":"2022-03-03T22:18:02","date_gmt":"2022-03-03T21:18:02","guid":{"rendered":"https:\/\/www.moskito.cz\/?post_type=product&#038;p=212396"},"modified":"2025-11-07T22:46:15","modified_gmt":"2025-11-07T21:46:15","slug":"zaviraci-nuz-sog-keytron","status":"publish","type":"product","link":"https:\/\/www.moskito.cz\/pl\/produkt\/zaviraci-nuz-sog-keytron\/","title":{"rendered":"Zav\u00edrac\u00ed N\u016f\u017e SOG KEYTRON"},"content":{"rendered":"<p>Zav\u00edrac\u00ed N\u016f\u017e <strong>SOG<\/strong> KEYTRON.<\/p>\n<p>Pot\u0159ebujete slo\u017eku na cest\u00e1ch? KeyTron je zav\u00edrac\u00ed n\u016f\u017e, kter\u00fd se hod\u00ed p\u0159esn\u011b ke v\u0161emu na va\u0161\u00ed kl\u00ed\u010dence! Tato ru\u010dn\u00ed slo\u017eka obsahuje 1,8palcovou \u010depel na tenk\u00e9, lehk\u00e9 rukojeti. Dod\u00e1v\u00e1 se tak\u00e9 s otv\u00edr\u00e1kem na l\u00e1hve a m\u00e1 vlastn\u00ed kl\u00ed\u010denku, kter\u00e1 se otev\u00edr\u00e1 jednoduchou z\u00e1padkou. S KeyTronem budete m\u00edt kapesn\u00ed n\u016f\u017e stejn\u011b po ruce jako kl\u00ed\u010de od auta.<\/p>\n<p>Celkov\u00e1 d\u00e9lka: 13,46 cm<br \/>\nD\u00e9lka \u010depele: 4,75 cm<br \/>\nD\u00e9lka zav\u0159en\u00e9ho no\u017ee: 8,89 cm<br \/>\nMateri\u00e1l \u010depele: 5Cr15MoV<br \/>\nTvrdost: RC. 54-56<br \/>\nHmotnost: 36,86 g<br \/>\nMateri\u00e1l rukojeti: Nerezov\u00e1 ocel<\/p>\n","protected":false},"excerpt":{"rendered":"<p>A\u0165 u\u017e chr\u00e1n\u00edte ostatn\u00ed nebo vedete epickou loveckou expedici, \u0159e\u0161\u00edte jednu z ka\u017edodenn\u00edch \u017eivotn\u00edch v\u00fdzev nebo se pot\u00fdk\u00e1te se sv\u00fdmi dosud nejextr\u00e9mn\u011bj\u0161\u00edmi podm\u00ednkami, ud\u011blejte si cestu se\u00a0<strong>SOG<\/strong>.<\/p>\n<p><strong>Na v\u0161echny no\u017ee SOG d\u00e1v\u00e1me do\u017eivotn\u00ed z\u00e1ruku!<\/strong><\/p>\n","protected":false},"featured_media":212397,"comment_status":"open","ping_status":"closed","template":"","meta":[],"pwb-brand":[591],"product_brand":[],"product_cat":[22,17],"product_tag":[3667],"class_list":{"0":"post-212396","1":"product","2":"type-product","3":"status-publish","4":"has-post-thumbnail","6":"pwb-brand-sog","7":"product_cat-zaviraci-noze","8":"product_cat-noze","9":"product_tag-b2b","11":"first","12":"outofstock","13":"taxable","14":"shipping-taxable","15":"purchasable","16":"product-type-simple"},"brands":[{"id":591,"name":"SOG","slug":"sog"}],"_links":{"self":[{"href":"https:\/\/www.moskito.cz\/pl\/wp-json\/wp\/v2\/product\/212396","targetHints":{"allow":["GET"]}}],"collection":[{"href":"https:\/\/www.moskito.cz\/pl\/wp-json\/wp\/v2\/product"}],"about":[{"href":"https:\/\/www.moskito.cz\/pl\/wp-json\/wp\/v2\/types\/product"}],"replies":[{"embeddable":true,"href":"https:\/\/www.moskito.cz\/pl\/wp-json\/wp\/v2\/comments?post=212396"}],"wp:featuredmedia":[{"embeddable":true,"href":"https:\/\/www.moskito.cz\/pl\/wp-json\/wp\/v2\/media\/212397"}],"wp:attachment":[{"href":"https:\/\/www.moskito.cz\/pl\/wp-json\/wp\/v2\/media?parent=212396"}],"wp:term":[{"taxonomy":"pwb-brand","embeddable":true,"href":"https:\/\/www.moskito.cz\/pl\/wp-json\/wp\/v2\/pwb-brand?post=212396"},{"taxonomy":"product_brand","embeddable":true,"href":"https:\/\/www.moskito.cz\/pl\/wp-json\/wp\/v2\/product_brand?post=212396"},{"taxonomy":"product_cat","embeddable":true,"href":"https:\/\/www.moskito.cz\/pl\/wp-json\/wp\/v2\/product_cat?post=212396"},{"taxonomy":"product_tag","embeddable":true,"href":"https:\/\/www.moskito.cz\/pl\/wp-json\/wp\/v2\/product_tag?post=212396"}],"curies":[{"name":"wp","href":"https:\/\/api.w.org\/{rel}","templated":true}]}}