{"id":212453,"date":"2022-03-04T21:24:15","date_gmt":"2022-03-04T20:24:15","guid":{"rendered":"https:\/\/www.moskito.cz\/?post_type=product&#038;p=212453"},"modified":"2025-05-07T10:37:41","modified_gmt":"2025-05-07T09:37:41","slug":"pevny-nuz-heretic-knives-nephilim-black-green-h003-2a-grn","status":"publish","type":"product","link":"https:\/\/www.moskito.cz\/pl\/produkt\/pevny-nuz-heretic-knives-nephilim-black-green-h003-2a-grn\/","title":{"rendered":"Pevn\u00fd N\u016f\u017e Heretic Knives Nephilim H003-2A-BLKGRN"},"content":{"rendered":"<p>Pevn\u00fd N\u016f\u017e <strong>Heretic Knives<\/strong> Nephilim H003-2A-BLKGRN<\/p>\n<p>Nes\u010detn\u00e9 hodiny tr\u00e1v\u00edme navrhov\u00e1n\u00edm, konstrukc\u00ed a v\u00fdrobou na\u0161ich no\u017e\u016f, abychom zajistili, \u017ee kone\u010dn\u00fd produkt bude m\u00edt dlouhou \u017eivotnost a nad\u010dasov\u00fd design. Zavazujeme se, \u017ee ka\u017ed\u00fd n\u016f\u017e, kter\u00fd opust\u00ed na\u0161e za\u0159\u00edzen\u00ed, je dokonal\u00fdm um\u011bleck\u00fdm d\u00edlem, kter\u00e9 ur\u010dit\u011b ud\u011bl\u00e1 dojem!<\/p>\n<p>V\u0161echny na\u0161e no\u017ee jsou vyrobeny v USA a my to tak zachov\u00e1me. Kdy\u017e si koup\u00edte n\u011bkter\u00fd z na\u0161ich no\u017e\u016f, m\u016f\u017eete m\u00edt d\u016fv\u011bru ve sv\u016fj n\u00e1stroj s v\u011bdom\u00edm, \u017ee je podporov\u00e1n americkou spole\u010dnost\u00ed. Na\u0161e no\u017ee jsou vyr\u00e1b\u011bny v mal\u00fdch s\u00e9ri\u00edch, abychom zajistili, \u017ee dostanete kvalitn\u00ed n\u016f\u017e, kter\u00e9mu se nev\u011bnuje pozornost, kterou jin\u00e9 s\u00e9riov\u011b vyr\u00e1b\u011bn\u00e9 no\u017ee nedost\u00e1vaj\u00ed.<\/p>\n<p>Celkov\u00e1 d\u00edlka : 30 cm<br \/>\n\u010cepel: 16 cm Elmax, Dagger, Stonewash<br \/>\nTlou\u0161\u0165ka \u010depele: 0.5 cm<br \/>\nRukoje\u0165: zelen\u00e1\/\u010dern\u00e1 G10<br \/>\nHmotnost: 8 oz.<br \/>\nTyp: Pevn\u00e1 \u010depel<br \/>\nVyrobeno v USA<\/p>\n<p><iframe title=\"Heretic Shop Video\" width=\"800\" height=\"450\" src=\"https:\/\/www.youtube.com\/embed\/7qUL5q7Cvgo?feature=oembed\" frameborder=\"0\" allow=\"accelerometer; autoplay; clipboard-write; encrypted-media; gyroscope; picture-in-picture; web-share\" referrerpolicy=\"strict-origin-when-cross-origin\" allowfullscreen><\/iframe><\/p>\n<p>&nbsp;<\/p>\n","protected":false},"excerpt":{"rendered":"<p>V\u0161echny na\u0161e no\u017ee jsou vyrobeny v USA a my to tak zachov\u00e1me. Kdy\u017e si koup\u00edte n\u011bkter\u00fd z na\u0161ich no\u017e\u016f, m\u016f\u017eete m\u00edt d\u016fv\u011bru ve sv\u016fj n\u00e1stroj s v\u011bdom\u00edm, \u017ee je podporov\u00e1n americkou spole\u010dnost\u00ed. Na\u0161e no\u017ee jsou vyr\u00e1b\u011bny v mal\u00fdch s\u00e9ri\u00edch, abychom zajistili, \u017ee dostanete kvalitn\u00ed n\u016f\u017e, kter\u00e9mu se v\u011bnuje pozornost, kterou jin\u00e9 s\u00e9riov\u011b vyr\u00e1b\u011bn\u00e9 no\u017ee nedost\u00e1vaj\u00ed.<\/p>\n<p><strong>Doprava zdarma.<\/strong><\/p>\n","protected":false},"featured_media":212454,"comment_status":"open","ping_status":"closed","template":"","meta":[],"pwb-brand":[318],"product_brand":[],"product_cat":[23,17],"product_tag":[],"class_list":{"0":"post-212453","1":"product","2":"type-product","3":"status-publish","4":"has-post-thumbnail","6":"pwb-brand-heretic-knives","7":"product_cat-pevne-noze","8":"product_cat-noze","10":"first","11":"outofstock","12":"taxable","13":"shipping-taxable","14":"purchasable","15":"product-type-simple"},"brands":[{"id":318,"name":"Heretic Knives","slug":"heretic-knives"}],"_links":{"self":[{"href":"https:\/\/www.moskito.cz\/pl\/wp-json\/wp\/v2\/product\/212453","targetHints":{"allow":["GET"]}}],"collection":[{"href":"https:\/\/www.moskito.cz\/pl\/wp-json\/wp\/v2\/product"}],"about":[{"href":"https:\/\/www.moskito.cz\/pl\/wp-json\/wp\/v2\/types\/product"}],"replies":[{"embeddable":true,"href":"https:\/\/www.moskito.cz\/pl\/wp-json\/wp\/v2\/comments?post=212453"}],"wp:featuredmedia":[{"embeddable":true,"href":"https:\/\/www.moskito.cz\/pl\/wp-json\/wp\/v2\/media\/212454"}],"wp:attachment":[{"href":"https:\/\/www.moskito.cz\/pl\/wp-json\/wp\/v2\/media?parent=212453"}],"wp:term":[{"taxonomy":"pwb-brand","embeddable":true,"href":"https:\/\/www.moskito.cz\/pl\/wp-json\/wp\/v2\/pwb-brand?post=212453"},{"taxonomy":"product_brand","embeddable":true,"href":"https:\/\/www.moskito.cz\/pl\/wp-json\/wp\/v2\/product_brand?post=212453"},{"taxonomy":"product_cat","embeddable":true,"href":"https:\/\/www.moskito.cz\/pl\/wp-json\/wp\/v2\/product_cat?post=212453"},{"taxonomy":"product_tag","embeddable":true,"href":"https:\/\/www.moskito.cz\/pl\/wp-json\/wp\/v2\/product_tag?post=212453"}],"curies":[{"name":"wp","href":"https:\/\/api.w.org\/{rel}","templated":true}]}}