{"id":212491,"date":"2022-03-04T23:00:18","date_gmt":"2022-03-04T22:00:18","guid":{"rendered":"https:\/\/www.moskito.cz\/?post_type=product&#038;p=212491"},"modified":"2025-05-07T10:37:42","modified_gmt":"2025-05-07T09:37:42","slug":"heretic-knives-tool-kit-8-bits-included-h995","status":"publish","type":"product","link":"https:\/\/www.moskito.cz\/pl\/produkt\/heretic-knives-tool-kit-8-bits-included-h995\/","title":{"rendered":"Heretic Knives Tool Kit, 8 Bits Included &#8211; H995"},"content":{"rendered":"<p><strong>Heretic Knives<\/strong> Tool Kit, 8 Bits Included &#8211; H995.<\/p>\n<p>Sada n\u00e1\u0159ad\u00ed \u2013 zelen\u00e1 nerez s bronzov\u00fdm uz\u00e1v\u011brem<\/p>\n<p>P\u0159edstavujeme Heretic Tool Kit \u2013 tato sada obsahuje zelen\u00fd una\u0161e\u010d z nerezov\u00e9 oceli s bronzov\u00fdm hlubok\u00fdm ryt\u00fdm uz\u00e1v\u011brem a tak\u00e9 8 vym\u011bniteln\u00fdmi bity, kter\u00e9 zahrnuj\u00ed v\u0161echny modely no\u017e\u016f Heretic. Tyto bity zahrnuj\u00ed bity Hex a Torx r\u016fzn\u00fdch velikost\u00ed a umo\u017en\u00ed v\u00e1m udr\u017eovat ka\u017ed\u00fd n\u016f\u017e Heretic, stejn\u011b jako mnoho dal\u0161\u00edch. V dut\u00e9 rukojeti je dostatek m\u00edsta pro va\u0161e nejpou\u017e\u00edvan\u011bj\u0161\u00ed dva bity. Hrd\u011b vyrobeno v USA.<\/p>\n<p><iframe title=\"Heretic Shop Video\" width=\"800\" height=\"450\" src=\"https:\/\/www.youtube.com\/embed\/7qUL5q7Cvgo?feature=oembed\" frameborder=\"0\" allow=\"accelerometer; autoplay; clipboard-write; encrypted-media; gyroscope; picture-in-picture; web-share\" referrerpolicy=\"strict-origin-when-cross-origin\" allowfullscreen><\/iframe><\/p>\n<p>&nbsp;<\/p>\n","protected":false},"excerpt":{"rendered":"<p>V\u0161echny na\u0161e no\u017ee jsou vyrobeny v USA a my to tak zachov\u00e1me. Kdy\u017e si koup\u00edte n\u011bkter\u00fd z na\u0161ich no\u017e\u016f, m\u016f\u017eete m\u00edt d\u016fv\u011bru ve sv\u016fj n\u00e1stroj s v\u011bdom\u00edm, \u017ee je podporov\u00e1n americkou spole\u010dnost\u00ed. Na\u0161e no\u017ee jsou vyr\u00e1b\u011bny v mal\u00fdch s\u00e9ri\u00edch, abychom zajistili, \u017ee dostanete kvalitn\u00ed n\u016f\u017e, kter\u00e9mu se nev\u011bnuje pozornost, kterou jin\u00e9 s\u00e9riov\u011b vyr\u00e1b\u011bn\u00e9 no\u017ee nedost\u00e1vaj\u00ed.<\/p>\n<p><strong>Doprava zdarma.<\/strong><\/p>\n","protected":false},"featured_media":212492,"comment_status":"open","ping_status":"closed","template":"","meta":[],"pwb-brand":[318],"product_brand":[],"product_cat":[2019,17],"product_tag":[],"class_list":{"0":"post-212491","1":"product","2":"type-product","3":"status-publish","4":"has-post-thumbnail","6":"pwb-brand-heretic-knives","7":"product_cat-vystrelovaci-noze","8":"product_cat-noze","10":"first","11":"outofstock","12":"taxable","13":"shipping-taxable","14":"purchasable","15":"product-type-simple"},"brands":[{"id":318,"name":"Heretic Knives","slug":"heretic-knives"}],"_links":{"self":[{"href":"https:\/\/www.moskito.cz\/pl\/wp-json\/wp\/v2\/product\/212491","targetHints":{"allow":["GET"]}}],"collection":[{"href":"https:\/\/www.moskito.cz\/pl\/wp-json\/wp\/v2\/product"}],"about":[{"href":"https:\/\/www.moskito.cz\/pl\/wp-json\/wp\/v2\/types\/product"}],"replies":[{"embeddable":true,"href":"https:\/\/www.moskito.cz\/pl\/wp-json\/wp\/v2\/comments?post=212491"}],"wp:featuredmedia":[{"embeddable":true,"href":"https:\/\/www.moskito.cz\/pl\/wp-json\/wp\/v2\/media\/212492"}],"wp:attachment":[{"href":"https:\/\/www.moskito.cz\/pl\/wp-json\/wp\/v2\/media?parent=212491"}],"wp:term":[{"taxonomy":"pwb-brand","embeddable":true,"href":"https:\/\/www.moskito.cz\/pl\/wp-json\/wp\/v2\/pwb-brand?post=212491"},{"taxonomy":"product_brand","embeddable":true,"href":"https:\/\/www.moskito.cz\/pl\/wp-json\/wp\/v2\/product_brand?post=212491"},{"taxonomy":"product_cat","embeddable":true,"href":"https:\/\/www.moskito.cz\/pl\/wp-json\/wp\/v2\/product_cat?post=212491"},{"taxonomy":"product_tag","embeddable":true,"href":"https:\/\/www.moskito.cz\/pl\/wp-json\/wp\/v2\/product_tag?post=212491"}],"curies":[{"name":"wp","href":"https:\/\/api.w.org\/{rel}","templated":true}]}}