{"id":213488,"date":"2022-03-30T21:47:35","date_gmt":"2022-03-30T20:47:35","guid":{"rendered":"https:\/\/www.moskito.cz\/?post_type=product&#038;p=213488"},"modified":"2025-05-07T10:37:53","modified_gmt":"2025-05-07T09:37:53","slug":"vystrelovaci-nuz-microtech-utx-70-149-10ap","status":"publish","type":"product","link":"https:\/\/www.moskito.cz\/pl\/produkt\/vystrelovaci-nuz-microtech-utx-70-149-10ap\/","title":{"rendered":"Vyst\u0159elovac\u00ed N\u016f\u017e Microtech UTX-70 149-10AP"},"content":{"rendered":"<p>Vyst\u0159elovac\u00ed N\u016f\u017e <strong>Microtech<\/strong> UTX-70 149-10AP<\/p>\n<p>UTX-70 je perfektn\u00ed kombinac\u00ed kompaktn\u00ed velikosti a velk\u00e9ho v\u00fdkonu. P\u0159i velikosti 70 % Ultratech je UTX-70 vyroben ze stejn\u00e9ho materi\u00e1lu, na stejn\u00fdch stroj\u00edch a se stejnou vynal\u00e9zavost\u00ed jako jeho p\u0159edch\u016fdce. UTX-70 je perfektn\u00ed n\u016f\u017e pro v\u0161echny situace, bez ohledu na to, jak\u00fd \u00fakol \u0159e\u017eete, bude se hladce propojovat s va\u0161\u00edm \u017eivotn\u00edm stylem. D\u00edky rychl\u00e9mu otev\u00edr\u00e1n\u00ed a zav\u00edr\u00e1n\u00ed jednou rukou zvl\u00e1dne pr\u00e1ci b\u011bhem n\u011bkolika sekund. UTX-70 m\u00e1 mnoho dostupn\u00fdch mo\u017enost\u00ed, jako jsou styly \u010depele s jednoduch\u00fdm ost\u0159\u00edm, dvojit\u00fdm ost\u0159\u00edm nebo tanto. K dispozici je tak\u00e9 hlin\u00edkov\u00e1 horn\u00ed deska, \u010dern\u00e1 deska z uhl\u00edkov\u00fdch vl\u00e1ken nebo horn\u00ed deska z platinov\u00fdch uhl\u00edkov\u00fdch vl\u00e1ken. Vybaven\u00fd oboustrann\u00fdm kapesn\u00edm klipem a kompaktn\u00ed velikost\u00ed, je to perfektn\u00ed volba pro ka\u017edodenn\u00ed pou\u017eit\u00ed a no\u0161en\u00ed.<\/p>\n<p>Vezm\u011bte pros\u00edm na v\u011bdom\u00ed, \u017ee ocel \u010depele nelze specifikovat, proto\u017ee se m\u016f\u017ee m\u011bnit v z\u00e1vislosti na dostupnosti (informace od Microtech)<br \/>\nStyl \u010depele: Tanto<br \/>\n6061-T6 AL Alloy, Black Mil-Spec Hard Coat Anodized<br \/>\nMateri\u00e1l rukojeti: hlin\u00edk<\/p>\n<p>Celkov\u00e1 d\u00e9lka: 14.07 cm<br \/>\nD\u00e9lka \u010depele: 6.02 cm<br \/>\nTlou\u0161\u0165ka \u010depele: 0,2 cm<br \/>\nMateri\u00e1l \u010depele: Bohler M390<br \/>\nTvrdost: 59-60 \u00b0 RC<br \/>\nStyl \u010depel\u00ed: Drop Point<br \/>\nB\u0159itov\u00e9 desti\u010dky: Ploch\u00e9<br \/>\nD\u00e9lka rukojeti: 8.05 cm<br \/>\nTlou\u0161\u0165ka rukojeti: 0,8 cm<\/p>\n<p>&nbsp;<\/p>\n<p>The UTX-70 is the perfect combination of compact size and big performance. At 70% the size of the Ultratech, the UTX-70 is manufactured with the same material, on the same machines, and with the same ingenuity, as its predecessor. The UTX-70 is the perfect knife for all situations, no matter what your cutting task it will mesh seamlessly with your life style. With its quick one-handed open and close action, it gets the job done in seconds. The UTX-70 has many available options such as: single edge, double edge or tanto blade styles. Also available are an aluminum top, black carbon fiber top, or a platinum carbon fiber top. Equipped with an ambidextrous pocket clip, and compact size, this is the perfect choice for everyday use and carry.<\/p>\n<p>Specifications<br \/>\nAction: Double Action &#8211; Auto Fire\/Auto Retract<br \/>\nThickness: 0.125&#8243;<br \/>\nBlade Length: 3.0&#8243;<br \/>\nPlease note, blade steel cannot be specified as it can change depending on availability (information from Microtech)<br \/>\nBlade Style: Tanto<br \/>\nChassis: 6061-T6 AL Alloy, Black Mil-Spec Hard Coat Anodized<br \/>\nHandle Material: Aluminum<br \/>\nHandle Thickness: 0.46&#8243;<br \/>\nClosed Length: 4.38&#8243;<br \/>\nOverall Length: 7.38&#8243;<br \/>\nPocket Clip: 301 Stainless Steel<br \/>\nStandard Top: 6061-T6 AL Alloy<br \/>\nTrigger: 303 Stainless Steel<br \/>\nWeight: 2.8 oz.<br \/>\nMade in the USA<\/p>\n<p>&nbsp;<\/p>\n","protected":false},"excerpt":{"rendered":"<p>V pr\u016fb\u011bhu let\u00a0<strong>Microtech\u00ae Knives<\/strong>\u00a0naplnil v\u00e1\u0161n\u00ed a dovednost\u00ed v\u00fdrobu no\u017e\u016f, a\u017e z nich vytvo\u0159il t\u00e9m\u011b\u0159 um\u011bleck\u00e1 d\u00edla,kter\u00e9 jsou vrcholem funk\u010dnosti.V\u0161echny d\u00edly jsou vyrobeny v USA.<br \/>\n<strong>Na v\u0161echny no\u017ee Microtech je do\u017eivotn\u00ed z\u00e1ruka.<\/strong><\/p>\n<p><strong>Doprava zdarma.<\/strong><\/p>\n","protected":false},"featured_media":213489,"comment_status":"open","ping_status":"closed","template":"","meta":[],"pwb-brand":[431],"product_brand":[],"product_cat":[2019,17],"product_tag":[3667],"class_list":{"0":"post-213488","1":"product","2":"type-product","3":"status-publish","4":"has-post-thumbnail","6":"pwb-brand-microtech","7":"product_cat-vystrelovaci-noze","8":"product_cat-noze","9":"product_tag-b2b","11":"first","12":"outofstock","13":"taxable","14":"shipping-taxable","15":"purchasable","16":"product-type-simple"},"brands":[{"id":431,"name":"Microtech","slug":"microtech"}],"_links":{"self":[{"href":"https:\/\/www.moskito.cz\/pl\/wp-json\/wp\/v2\/product\/213488","targetHints":{"allow":["GET"]}}],"collection":[{"href":"https:\/\/www.moskito.cz\/pl\/wp-json\/wp\/v2\/product"}],"about":[{"href":"https:\/\/www.moskito.cz\/pl\/wp-json\/wp\/v2\/types\/product"}],"replies":[{"embeddable":true,"href":"https:\/\/www.moskito.cz\/pl\/wp-json\/wp\/v2\/comments?post=213488"}],"wp:featuredmedia":[{"embeddable":true,"href":"https:\/\/www.moskito.cz\/pl\/wp-json\/wp\/v2\/media\/213489"}],"wp:attachment":[{"href":"https:\/\/www.moskito.cz\/pl\/wp-json\/wp\/v2\/media?parent=213488"}],"wp:term":[{"taxonomy":"pwb-brand","embeddable":true,"href":"https:\/\/www.moskito.cz\/pl\/wp-json\/wp\/v2\/pwb-brand?post=213488"},{"taxonomy":"product_brand","embeddable":true,"href":"https:\/\/www.moskito.cz\/pl\/wp-json\/wp\/v2\/product_brand?post=213488"},{"taxonomy":"product_cat","embeddable":true,"href":"https:\/\/www.moskito.cz\/pl\/wp-json\/wp\/v2\/product_cat?post=213488"},{"taxonomy":"product_tag","embeddable":true,"href":"https:\/\/www.moskito.cz\/pl\/wp-json\/wp\/v2\/product_tag?post=213488"}],"curies":[{"name":"wp","href":"https:\/\/api.w.org\/{rel}","templated":true}]}}